{"id":2940,"date":"2022-06-29T09:41:37","date_gmt":"2022-06-29T09:41:37","guid":{"rendered":"https:\/\/shop.mlm-engineering.com\/?page_id=2940"},"modified":"2022-06-29T09:45:58","modified_gmt":"2022-06-29T09:45:58","slug":"dostava","status":"publish","type":"page","link":"https:\/\/shop.mlm-engineering.com\/zh\/dostava\/","title":{"rendered":"\u9001\u8d27"},"content":{"rendered":"<div data-elementor-type=\"wp-page\" data-elementor-id=\"2940\" class=\"elementor elementor-2940\">\n\t\t\t\t\t\t<div class=\"elementor-inner\">\n\t\t\t\t<div class=\"elementor-section-wrap\">\n\t\t\t\t\t\t\t\t\t<section class=\"elementor-section elementor-top-section elementor-element elementor-element-676f2f3 elementor-section-boxed elementor-section-height-default elementor-section-height-default\" data-id=\"676f2f3\" data-element_type=\"section\" data-settings=\"{&quot;background_background&quot;:&quot;classic&quot;}\">\n\t\t\t\t\t\t<div class=\"elementor-container elementor-column-gap-default\">\n\t\t\t\t\t\t\t<div class=\"elementor-row\">\n\t\t\t\t\t<div class=\"elementor-column elementor-col-100 elementor-top-column elementor-element elementor-element-cda71a6\" data-id=\"cda71a6\" data-element_type=\"column\">\n\t\t\t<div class=\"elementor-column-wrap elementor-element-populated\">\n\t\t\t\t\t\t\t<div class=\"elementor-widget-wrap\">\n\t\t\t\t\t\t<div class=\"elementor-element elementor-element-53e4b40 elementor-widget elementor-widget-heading\" data-id=\"53e4b40\" data-element_type=\"widget\" data-widget_type=\"heading.default\">\n\t\t\t\t<div class=\"elementor-widget-container\">\n\t\t\t<h2 class=\"elementor-heading-title elementor-size-default\">\u9001\u8d27<\/h2>\t\t<\/div>\n\t\t\t\t<\/div>\n\t\t\t\t<div class=\"elementor-element elementor-element-347831f elementor-widget elementor-widget-text-editor\" data-id=\"347831f\" data-element_type=\"widget\" data-widget_type=\"text-editor.default\">\n\t\t\t\t<div class=\"elementor-widget-container\">\n\t\t\t\t\t\t\t\t<div class=\"elementor-text-editor elementor-clearfix\">\n\t\t\t\t<p style=\"font-size: 15px; font-style: normal; font-weight: 400; margin-bottom: 1.6em; font-family: Poppins, sans-serif; font-variant-ligatures: normal; font-variant-caps: normal;\">\u6295\u6807\u4eba\u5e94\u5728\u7ea6\u5b9a\u7684\u65f6\u95f4\u5185\u4ea4\u4ed8\u8d27\u7269\u6216\u670d\u52a1\u3002<\/p><p style=\"font-size: 15px; font-style: normal; font-weight: 400; margin-bottom: 1.6em; font-family: Poppins, sans-serif; font-variant-ligatures: normal; font-variant-caps: normal;\">Po\u0161ta Slovenije \u662f\u90ae\u5305\u9012\u9001\u7684\u5408\u540c\u5408\u4f5c\u4f19\u4f34\uff0c\u4f46\u6295\u6807\u65b9\u4fdd\u7559\u9009\u62e9\u5176\u4ed6\u9012\u9001\u670d\u52a1\u7684\u6743\u5229\uff0c\u5982\u679c\u8fd9\u6837\u80fd\u66f4\u6709\u6548\u5730\u5b8c\u6210\u8ba2\u5355\u7684\u8bdd\u3002<\/p><p style=\"font-size: 15px; font-style: normal; font-weight: 400; margin-bottom: 1.6em; font-family: Poppins, sans-serif; font-variant-ligatures: normal; font-variant-caps: normal;\">\u9001\u8d27\u548c\u5305\u88c5\u8d39\u5c06\u5728\u8ba2\u5355\u7ed3\u675f\u65f6\u4f5c\u4e3a\u53d1\u7968\u4e0a\u7684\u65b0\u9879\u76ee\u5411\u5ba2\u6237\u6536\u53d6\u3002\u5bf9\u4e8e\u8d85\u8fc7\u4e00\u5b9a\u4ef7\u503c\u7684\u8ba2\u5355\uff0c\u5305\u88c5\u548c\u9001\u8d27\u5747\u514d\u8d39\u3002<\/p><p style=\"font-size: 15px; font-style: normal; font-weight: 400; margin-bottom: 1.6em; font-family: Poppins, sans-serif; font-variant-ligatures: normal; font-variant-caps: normal;\"><span style=\"font-size: 15px; font-weight: 700;\">\u4ea4\u8d27\u65f6\u95f4<\/span><\/p><p style=\"font-size: 15px; font-style: normal; font-weight: 400; margin-bottom: 1.6em; font-family: Poppins, sans-serif; font-variant-ligatures: normal; font-variant-caps: normal;\">\u5bf9\u4e8e\u6709\u5e93\u5b58\u7684\u4ea7\u54c1\uff0c\u9001\u8d27\u65f6\u95f4\u4e3a 5-7 \u4e2a\u5de5\u4f5c\u65e5\uff0c\u4f46\u901a\u5e38\u5f53\u5929\u53d1\u8d27\uff0c\u4e0b\u4e00\u4e2a\u5de5\u4f5c\u65e5\u9001\u8fbe\u3002\u5bf9\u4e8e\u65e0\u5e93\u5b58\u7684\u4ea7\u54c1\uff0c\u9001\u8d27\u65f6\u95f4\u4e3a\u6536\u5230\u8ba2\u5355\u540e\u7684 15 \u4e2a\u5de5\u4f5c\u65e5\uff08\u901a\u5e38\u6700\u957f\u4e3a 7 \u5929\uff09\u3002\u5982\u679c\u9001\u8d27\u65f6\u95f4\u8f83\u957f\uff0c\u6211\u4eec\u4f1a\u901a\u8fc7\u7535\u5b50\u90ae\u4ef6\u6216\u7535\u8bdd\u901a\u77e5\u60a8\u9001\u8d27\u65f6\u95f4\u3002<\/p>\t\t\t\t\t<\/div>\n\t\t\t\t\t\t<\/div>\n\t\t\t\t<\/div>\n\t\t\t\t\t\t<\/div>\n\t\t\t\t\t<\/div>\n\t\t<\/div>\n\t\t\t\t\t\t\t\t<\/div>\n\t\t\t\t\t<\/div>\n\t\t<\/section>\n\t\t\t\t\t\t\t\t\t<\/div>\n\t\t\t<\/div>\n\t\t\t\t\t<\/div>","protected":false},"excerpt":{"rendered":"<p>Dostava Ponudnik bo blago oziroma storitev dostavil v dogovorjenem roku. Pogodbeni partner za dostavo po\u0161iljk je Po\u0161ta Slovenije, vendar si ponudnik pridr\u017euje pravico izbrati drugo dostavno slu\u017ebo, \u010de bo s tem lahko naro\u010dilo izpolnil bolj u\u010dinkovito. Dostava in pakiranje se kupca zara\u010dunata ob koncu naro\u010dila kot nova postavka na ra\u010dunu. Za naro\u010dila nad dolo\u010deno vrednostjo [&hellip;]<\/p>","protected":false},"author":6,"featured_media":0,"parent":0,"menu_order":0,"comment_status":"closed","ping_status":"closed","template":"","meta":{"_seopress_robots_primary_cat":"","_seopress_titles_title":"","_seopress_titles_desc":"","_seopress_robots_index":""},"_links":{"self":[{"href":"https:\/\/shop.mlm-engineering.com\/zh\/wp-json\/wp\/v2\/pages\/2940"}],"collection":[{"href":"https:\/\/shop.mlm-engineering.com\/zh\/wp-json\/wp\/v2\/pages"}],"about":[{"href":"https:\/\/shop.mlm-engineering.com\/zh\/wp-json\/wp\/v2\/types\/page"}],"author":[{"embeddable":true,"href":"https:\/\/shop.mlm-engineering.com\/zh\/wp-json\/wp\/v2\/users\/6"}],"replies":[{"embeddable":true,"href":"https:\/\/shop.mlm-engineering.com\/zh\/wp-json\/wp\/v2\/comments?post=2940"}],"version-history":[{"count":0,"href":"https:\/\/shop.mlm-engineering.com\/zh\/wp-json\/wp\/v2\/pages\/2940\/revisions"}],"wp:attachment":[{"href":"https:\/\/shop.mlm-engineering.com\/zh\/wp-json\/wp\/v2\/media?parent=2940"}],"curies":[{"name":"wp","href":"https:\/\/api.w.org\/{rel}","templated":true}]}}