{"id":2217,"date":"2022-06-10T07:15:57","date_gmt":"2022-06-10T07:15:57","guid":{"rendered":"https:\/\/shop.mlm-engineering.com\/?page_id=2217"},"modified":"2022-06-29T09:26:39","modified_gmt":"2022-06-29T09:26:39","slug":"kolofon","status":"publish","type":"page","link":"https:\/\/shop.mlm-engineering.com\/zh\/kolofon\/","title":{"rendered":"\u9898\u8bb0"},"content":{"rendered":"<div data-elementor-type=\"wp-page\" data-elementor-id=\"2217\" class=\"elementor elementor-2217\">\n\t\t\t\t\t\t<div class=\"elementor-inner\">\n\t\t\t\t<div class=\"elementor-section-wrap\">\n\t\t\t\t\t\t\t\t\t<section class=\"elementor-section elementor-top-section elementor-element elementor-element-676f2f3 elementor-section-boxed elementor-section-height-default elementor-section-height-default\" data-id=\"676f2f3\" data-element_type=\"section\" data-settings=\"{&quot;background_background&quot;:&quot;classic&quot;}\">\n\t\t\t\t\t\t<div class=\"elementor-container elementor-column-gap-default\">\n\t\t\t\t\t\t\t<div class=\"elementor-row\">\n\t\t\t\t\t<div class=\"elementor-column elementor-col-100 elementor-top-column elementor-element elementor-element-cda71a6\" data-id=\"cda71a6\" data-element_type=\"column\">\n\t\t\t<div class=\"elementor-column-wrap elementor-element-populated\">\n\t\t\t\t\t\t\t<div class=\"elementor-widget-wrap\">\n\t\t\t\t\t\t<div class=\"elementor-element elementor-element-53e4b40 elementor-widget elementor-widget-heading\" data-id=\"53e4b40\" data-element_type=\"widget\" data-widget_type=\"heading.default\">\n\t\t\t\t<div class=\"elementor-widget-container\">\n\t\t\t<h2 class=\"elementor-heading-title elementor-size-default\">\u9898\u8bb0<\/h2>\t\t<\/div>\n\t\t\t\t<\/div>\n\t\t\t\t<div class=\"elementor-element elementor-element-cfd40ef elementor-widget elementor-widget-text-editor\" data-id=\"cfd40ef\" data-element_type=\"widget\" data-widget_type=\"text-editor.default\">\n\t\t\t\t<div class=\"elementor-widget-container\">\n\t\t\t\t\t\t\t\t<div class=\"elementor-text-editor elementor-clearfix\">\n\t\t\t\t<div class=\"elementor-element elementor-element-53e4b40 elementor-widget elementor-widget-heading\" data-id=\"53e4b40\" data-element_type=\"widget\" data-widget_type=\"heading.default\"><div class=\"elementor-widget-container\"><h2 class=\"elementor-heading-title elementor-size-default\"><span style=\"font-size: 16px;\">\u8fd9\u4e9b\u7f51\u7ad9\u7531\u6211\u4eec\u548c\u6211\u4eec\u7684\u7f51\u7edc\u670d\u52a1\u63d0\u4f9b\u5546\u5171\u540c\u5f00\u53d1\u3002<\/span><\/h2><\/div><\/div><div class=\"elementor-element elementor-element-cfd40ef elementor-widget elementor-widget-text-editor\" data-id=\"cfd40ef\" data-element_type=\"widget\" data-widget_type=\"text-editor.default\"><div class=\"elementor-widget-container\"><div class=\"elementor-text-editor elementor-clearfix\"><p><strong>\u7f51\u7ad9\u7684\u76ee\u7684<\/strong><br \/>\u672c\u7f51\u7ad9\u4e0a\u7684\u4fe1\u606f\u4ec5\u7528\u4e8e\u6f14\u793a\u6211\u4eec\u6ce8\u518c\u7684\u6838\u5fc3\u4e1a\u52a1\u9886\u57df--\u7ec6\u6728\u5de5\u5236\u54c1\u548c\u5ba4\u5185\u88c5\u9970\u7684\u751f\u4ea7\u3002\u6211\u4eec\u4fdd\u8bc1\u7f51\u7ad9\u4fe1\u606f\u7684\u771f\u5b9e\u6027\u3001\u53ef\u9760\u6027\u548c\u9ad8\u8d28\u91cf\u3002<br \/>\u6211\u4eec\u4e0d\u5bf9\u4efb\u4f55\u5370\u5237\u9519\u8bef\u8d1f\u8d23\uff0c\u5e76\u4fdd\u7559\u968f\u65f6\u66f4\u6539\u5185\u5bb9\u7684\u6743\u5229\uff0c\u5982\u679c\u5185\u5bb9\u4e0e\u516c\u53f8\u653f\u7b56\u4e0d\u7b26\uff0c\u6055\u4e0d\u53e6\u884c\u901a\u77e5\u3002<\/p><p><strong>\u4f7f\u7528\u6743<\/strong><br \/>\u672c\u7f51\u7ad9\u53ca\u5176\u6240\u6709\u5185\u5bb9\u53d7\u5de5\u4e1a\u4ea7\u6743\u548c\u77e5\u8bc6\u4ea7\u6743\u4fdd\u62a4\u3002\u672c\u7f51\u7ad9\u4e0a\u7684\u4efb\u4f55\u4fe1\u606f\u3001\u6587\u672c\u3001\u56fe\u50cf\u6216\u5176\u4ed6\u56fe\u5f62\u5143\u7d20\u4ec5\u53ef\u7528\u4e8e\u4e2a\u4eba\u975e\u5546\u4e1a\u6027\u7528\u9014\uff0c\u672a\u7ecf\u7ba1\u7406\u5458\u4e8b\u5148\u4e66\u9762\u8bb8\u53ef\uff0c\u4e0d\u5f97\u5168\u90e8\u6216\u90e8\u5206\u590d\u5236\u3001\u4fee\u6539\u3001\u5206\u53d1\u3001\u8bb8\u53ef\u6216\u4ee5\u51fa\u7248\u7269\u5f62\u5f0f\u53d1\u884c\uff0c\u7528\u4e8e\u9664\u6d4f\u89c8\u4ee5\u5916\u7684\u4efb\u4f55\u5176\u4ed6\u76ee\u7684\u3002<\/p><p><strong>\u627f\u62c5\u8d23\u4efb<\/strong><br \/>\u5728\u8bbe\u8ba1\u7f51\u7ad9\u65f6\uff0c\u6211\u4eec\u5c3d\u529b\u786e\u4fdd\u4fe1\u606f\u7684\u65f6\u6548\u6027\u548c\u51c6\u786e\u6027\u3002\u6211\u4eec\u4e0d\u4fdd\u8bc1\u4fe1\u606f\u7684\u51c6\u786e\u6027\u548c\u5b8c\u6574\u6027\uff0c\u4e5f\u4e0d\u627f\u62c5\u56e0\u4f7f\u7528\u4fe1\u606f\u800c\u4ea7\u751f\u7684\u4efb\u4f55\u8d23\u4efb\u3002\u6240\u6709\u7528\u6237\u5728\u4f7f\u7528\u53d1\u5e03\u7684\u5185\u5bb9\u65f6\u5747\u9700\u81ea\u884c\u627f\u62c5\u98ce\u9669\u3002<br \/>\u6211\u4eec\u4fdd\u7559\u968f\u65f6\u4ee5\u4efb\u4f55\u65b9\u5f0f\u3001\u4efb\u4f55\u7406\u7531\u66f4\u6539\u7f51\u7ad9\u5185\u5bb9\u7684\u6743\u5229\uff0c\u6055\u4e0d\u53e6\u884c\u901a\u77e5\u3002<\/p><p><strong>\u6280\u672f\u5b9e\u65bd<\/strong><br \/>\u6280\u672f\u5b9e\u65bd\u7531\u4e00\u5bb6\u7f16\u7a0b\u548c\u8bbe\u8ba1\u673a\u6784\u4e0e\u6211\u4eec\u516c\u53f8\u5408\u4f5c\u5b8c\u6210\u3002<\/p><p>\u00a0<\/p><p>\u516c\u53f8\u540d\u79f0\uff1a MLM ENGINEERING MIHA FLANDER S.P., ENGINEERING<br \/>\u5730\u5740\uff1a CESTA POD RIFNIKOM 23 , 3230 \u0160ENTJUR<br \/>\u7535\u5b50\u90ae\u4ef6\uff1a info@mlm-engineering.com\/<br \/>\u7f51\u7ad9\uff1a https:\/\/mlm-engineering.com\/<\/p><p>\u0161entjur, 10.6.2022<\/p><\/div><\/div><\/div>\t\t\t\t\t<\/div>\n\t\t\t\t\t\t<\/div>\n\t\t\t\t<\/div>\n\t\t\t\t\t\t<\/div>\n\t\t\t\t\t<\/div>\n\t\t<\/div>\n\t\t\t\t\t\t\t\t<\/div>\n\t\t\t\t\t<\/div>\n\t\t<\/section>\n\t\t\t\t\t\t\t\t\t<\/div>\n\t\t\t<\/div>\n\t\t\t\t\t<\/div>","protected":false},"excerpt":{"rendered":"<p>Kolofon Spletne strani smo pripravili sami skupaj z izvajalcem spletnih storitev. Namen spletnih straniPodatki na spletni strani so predstavitvene narave s podro\u010dja osnovne dejavnosti za katere smo registrirani \u2013 proizvodnja stavbnega in notranjega pohi\u0161tva. Zavezujemo se, da so podatki na spletnem mestu resni\u010dni, zanesljivi in kakovostni.Ne odgovarjamo za morebitne tipkarske napake, pridr\u017eujemo si pravico, da [&hellip;]<\/p>","protected":false},"author":3,"featured_media":0,"parent":0,"menu_order":0,"comment_status":"closed","ping_status":"closed","template":"","meta":{"_seopress_robots_primary_cat":"","_seopress_titles_title":"","_seopress_titles_desc":"","_seopress_robots_index":""},"_links":{"self":[{"href":"https:\/\/shop.mlm-engineering.com\/zh\/wp-json\/wp\/v2\/pages\/2217"}],"collection":[{"href":"https:\/\/shop.mlm-engineering.com\/zh\/wp-json\/wp\/v2\/pages"}],"about":[{"href":"https:\/\/shop.mlm-engineering.com\/zh\/wp-json\/wp\/v2\/types\/page"}],"author":[{"embeddable":true,"href":"https:\/\/shop.mlm-engineering.com\/zh\/wp-json\/wp\/v2\/users\/3"}],"replies":[{"embeddable":true,"href":"https:\/\/shop.mlm-engineering.com\/zh\/wp-json\/wp\/v2\/comments?post=2217"}],"version-history":[{"count":0,"href":"https:\/\/shop.mlm-engineering.com\/zh\/wp-json\/wp\/v2\/pages\/2217\/revisions"}],"wp:attachment":[{"href":"https:\/\/shop.mlm-engineering.com\/zh\/wp-json\/wp\/v2\/media?parent=2217"}],"curies":[{"name":"wp","href":"https:\/\/api.w.org\/{rel}","templated":true}]}}