{"id":2217,"date":"2022-06-10T07:15:57","date_gmt":"2022-06-10T07:15:57","guid":{"rendered":"https:\/\/shop.mlm-engineering.com\/?page_id=2217"},"modified":"2022-06-29T09:26:39","modified_gmt":"2022-06-29T09:26:39","slug":"kolofon","status":"publish","type":"page","link":"https:\/\/shop.mlm-engineering.com\/uk\/kolofon\/","title":{"rendered":"\u041a\u043e\u043b\u043e\u0444\u043e\u043d"},"content":{"rendered":"<div data-elementor-type=\"wp-page\" data-elementor-id=\"2217\" class=\"elementor elementor-2217\">\n\t\t\t\t\t\t<div class=\"elementor-inner\">\n\t\t\t\t<div class=\"elementor-section-wrap\">\n\t\t\t\t\t\t\t\t\t<section class=\"elementor-section elementor-top-section elementor-element elementor-element-676f2f3 elementor-section-boxed elementor-section-height-default elementor-section-height-default\" data-id=\"676f2f3\" data-element_type=\"section\" data-settings=\"{&quot;background_background&quot;:&quot;classic&quot;}\">\n\t\t\t\t\t\t<div class=\"elementor-container elementor-column-gap-default\">\n\t\t\t\t\t\t\t<div class=\"elementor-row\">\n\t\t\t\t\t<div class=\"elementor-column elementor-col-100 elementor-top-column elementor-element elementor-element-cda71a6\" data-id=\"cda71a6\" data-element_type=\"column\">\n\t\t\t<div class=\"elementor-column-wrap elementor-element-populated\">\n\t\t\t\t\t\t\t<div class=\"elementor-widget-wrap\">\n\t\t\t\t\t\t<div class=\"elementor-element elementor-element-53e4b40 elementor-widget elementor-widget-heading\" data-id=\"53e4b40\" data-element_type=\"widget\" data-widget_type=\"heading.default\">\n\t\t\t\t<div class=\"elementor-widget-container\">\n\t\t\t<h2 class=\"elementor-heading-title elementor-size-default\">\u041a\u043e\u043b\u043e\u0444\u043e\u043d<\/h2>\t\t<\/div>\n\t\t\t\t<\/div>\n\t\t\t\t<div class=\"elementor-element elementor-element-cfd40ef elementor-widget elementor-widget-text-editor\" data-id=\"cfd40ef\" data-element_type=\"widget\" data-widget_type=\"text-editor.default\">\n\t\t\t\t<div class=\"elementor-widget-container\">\n\t\t\t\t\t\t\t\t<div class=\"elementor-text-editor elementor-clearfix\">\n\t\t\t\t<div class=\"elementor-element elementor-element-53e4b40 elementor-widget elementor-widget-heading\" data-id=\"53e4b40\" data-element_type=\"widget\" data-widget_type=\"heading.default\"><div class=\"elementor-widget-container\"><h2 class=\"elementor-heading-title elementor-size-default\"><span style=\"font-size: 16px;\">\u0412\u0435\u0431-\u0441\u0430\u0439\u0442\u0438 \u0431\u0443\u043b\u0438 \u0440\u043e\u0437\u0440\u043e\u0431\u043b\u0435\u043d\u0456 \u043d\u0430\u043c\u0438 \u0442\u0430 \u043d\u0430\u0448\u0438\u043c \u043f\u0440\u043e\u0432\u0430\u0439\u0434\u0435\u0440\u043e\u043c \u0432\u0435\u0431-\u043f\u043e\u0441\u043b\u0443\u0433.<\/span><\/h2><\/div><\/div><div class=\"elementor-element elementor-element-cfd40ef elementor-widget elementor-widget-text-editor\" data-id=\"cfd40ef\" data-element_type=\"widget\" data-widget_type=\"text-editor.default\"><div class=\"elementor-widget-container\"><div class=\"elementor-text-editor elementor-clearfix\"><p><strong>\u041c\u0435\u0442\u0430 \u0432\u0435\u0431-\u0441\u0430\u0439\u0442\u0456\u0432<\/strong><br \/>\u0406\u043d\u0444\u043e\u0440\u043c\u0430\u0446\u0456\u044f \u043d\u0430 \u0441\u0430\u0439\u0442\u0456 \u043d\u043e\u0441\u0438\u0442\u044c \u0432\u0438\u043a\u043b\u044e\u0447\u043d\u043e \u0434\u0435\u043c\u043e\u043d\u0441\u0442\u0440\u0430\u0446\u0456\u0439\u043d\u0438\u0439 \u0445\u0430\u0440\u0430\u043a\u0442\u0435\u0440 \u0432 \u0440\u0430\u043c\u043a\u0430\u0445 \u043e\u0441\u043d\u043e\u0432\u043d\u043e\u0457 \u0434\u0456\u044f\u043b\u044c\u043d\u043e\u0441\u0442\u0456, \u043d\u0430 \u044f\u043a\u0443 \u043c\u0438 \u0437\u0430\u0440\u0435\u0454\u0441\u0442\u0440\u043e\u0432\u0430\u043d\u0456 - \u0432\u0438\u0440\u043e\u0431\u043d\u0438\u0446\u0442\u0432\u043e \u0441\u0442\u043e\u043b\u044f\u0440\u043d\u0438\u0445 \u0432\u0438\u0440\u043e\u0431\u0456\u0432 \u0442\u0430 \u043f\u0440\u0435\u0434\u043c\u0435\u0442\u0456\u0432 \u0456\u043d\u0442\u0435\u0440'\u0454\u0440\u0443. \u041c\u0438 \u0433\u0430\u0440\u0430\u043d\u0442\u0443\u0454\u043c\u043e, \u0449\u043e \u0456\u043d\u0444\u043e\u0440\u043c\u0430\u0446\u0456\u044f \u043d\u0430 \u0441\u0430\u0439\u0442\u0456 \u0454 \u043f\u0440\u0430\u0432\u0434\u0438\u0432\u043e\u044e, \u0434\u043e\u0441\u0442\u043e\u0432\u0456\u0440\u043d\u043e\u044e \u0442\u0430 \u044f\u043a\u0456\u0441\u043d\u043e\u044e.<br \/>\u041c\u0438 \u043d\u0435 \u043d\u0435\u0441\u0435\u043c\u043e \u0432\u0456\u0434\u043f\u043e\u0432\u0456\u0434\u0430\u043b\u044c\u043d\u043e\u0441\u0442\u0456 \u0437\u0430 \u0431\u0443\u0434\u044c-\u044f\u043a\u0456 \u0434\u0440\u0443\u043a\u0430\u0440\u0441\u044c\u043a\u0456 \u043f\u043e\u043c\u0438\u043b\u043a\u0438 \u0456 \u0437\u0430\u043b\u0438\u0448\u0430\u0454\u043c\u043e \u0437\u0430 \u0441\u043e\u0431\u043e\u044e \u043f\u0440\u0430\u0432\u043e \u0437\u043c\u0456\u043d\u044e\u0432\u0430\u0442\u0438 \u0437\u043c\u0456\u0441\u0442 \u0443 \u0431\u0443\u0434\u044c-\u044f\u043a\u0438\u0439 \u0447\u0430\u0441 \u0456 \u0431\u0435\u0437 \u043f\u043e\u043f\u0435\u0440\u0435\u0434\u0436\u0435\u043d\u043d\u044f, \u044f\u043a\u0449\u043e \u0446\u0435 \u043d\u0435 \u0432\u0456\u0434\u043f\u043e\u0432\u0456\u0434\u0430\u0454 \u043f\u043e\u043b\u0456\u0442\u0438\u0446\u0456 \u043d\u0430\u0448\u043e\u0457 \u043a\u043e\u043c\u043f\u0430\u043d\u0456\u0457.<\/p><p><strong>\u041f\u0440\u0430\u0432\u043e \u043a\u043e\u0440\u0438\u0441\u0442\u0443\u0432\u0430\u043d\u043d\u044f<\/strong><br \/>\u0412\u0435\u0431-\u0441\u0430\u0439\u0442 \u0456 \u0432\u0435\u0441\u044c \u0439\u043e\u0433\u043e \u0432\u043c\u0456\u0441\u0442 \u0437\u0430\u0445\u0438\u0449\u0435\u043d\u0456 \u043f\u0440\u0430\u0432\u0430\u043c\u0438 \u043f\u0440\u043e\u043c\u0438\u0441\u043b\u043e\u0432\u043e\u0457 \u0442\u0430 \u0456\u043d\u0442\u0435\u043b\u0435\u043a\u0442\u0443\u0430\u043b\u044c\u043d\u043e\u0457 \u0432\u043b\u0430\u0441\u043d\u043e\u0441\u0442\u0456. \u0411\u0443\u0434\u044c-\u044f\u043a\u0430 \u0456\u043d\u0444\u043e\u0440\u043c\u0430\u0446\u0456\u044f, \u0442\u0435\u043a\u0441\u0442, \u0437\u043e\u0431\u0440\u0430\u0436\u0435\u043d\u043d\u044f \u0430\u0431\u043e \u0456\u043d\u0448\u0456 \u0433\u0440\u0430\u0444\u0456\u0447\u043d\u0456 \u0435\u043b\u0435\u043c\u0435\u043d\u0442\u0438, \u0437\u043d\u0430\u0439\u0434\u0435\u043d\u0456 \u043d\u0430 \u0446\u044c\u043e\u043c\u0443 \u0432\u0435\u0431-\u0441\u0430\u0439\u0442\u0456, \u043c\u043e\u0436\u0443\u0442\u044c \u0431\u0443\u0442\u0438 \u0432\u0438\u043a\u043e\u0440\u0438\u0441\u0442\u0430\u043d\u0456 \u0432\u0438\u043a\u043b\u044e\u0447\u043d\u043e \u0434\u043b\u044f \u043e\u0441\u043e\u0431\u0438\u0441\u0442\u043e\u0433\u043e \u043d\u0435\u043a\u043e\u043c\u0435\u0440\u0446\u0456\u0439\u043d\u043e\u0433\u043e \u0432\u0438\u043a\u043e\u0440\u0438\u0441\u0442\u0430\u043d\u043d\u044f \u0456 \u043d\u0435 \u043c\u043e\u0436\u0443\u0442\u044c \u0431\u0443\u0442\u0438 \u0432\u0456\u0434\u0442\u0432\u043e\u0440\u0435\u043d\u0456, \u0437\u043c\u0456\u043d\u0435\u043d\u0456, \u043f\u043e\u0448\u0438\u0440\u0435\u043d\u0456, \u043b\u0456\u0446\u0435\u043d\u0437\u043e\u0432\u0430\u043d\u0456 \u0430\u0431\u043e \u0432\u0438\u043f\u0443\u0449\u0435\u043d\u0456 \u0443 \u0432\u0438\u0433\u043b\u044f\u0434\u0456 \u043f\u0443\u0431\u043b\u0456\u043a\u0430\u0446\u0456\u0439, \u043f\u043e\u0432\u043d\u0456\u0441\u0442\u044e \u0430\u0431\u043e \u0447\u0430\u0441\u0442\u043a\u043e\u0432\u043e, \u0437 \u0431\u0443\u0434\u044c-\u044f\u043a\u043e\u044e \u043c\u0435\u0442\u043e\u044e, \u043e\u043a\u0440\u0456\u043c \u043f\u0435\u0440\u0435\u0433\u043b\u044f\u0434\u0443, \u0431\u0435\u0437 \u043f\u043e\u043f\u0435\u0440\u0435\u0434\u043d\u044c\u043e\u0433\u043e \u043f\u0438\u0441\u044c\u043c\u043e\u0432\u043e\u0433\u043e \u0434\u043e\u0437\u0432\u043e\u043b\u0443 \u0410\u0434\u043c\u0456\u043d\u0456\u0441\u0442\u0440\u0430\u0442\u043e\u0440\u0430.<\/p><p><strong>\u0411\u0435\u0440\u0443\u0447\u0438 \u043d\u0430 \u0441\u0435\u0431\u0435 \u0432\u0456\u0434\u043f\u043e\u0432\u0456\u0434\u0430\u043b\u044c\u043d\u0456\u0441\u0442\u044c<\/strong><br \/>\u041f\u0440\u0438 \u0440\u043e\u0437\u0440\u043e\u0431\u0446\u0456 \u0432\u0435\u0431-\u0441\u0430\u0439\u0442\u0443 \u043c\u0438 \u043d\u0430\u043c\u0430\u0433\u0430\u0454\u043c\u043e\u0441\u044f \u0437\u0430\u0431\u0435\u0437\u043f\u0435\u0447\u0438\u0442\u0438 \u0430\u043a\u0442\u0443\u0430\u043b\u044c\u043d\u0456\u0441\u0442\u044c \u0456 \u0442\u043e\u0447\u043d\u0456\u0441\u0442\u044c \u0456\u043d\u0444\u043e\u0440\u043c\u0430\u0446\u0456\u0457. \u041c\u0438 \u043d\u0435 \u0433\u0430\u0440\u0430\u043d\u0442\u0443\u0454\u043c\u043e \u0457\u0457 \u0442\u043e\u0447\u043d\u0456\u0441\u0442\u044c \u0456 \u043f\u043e\u0432\u043d\u043e\u0442\u0443 \u0442\u0430 \u043d\u0435 \u043d\u0435\u0441\u0435\u043c\u043e \u0436\u043e\u0434\u043d\u043e\u0457 \u0432\u0456\u0434\u043f\u043e\u0432\u0456\u0434\u0430\u043b\u044c\u043d\u043e\u0441\u0442\u0456 \u0437\u0430 \u0457\u0457 \u0432\u0438\u043a\u043e\u0440\u0438\u0441\u0442\u0430\u043d\u043d\u044f. \u0412\u0441\u0456 \u043a\u043e\u0440\u0438\u0441\u0442\u0443\u0432\u0430\u0447\u0456 \u0432\u0438\u043a\u043e\u0440\u0438\u0441\u0442\u043e\u0432\u0443\u044e\u0442\u044c \u043e\u043f\u0443\u0431\u043b\u0456\u043a\u043e\u0432\u0430\u043d\u0438\u0439 \u043a\u043e\u043d\u0442\u0435\u043d\u0442 \u043d\u0430 \u0432\u043b\u0430\u0441\u043d\u0438\u0439 \u0440\u0438\u0437\u0438\u043a.<br \/>\u041c\u0438 \u0437\u0430\u043b\u0438\u0448\u0430\u0454\u043c\u043e \u0437\u0430 \u0441\u043e\u0431\u043e\u044e \u043f\u0440\u0430\u0432\u043e \u0437\u043c\u0456\u043d\u044e\u0432\u0430\u0442\u0438 \u0437\u043c\u0456\u0441\u0442 \u043d\u0430\u0448\u0438\u0445 \u0432\u0435\u0431-\u0441\u0430\u0439\u0442\u0456\u0432 \u0443 \u0431\u0443\u0434\u044c-\u044f\u043a\u0438\u0439 \u0447\u0430\u0441, \u0443 \u0431\u0443\u0434\u044c-\u044f\u043a\u0438\u0439 \u0441\u043f\u043e\u0441\u0456\u0431, \u0437 \u0431\u0443\u0434\u044c-\u044f\u043a\u043e\u0457 \u043f\u0440\u0438\u0447\u0438\u043d\u0438 \u0456 \u0431\u0435\u0437 \u043f\u043e\u043f\u0435\u0440\u0435\u0434\u043d\u044c\u043e\u0433\u043e \u043f\u043e\u0432\u0456\u0434\u043e\u043c\u043b\u0435\u043d\u043d\u044f.<\/p><p><strong>\u0422\u0435\u0445\u043d\u043e\u043b\u043e\u0433\u0456\u0447\u043d\u0430 \u0440\u0435\u0430\u043b\u0456\u0437\u0430\u0446\u0456\u044f<\/strong><br \/>\u0422\u0435\u0445\u043d\u043e\u043b\u043e\u0433\u0456\u0447\u043d\u0443 \u0440\u0435\u0430\u043b\u0456\u0437\u0430\u0446\u0456\u044e \u0437\u0430\u0431\u0435\u0437\u043f\u0435\u0447\u0438\u043b\u043e \u0430\u0433\u0435\u043d\u0442\u0441\u0442\u0432\u043e \u0437 \u043f\u0440\u043e\u0433\u0440\u0430\u043c\u0443\u0432\u0430\u043d\u043d\u044f \u0442\u0430 \u0434\u0438\u0437\u0430\u0439\u043d\u0443 \u0443 \u0441\u043f\u0456\u0432\u043f\u0440\u0430\u0446\u0456 \u0437 \u043d\u0430\u0448\u043e\u044e \u043a\u043e\u043c\u043f\u0430\u043d\u0456\u0454\u044e.<\/p><p>\u00a0<\/p><p>\u041d\u0430\u0437\u0432\u0430 \u043a\u043e\u043c\u043f\u0430\u043d\u0456\u0457: MLM ENGINEERING MIHA FLANDER S.P., ENGINEERING<br \/>\u0410\u0434\u0440\u0435\u0441\u0430: CESTA POD RIFNIKOM 23 , 3230 \u0160ENTJUR<br \/>\u0415\u043b\u0435\u043a\u0442\u0440\u043e\u043d\u043d\u0430 \u043f\u043e\u0448\u0442\u0430: info@mlm-engineering.com\/<br \/>\u0412\u0435\u0431-\u0441\u0430\u0439\u0442: https:\/\/mlm-engineering.com\/<\/p><p>\u0160ENTJUR, 10.6.2022<\/p><\/div><\/div><\/div>\t\t\t\t\t<\/div>\n\t\t\t\t\t\t<\/div>\n\t\t\t\t<\/div>\n\t\t\t\t\t\t<\/div>\n\t\t\t\t\t<\/div>\n\t\t<\/div>\n\t\t\t\t\t\t\t\t<\/div>\n\t\t\t\t\t<\/div>\n\t\t<\/section>\n\t\t\t\t\t\t\t\t\t<\/div>\n\t\t\t<\/div>\n\t\t\t\t\t<\/div>","protected":false},"excerpt":{"rendered":"<p>Kolofon Spletne strani smo pripravili sami skupaj z izvajalcem spletnih storitev. Namen spletnih straniPodatki na spletni strani so predstavitvene narave s podro\u010dja osnovne dejavnosti za katere smo registrirani \u2013 proizvodnja stavbnega in notranjega pohi\u0161tva. Zavezujemo se, da so podatki na spletnem mestu resni\u010dni, zanesljivi in kakovostni.Ne odgovarjamo za morebitne tipkarske napake, pridr\u017eujemo si pravico, da [&hellip;]<\/p>","protected":false},"author":3,"featured_media":0,"parent":0,"menu_order":0,"comment_status":"closed","ping_status":"closed","template":"","meta":{"_seopress_robots_primary_cat":"","_seopress_titles_title":"","_seopress_titles_desc":"","_seopress_robots_index":""},"_links":{"self":[{"href":"https:\/\/shop.mlm-engineering.com\/uk\/wp-json\/wp\/v2\/pages\/2217"}],"collection":[{"href":"https:\/\/shop.mlm-engineering.com\/uk\/wp-json\/wp\/v2\/pages"}],"about":[{"href":"https:\/\/shop.mlm-engineering.com\/uk\/wp-json\/wp\/v2\/types\/page"}],"author":[{"embeddable":true,"href":"https:\/\/shop.mlm-engineering.com\/uk\/wp-json\/wp\/v2\/users\/3"}],"replies":[{"embeddable":true,"href":"https:\/\/shop.mlm-engineering.com\/uk\/wp-json\/wp\/v2\/comments?post=2217"}],"version-history":[{"count":0,"href":"https:\/\/shop.mlm-engineering.com\/uk\/wp-json\/wp\/v2\/pages\/2217\/revisions"}],"wp:attachment":[{"href":"https:\/\/shop.mlm-engineering.com\/uk\/wp-json\/wp\/v2\/media?parent=2217"}],"curies":[{"name":"wp","href":"https:\/\/api.w.org\/{rel}","templated":true}]}}