{"id":2217,"date":"2022-06-10T07:15:57","date_gmt":"2022-06-10T07:15:57","guid":{"rendered":"https:\/\/shop.mlm-engineering.com\/?page_id=2217"},"modified":"2022-06-29T09:26:39","modified_gmt":"2022-06-29T09:26:39","slug":"kolofon","status":"publish","type":"page","link":"https:\/\/shop.mlm-engineering.com\/tr\/kolofon\/","title":{"rendered":"Kolofon"},"content":{"rendered":"<div data-elementor-type=\"wp-page\" data-elementor-id=\"2217\" class=\"elementor elementor-2217\">\n\t\t\t\t\t\t<div class=\"elementor-inner\">\n\t\t\t\t<div class=\"elementor-section-wrap\">\n\t\t\t\t\t\t\t\t\t<section class=\"elementor-section elementor-top-section elementor-element elementor-element-676f2f3 elementor-section-boxed elementor-section-height-default elementor-section-height-default\" data-id=\"676f2f3\" data-element_type=\"section\" data-settings=\"{&quot;background_background&quot;:&quot;classic&quot;}\">\n\t\t\t\t\t\t<div class=\"elementor-container elementor-column-gap-default\">\n\t\t\t\t\t\t\t<div class=\"elementor-row\">\n\t\t\t\t\t<div class=\"elementor-column elementor-col-100 elementor-top-column elementor-element elementor-element-cda71a6\" data-id=\"cda71a6\" data-element_type=\"column\">\n\t\t\t<div class=\"elementor-column-wrap elementor-element-populated\">\n\t\t\t\t\t\t\t<div class=\"elementor-widget-wrap\">\n\t\t\t\t\t\t<div class=\"elementor-element elementor-element-53e4b40 elementor-widget elementor-widget-heading\" data-id=\"53e4b40\" data-element_type=\"widget\" data-widget_type=\"heading.default\">\n\t\t\t\t<div class=\"elementor-widget-container\">\n\t\t\t<h2 class=\"elementor-heading-title elementor-size-default\">Kolofon<\/h2>\t\t<\/div>\n\t\t\t\t<\/div>\n\t\t\t\t<div class=\"elementor-element elementor-element-cfd40ef elementor-widget elementor-widget-text-editor\" data-id=\"cfd40ef\" data-element_type=\"widget\" data-widget_type=\"text-editor.default\">\n\t\t\t\t<div class=\"elementor-widget-container\">\n\t\t\t\t\t\t\t\t<div class=\"elementor-text-editor elementor-clearfix\">\n\t\t\t\t<div class=\"elementor-element elementor-element-53e4b40 elementor-widget elementor-widget-heading\" data-id=\"53e4b40\" data-element_type=\"widget\" data-widget_type=\"heading.default\"><div class=\"elementor-widget-container\"><h2 class=\"elementor-heading-title elementor-size-default\"><span style=\"font-size: 16px;\">Web siteleri taraf\u0131m\u0131zca ve web hizmet sa\u011flay\u0131c\u0131m\u0131z taraf\u0131ndan geli\u015ftirilmi\u015ftir.<\/span><\/h2><\/div><\/div><div class=\"elementor-element elementor-element-cfd40ef elementor-widget elementor-widget-text-editor\" data-id=\"cfd40ef\" data-element_type=\"widget\" data-widget_type=\"text-editor.default\"><div class=\"elementor-widget-container\"><div class=\"elementor-text-editor elementor-clearfix\"><p><strong>Web sitelerinin amac\u0131<\/strong><br \/>Web sitesindeki bilgiler, kay\u0131tl\u0131 oldu\u011fumuz ana faaliyet alan\u0131nda - do\u011frama ve i\u00e7 d\u00f6\u015feme imalat\u0131 - sadece tan\u0131t\u0131m ama\u00e7l\u0131d\u0131r. Web sitesindeki bilgilerin do\u011fru, g\u00fcvenilir ve y\u00fcksek kalitede oldu\u011funu taahh\u00fct ederiz.<br \/>Herhangi bir yaz\u0131m hatas\u0131ndan sorumlu de\u011filiz ve \u015firket politikam\u0131za uygun olmamas\u0131 halinde i\u00e7eri\u011fi herhangi bir zamanda ve bildirimde bulunmaks\u0131z\u0131n de\u011fi\u015ftirme hakk\u0131n\u0131 sakl\u0131 tutar\u0131z.<\/p><p><strong>Kullan\u0131m hakk\u0131<\/strong><br \/>Web sitesi ve t\u00fcm i\u00e7eri\u011fi s\u0131nai ve fikri m\u00fclkiyet haklar\u0131 ile korunmaktad\u0131r. Bu Web Sitesinde bulunan herhangi bir bilgi, metin, resim veya di\u011fer grafik \u00f6\u011feler yaln\u0131zca ki\u015fisel, ticari olmayan kullan\u0131m\u0131n\u0131z i\u00e7in kullan\u0131labilir ve Y\u00f6neticinin \u00f6nceden yaz\u0131l\u0131 izni olmadan g\u00f6r\u00fcnt\u00fcleme d\u0131\u015f\u0131nda herhangi bir ama\u00e7la tamamen veya k\u0131smen \u00e7o\u011falt\u0131lamaz, de\u011fi\u015ftirilemez, da\u011f\u0131t\u0131lamaz, lisanslanamaz veya yay\u0131n \u015feklinde yay\u0131nlanamaz.<\/p><p><strong>Sorumluluk almak<\/strong><br \/>Web sitesini tasarlarken, bilgilerin g\u00fcncel ve do\u011fru olmas\u0131n\u0131 sa\u011flamaya \u00e7al\u0131\u015f\u0131yoruz. Do\u011frulu\u011funu veya eksiksizli\u011fini garanti etmiyoruz ve kullan\u0131m\u0131ndan kaynaklanan hi\u00e7bir sorumluluk kabul etmiyoruz. T\u00fcm kullan\u0131c\u0131lar yay\u0131nlanan i\u00e7eri\u011fi riski kendilerine ait olmak \u00fczere kullan\u0131rlar.<br \/>Web sitelerimizin i\u00e7eri\u011fini herhangi bir zamanda, herhangi bir \u015fekilde, herhangi bir nedenle ve \u00f6nceden haber vermeksizin de\u011fi\u015ftirme hakk\u0131n\u0131 sakl\u0131 tutar\u0131z.<\/p><p><strong>Teknolojik uygulama<\/strong><br \/>Teknolojik uygulama, \u015firketimizle i\u015fbirli\u011fi i\u00e7inde bir programlama ve tasar\u0131m ajans\u0131 taraf\u0131ndan sa\u011fland\u0131.<\/p><p>\u00a0<\/p><p>\u015eirket ad\u0131: MLM M\u00dcHEND\u0130SL\u0130K M\u0130HA FLANDER S.P., M\u00dcHEND\u0130SL\u0130K<br \/>Adres: CESTA POD RIFNIKOM 23 , 3230 \u0160ENTJUR<br \/>E-posta: info@mlm-engineering.com\/<br \/>Web sitesi: https:\/\/mlm-engineering.com\/<\/p><p>\u0160ENTJUR, 10.6.2022<\/p><\/div><\/div><\/div>\t\t\t\t\t<\/div>\n\t\t\t\t\t\t<\/div>\n\t\t\t\t<\/div>\n\t\t\t\t\t\t<\/div>\n\t\t\t\t\t<\/div>\n\t\t<\/div>\n\t\t\t\t\t\t\t\t<\/div>\n\t\t\t\t\t<\/div>\n\t\t<\/section>\n\t\t\t\t\t\t\t\t\t<\/div>\n\t\t\t<\/div>\n\t\t\t\t\t<\/div>","protected":false},"excerpt":{"rendered":"<p>Kolofon Spletne strani smo pripravili sami skupaj z izvajalcem spletnih storitev. Namen spletnih straniPodatki na spletni strani so predstavitvene narave s podro\u010dja osnovne dejavnosti za katere smo registrirani \u2013 proizvodnja stavbnega in notranjega pohi\u0161tva. Zavezujemo se, da so podatki na spletnem mestu resni\u010dni, zanesljivi in kakovostni.Ne odgovarjamo za morebitne tipkarske napake, pridr\u017eujemo si pravico, da [&hellip;]<\/p>","protected":false},"author":3,"featured_media":0,"parent":0,"menu_order":0,"comment_status":"closed","ping_status":"closed","template":"","meta":{"_seopress_robots_primary_cat":"","_seopress_titles_title":"","_seopress_titles_desc":"","_seopress_robots_index":""},"_links":{"self":[{"href":"https:\/\/shop.mlm-engineering.com\/tr\/wp-json\/wp\/v2\/pages\/2217"}],"collection":[{"href":"https:\/\/shop.mlm-engineering.com\/tr\/wp-json\/wp\/v2\/pages"}],"about":[{"href":"https:\/\/shop.mlm-engineering.com\/tr\/wp-json\/wp\/v2\/types\/page"}],"author":[{"embeddable":true,"href":"https:\/\/shop.mlm-engineering.com\/tr\/wp-json\/wp\/v2\/users\/3"}],"replies":[{"embeddable":true,"href":"https:\/\/shop.mlm-engineering.com\/tr\/wp-json\/wp\/v2\/comments?post=2217"}],"version-history":[{"count":0,"href":"https:\/\/shop.mlm-engineering.com\/tr\/wp-json\/wp\/v2\/pages\/2217\/revisions"}],"wp:attachment":[{"href":"https:\/\/shop.mlm-engineering.com\/tr\/wp-json\/wp\/v2\/media?parent=2217"}],"curies":[{"name":"wp","href":"https:\/\/api.w.org\/{rel}","templated":true}]}}