{"id":2225,"date":"2022-06-10T07:17:31","date_gmt":"2022-06-10T07:17:31","guid":{"rendered":"https:\/\/shop.mlm-engineering.com\/?page_id=2225"},"modified":"2022-06-29T09:27:53","modified_gmt":"2022-06-29T09:27:53","slug":"piskotki","status":"publish","type":"page","link":"https:\/\/shop.mlm-engineering.com\/sv\/piskotki\/","title":{"rendered":"Kakor"},"content":{"rendered":"<div data-elementor-type=\"wp-page\" data-elementor-id=\"2225\" class=\"elementor elementor-2225\">\n\t\t\t\t\t\t<div class=\"elementor-inner\">\n\t\t\t\t<div class=\"elementor-section-wrap\">\n\t\t\t\t\t\t\t\t\t<section class=\"elementor-section elementor-top-section elementor-element elementor-element-676f2f3 elementor-section-boxed elementor-section-height-default elementor-section-height-default\" data-id=\"676f2f3\" data-element_type=\"section\" data-settings=\"{&quot;background_background&quot;:&quot;classic&quot;}\">\n\t\t\t\t\t\t<div class=\"elementor-container elementor-column-gap-default\">\n\t\t\t\t\t\t\t<div class=\"elementor-row\">\n\t\t\t\t\t<div class=\"elementor-column elementor-col-100 elementor-top-column elementor-element elementor-element-cda71a6\" data-id=\"cda71a6\" data-element_type=\"column\">\n\t\t\t<div class=\"elementor-column-wrap elementor-element-populated\">\n\t\t\t\t\t\t\t<div class=\"elementor-widget-wrap\">\n\t\t\t\t\t\t<div class=\"elementor-element elementor-element-53e4b40 elementor-widget elementor-widget-heading\" data-id=\"53e4b40\" data-element_type=\"widget\" data-widget_type=\"heading.default\">\n\t\t\t\t<div class=\"elementor-widget-container\">\n\t\t\t<h2 class=\"elementor-heading-title elementor-size-default\">Politika \n<\/h2>\t\t<\/div>\n\t\t\t\t<\/div>\n\t\t\t\t<div class=\"elementor-element elementor-element-cfd40ef elementor-widget elementor-widget-text-editor\" data-id=\"cfd40ef\" data-element_type=\"widget\" data-widget_type=\"text-editor.default\">\n\t\t\t\t<div class=\"elementor-widget-container\">\n\t\t\t\t\t\t\t\t<div class=\"elementor-text-editor elementor-clearfix\">\n\t\t\t\t<ol><li><ol><li><strong>VAD VI BEH\u00d6VER<\/strong><\/li><\/ol><p>V\u00e5r integritetspolicy reglerar anv\u00e4ndning och lagring av personuppgifter. Du kan l\u00e4sa v\u00e5r sekretesspolicy p\u00e5 sidan Sekretessmeddelande (bifogas nedan). MLM ENGINEERING MIHA FLANDER S.P., ENGINEERING, CESTA POD RIFNIKOM 23 , 3230 \u0160ENTJUR \u00e4r personuppgiftsansvarig f\u00f6r de personuppgifter som tillhandah\u00e5lls (den registrerade: du, kund, bes\u00f6kare etc.). Vi samlar in f\u00f6ljande typer av personuppgifter:<\/p><ul><li>E-postadress;<\/li><li>Namn, adress, e-postadress och telefonnummer;<\/li><li>Betalningsuppgifter s\u00e5som kredit- eller betalkortsuppgifter, Paypal och andra betalningsmetoder;<\/li><li>Kopior av identitetshandlingar som bekr\u00e4ftar att personuppgifterna \u00e4r korrekta;<\/li><li>Cookies;<\/li><li>Google Analytics och Yandex och Cloudflare bes\u00f6kssp\u00e5rning;<\/li><li>L\u00e4nkar till personliga profiler p\u00e5 sociala grupper.<\/li><\/ul><p>Varje typ av personuppgifter inh\u00e4mtas p\u00e5 grundval av n\u00f6dv\u00e4ndighet och med separat samtycke.<\/p><ol start=\"2\"><li><strong>VARF\u00d6R VI BEH\u00d6VER DEM<\/strong><\/li><\/ol><p>Vi beh\u00f6ver dina personuppgifter f\u00f6r f\u00f6ljande tj\u00e4nster:<\/p><ol><li><ol><li>E-postadress f\u00f6r att svara p\u00e5 dina e-postmeddelanden eller meddelanden som skickas via kontaktformul\u00e4r;<\/li><li>E-postadress f\u00f6r utskick av erbjudanden och nyhetsbrev;<\/li><li>Namn, adress, e-postadress och telefonnummer i syfte att ta emot bokningar, f\u00f6rfr\u00e5gningar och skicka offerter eller i samband med uppfyllandet av dina andra \u00f6nskem\u00e5l;<\/li><li>Namn, adress, e-postadress och telefonnummer f\u00f6r att k\u00f6pa presentkort, kuponger eller tj\u00e4nster och varor i samband med v\u00e5rt erbjudande;<\/li><li>Uppgifter om betalningsmedel och kopior av identitetshandlingar f\u00f6r tillhandah\u00e5llande av tj\u00e4nster;<\/li><li>E-postadress f\u00f6r automatiserad marknadsf\u00f6ring (bokningsbekr\u00e4ftelser, tackmeddelanden etc.);<\/li><li>Cookies f\u00f6r drift av webbplatser;<\/li><li>Kommunikation via sociala grupper med personliga profiler som bekr\u00e4ftar din koppling till oss;<\/li><li>Namn, adress, e-postadress och telefonnummer f\u00f6r tillf\u00e4lliga utlottningar eller andra kampanjer med ditt f\u00f6rhandstillst\u00e5nd;<\/li><li>Aggregerade data fr\u00e5n Google Analytics eller Yandex Direct och Cloudflare f\u00f6r sp\u00e5rning av bes\u00f6k och interna analyser f\u00f6r att f\u00f6rb\u00e4ttra inneh\u00e5llet.<\/li><\/ol><\/li><\/ol><p>\u00a0<\/p><ol><li><strong>VAD VI G\u00d6R MED PERSONUPPGIFTER<\/strong><\/li><\/ol><p>Dina personuppgifter behandlas av MLM ENGINEERING MIHA FLANDER S.P., ENGINEERING, CESTA POD RIFNIKOM 23 , 3230 \u0160ENTJUR, som \u00e4r bel\u00e4get i Slovenien. Uppgifterna hostas och lagras p\u00e5 https:\/\/mlm-engineering.com\/, som ligger i Europeiska unionen (Tyskland). Ingen tredjepartsleverant\u00f6r har tillg\u00e5ng till dina uppgifter, s\u00e5vida det inte kr\u00e4vs enligt lag.<\/p><ol start=\"4\"><li><strong>HUR L\u00c4NGE DE F\u00d6RVARAS<\/strong><\/li><\/ol><p>Vi anv\u00e4nder permanenta cookies p\u00e5 v\u00e5r webbplats f\u00f6r att l\u00e4nka till sociala tj\u00e4nster och andra \"delnings\"-leverant\u00f6rer, och cookies f\u00f6r att hj\u00e4lpa dig att komma \u00e5t ditt favoritinneh\u00e5ll p\u00e5 v\u00e5r webbplats om och om igen.<\/p><ol start=\"5\"><li><strong>VILKA \u00c4R DINA R\u00c4TTIGHETER?<\/strong><\/li><\/ol><p>Om du anser att de personuppgifter vi har om dig \u00e4r felaktiga eller ofullst\u00e4ndiga, har du m\u00f6jlighet att skicka in en beg\u00e4ran om att granska, korrigera eller radera dessa uppgifter. Kontakta oss via (Data Access Request Form). Om du vill klaga p\u00e5 hur vi har behandlat dina personuppgifter kan du kontakta dataskyddsombudet eller dataskyddskontakten (DPC) p\u00e5 info@mlm-engineering.com\/ eller skriftligen till MLM ENGINEERING MIHA FLANDER S.P., ENGINEERING, CESTA POD RIFNIKOM 23 , 3230 \u0160ENTJUR. V\u00e5r DPC kommer sedan att unders\u00f6ka ditt klagom\u00e5l och informera dig om hur \u00e4rendet har l\u00f6sts. Om du fortfarande anser att dina personuppgifter inte har behandlats korrekt i enlighet med lagen kan du kontakta informationskommission\u00e4ren och l\u00e4mna in ett klagom\u00e5l till honom. Du kan beg\u00e4ra tillg\u00e5ng till sekretessrelaterade policyer och dokument med hj\u00e4lp av ett s\u00e4rskilt formul\u00e4r som finns p\u00e5 sidan Sekretessmeddelande.\u00a0<strong>Relaterade dokument:<\/strong><\/p><ul><li>Policy f\u00f6r skydd av personuppgifter<\/li><li>Policy f\u00f6r lagring av personuppgifter (p\u00e5 beg\u00e4ran via e-post eller personligen)<\/li><li>Schema f\u00f6r lagring av personuppgifter (p\u00e5 beg\u00e4ran via e-post eller personligen)<\/li><li>Meddelande om integritet<\/li><li>Allm\u00e4nna villkor<\/li><li>Formul\u00e4r f\u00f6r samtycke<\/li><li>\u00c5terkallande av samtyckesformul\u00e4r<\/li><\/ul><p>\u0160ENTJUR, 10.6.2022, Ver. Dokument: 1.0<\/p><\/li><\/ol>\t\t\t\t\t<\/div>\n\t\t\t\t\t\t<\/div>\n\t\t\t\t<\/div>\n\t\t\t\t\t\t<\/div>\n\t\t\t\t\t<\/div>\n\t\t<\/div>\n\t\t\t\t\t\t\t\t<\/div>\n\t\t\t\t\t<\/div>\n\t\t<\/section>\n\t\t\t\t\t\t\t\t\t<\/div>\n\t\t\t<\/div>\n\t\t\t\t\t<\/div>","protected":false},"excerpt":{"rendered":"<p>Politika KAJ POTREBUJEMO Na\u0161a politika varovanja osebnih podatkov ureja uporabo in shranjevanje podatkov. Politiko varovanja osebnih podatkov si lahko ogledate na strani Obvestilo o zasebnosti (priloga spodaj). MLM ENGINEERING MIHA FLANDER S.P., IN\u017dINIRING, CESTA POD RIFNIKOM 23 , 3230 \u0160ENTJUR je upravljalec osebnih podatkov, ki jih posreduje (subjekt podatkov: vi, kupec, obiskovalec itd.). Zbiramo naslednje [&hellip;]<\/p>","protected":false},"author":3,"featured_media":0,"parent":0,"menu_order":0,"comment_status":"closed","ping_status":"closed","template":"","meta":{"_seopress_robots_primary_cat":"","_seopress_titles_title":"","_seopress_titles_desc":"","_seopress_robots_index":""},"_links":{"self":[{"href":"https:\/\/shop.mlm-engineering.com\/sv\/wp-json\/wp\/v2\/pages\/2225"}],"collection":[{"href":"https:\/\/shop.mlm-engineering.com\/sv\/wp-json\/wp\/v2\/pages"}],"about":[{"href":"https:\/\/shop.mlm-engineering.com\/sv\/wp-json\/wp\/v2\/types\/page"}],"author":[{"embeddable":true,"href":"https:\/\/shop.mlm-engineering.com\/sv\/wp-json\/wp\/v2\/users\/3"}],"replies":[{"embeddable":true,"href":"https:\/\/shop.mlm-engineering.com\/sv\/wp-json\/wp\/v2\/comments?post=2225"}],"version-history":[{"count":0,"href":"https:\/\/shop.mlm-engineering.com\/sv\/wp-json\/wp\/v2\/pages\/2225\/revisions"}],"wp:attachment":[{"href":"https:\/\/shop.mlm-engineering.com\/sv\/wp-json\/wp\/v2\/media?parent=2225"}],"curies":[{"name":"wp","href":"https:\/\/api.w.org\/{rel}","templated":true}]}}