{"id":2940,"date":"2022-06-29T09:41:37","date_gmt":"2022-06-29T09:41:37","guid":{"rendered":"https:\/\/shop.mlm-engineering.com\/?page_id=2940"},"modified":"2022-06-29T09:45:58","modified_gmt":"2022-06-29T09:45:58","slug":"dostava","status":"publish","type":"page","link":"https:\/\/shop.mlm-engineering.com\/sk\/dostava\/","title":{"rendered":"Dod\u00e1vka"},"content":{"rendered":"<div data-elementor-type=\"wp-page\" data-elementor-id=\"2940\" class=\"elementor elementor-2940\">\n\t\t\t\t\t\t<div class=\"elementor-inner\">\n\t\t\t\t<div class=\"elementor-section-wrap\">\n\t\t\t\t\t\t\t\t\t<section class=\"elementor-section elementor-top-section elementor-element elementor-element-676f2f3 elementor-section-boxed elementor-section-height-default elementor-section-height-default\" data-id=\"676f2f3\" data-element_type=\"section\" data-settings=\"{&quot;background_background&quot;:&quot;classic&quot;}\">\n\t\t\t\t\t\t<div class=\"elementor-container elementor-column-gap-default\">\n\t\t\t\t\t\t\t<div class=\"elementor-row\">\n\t\t\t\t\t<div class=\"elementor-column elementor-col-100 elementor-top-column elementor-element elementor-element-cda71a6\" data-id=\"cda71a6\" data-element_type=\"column\">\n\t\t\t<div class=\"elementor-column-wrap elementor-element-populated\">\n\t\t\t\t\t\t\t<div class=\"elementor-widget-wrap\">\n\t\t\t\t\t\t<div class=\"elementor-element elementor-element-53e4b40 elementor-widget elementor-widget-heading\" data-id=\"53e4b40\" data-element_type=\"widget\" data-widget_type=\"heading.default\">\n\t\t\t\t<div class=\"elementor-widget-container\">\n\t\t\t<h2 class=\"elementor-heading-title elementor-size-default\">Dod\u00e1vka<\/h2>\t\t<\/div>\n\t\t\t\t<\/div>\n\t\t\t\t<div class=\"elementor-element elementor-element-347831f elementor-widget elementor-widget-text-editor\" data-id=\"347831f\" data-element_type=\"widget\" data-widget_type=\"text-editor.default\">\n\t\t\t\t<div class=\"elementor-widget-container\">\n\t\t\t\t\t\t\t\t<div class=\"elementor-text-editor elementor-clearfix\">\n\t\t\t\t<p style=\"font-size: 15px; font-style: normal; font-weight: 400; margin-bottom: 1.6em; font-family: Poppins, sans-serif; font-variant-ligatures: normal; font-variant-caps: normal;\">Uch\u00e1dza\u010d dod\u00e1 tovar alebo slu\u017eby v dohodnutom term\u00edne.<\/p><p style=\"font-size: 15px; font-style: normal; font-weight: 400; margin-bottom: 1.6em; font-family: Poppins, sans-serif; font-variant-ligatures: normal; font-variant-caps: normal;\">Zmluvn\u00fdm partnerom pre doru\u010dovanie bal\u00edkov je Po\u0161ta Slovenije, ale uch\u00e1dza\u010d si vyhradzuje pr\u00e1vo vybra\u0165 si in\u00fa doru\u010dovate\u013esk\u00fa slu\u017ebu, ak to umo\u017en\u00ed efekt\u00edvnej\u0161ie vybavenie objedn\u00e1vky.<\/p><p style=\"font-size: 15px; font-style: normal; font-weight: 400; margin-bottom: 1.6em; font-family: Poppins, sans-serif; font-variant-ligatures: normal; font-variant-caps: normal;\">Dod\u00e1vka a baln\u00e9 bud\u00fa z\u00e1kazn\u00edkovi \u00fa\u010dtovan\u00e9 na konci objedn\u00e1vky ako nov\u00e1 polo\u017eka na fakt\u00fare. Pri objedn\u00e1vkach nad ur\u010dit\u00fa hodnotu s\u00fa baln\u00e9 a doru\u010denie bezplatn\u00e9.<\/p><p style=\"font-size: 15px; font-style: normal; font-weight: 400; margin-bottom: 1.6em; font-family: Poppins, sans-serif; font-variant-ligatures: normal; font-variant-caps: normal;\"><span style=\"font-size: 15px; font-weight: 700;\">\u010cas dodania<\/span><\/p><p style=\"font-size: 15px; font-style: normal; font-weight: 400; margin-bottom: 1.6em; font-family: Poppins, sans-serif; font-variant-ligatures: normal; font-variant-caps: normal;\">V pr\u00edpade v\u00fdrobkov na sklade je dodacia lehota 5-7 pracovn\u00fdch dn\u00ed, ale zvy\u010dajne sa odosielaj\u00fa v ten ist\u00fd de\u0148 a doru\u010duj\u00fa nasleduj\u00faci pracovn\u00fd de\u0148. V pr\u00edpade v\u00fdrobkov, ktor\u00e9 nie s\u00fa na sklade, je dodacia lehota do 15 pracovn\u00fdch dn\u00ed (zvy\u010dajne do 7 dn\u00ed) od prijatia objedn\u00e1vky. V pr\u00edpade dlh\u0161ej dodacej lehoty v\u00e1s budeme o nej informova\u0165 e-mailom alebo telefonicky.<\/p>\t\t\t\t\t<\/div>\n\t\t\t\t\t\t<\/div>\n\t\t\t\t<\/div>\n\t\t\t\t\t\t<\/div>\n\t\t\t\t\t<\/div>\n\t\t<\/div>\n\t\t\t\t\t\t\t\t<\/div>\n\t\t\t\t\t<\/div>\n\t\t<\/section>\n\t\t\t\t\t\t\t\t\t<\/div>\n\t\t\t<\/div>\n\t\t\t\t\t<\/div>","protected":false},"excerpt":{"rendered":"<p>Dostava Ponudnik bo blago oziroma storitev dostavil v dogovorjenem roku. Pogodbeni partner za dostavo po\u0161iljk je Po\u0161ta Slovenije, vendar si ponudnik pridr\u017euje pravico izbrati drugo dostavno slu\u017ebo, \u010de bo s tem lahko naro\u010dilo izpolnil bolj u\u010dinkovito. Dostava in pakiranje se kupca zara\u010dunata ob koncu naro\u010dila kot nova postavka na ra\u010dunu. Za naro\u010dila nad dolo\u010deno vrednostjo [&hellip;]<\/p>","protected":false},"author":6,"featured_media":0,"parent":0,"menu_order":0,"comment_status":"closed","ping_status":"closed","template":"","meta":{"_seopress_robots_primary_cat":"","_seopress_titles_title":"","_seopress_titles_desc":"","_seopress_robots_index":""},"_links":{"self":[{"href":"https:\/\/shop.mlm-engineering.com\/sk\/wp-json\/wp\/v2\/pages\/2940"}],"collection":[{"href":"https:\/\/shop.mlm-engineering.com\/sk\/wp-json\/wp\/v2\/pages"}],"about":[{"href":"https:\/\/shop.mlm-engineering.com\/sk\/wp-json\/wp\/v2\/types\/page"}],"author":[{"embeddable":true,"href":"https:\/\/shop.mlm-engineering.com\/sk\/wp-json\/wp\/v2\/users\/6"}],"replies":[{"embeddable":true,"href":"https:\/\/shop.mlm-engineering.com\/sk\/wp-json\/wp\/v2\/comments?post=2940"}],"version-history":[{"count":0,"href":"https:\/\/shop.mlm-engineering.com\/sk\/wp-json\/wp\/v2\/pages\/2940\/revisions"}],"wp:attachment":[{"href":"https:\/\/shop.mlm-engineering.com\/sk\/wp-json\/wp\/v2\/media?parent=2940"}],"curies":[{"name":"wp","href":"https:\/\/api.w.org\/{rel}","templated":true}]}}