{"id":2934,"date":"2022-06-29T09:37:54","date_gmt":"2022-06-29T09:37:54","guid":{"rendered":"https:\/\/shop.mlm-engineering.com\/?page_id=2934"},"modified":"2022-06-29T09:47:27","modified_gmt":"2022-06-29T09:47:27","slug":"nacin-placila","status":"publish","type":"page","link":"https:\/\/shop.mlm-engineering.com\/ro\/nacin-placila\/","title":{"rendered":"Metoda de plat\u0103"},"content":{"rendered":"<div data-elementor-type=\"wp-page\" data-elementor-id=\"2934\" class=\"elementor elementor-2934\">\n\t\t\t\t\t\t<div class=\"elementor-inner\">\n\t\t\t\t<div class=\"elementor-section-wrap\">\n\t\t\t\t\t\t\t\t\t<section class=\"elementor-section elementor-top-section elementor-element elementor-element-676f2f3 elementor-section-boxed elementor-section-height-default elementor-section-height-default\" data-id=\"676f2f3\" data-element_type=\"section\" data-settings=\"{&quot;background_background&quot;:&quot;classic&quot;}\">\n\t\t\t\t\t\t<div class=\"elementor-container elementor-column-gap-default\">\n\t\t\t\t\t\t\t<div class=\"elementor-row\">\n\t\t\t\t\t<div class=\"elementor-column elementor-col-100 elementor-top-column elementor-element elementor-element-cda71a6\" data-id=\"cda71a6\" data-element_type=\"column\">\n\t\t\t<div class=\"elementor-column-wrap elementor-element-populated\">\n\t\t\t\t\t\t\t<div class=\"elementor-widget-wrap\">\n\t\t\t\t\t\t<div class=\"elementor-element elementor-element-53e4b40 elementor-widget elementor-widget-heading\" data-id=\"53e4b40\" data-element_type=\"widget\" data-widget_type=\"heading.default\">\n\t\t\t\t<div class=\"elementor-widget-container\">\n\t\t\t<h2 class=\"elementor-heading-title elementor-size-default\">Metoda de plat\u0103<\/h2>\t\t<\/div>\n\t\t\t\t<\/div>\n\t\t\t\t<div class=\"elementor-element elementor-element-2a6497c elementor-widget elementor-widget-text-editor\" data-id=\"2a6497c\" data-element_type=\"widget\" data-widget_type=\"text-editor.default\">\n\t\t\t\t<div class=\"elementor-widget-container\">\n\t\t\t\t\t\t\t\t<div class=\"elementor-text-editor elementor-clearfix\">\n\t\t\t\t<p>Ponudnik omogo\u010da naslednje na\u010dine pla\u010dila:<\/p><ul><li>z gotovino dostavljalcu, ob prevzemu paketa<\/li><li>z\u00a0nakazilom na ra\u010dunupravitelja preko UPN obrazca (na spletni banki ali po\u0161ti)<\/li><li>s\u00a0pla\u010dilno kartico<\/li><li>s\u00a0PayPal nakazilomna ra\u010dun upravitelja<\/li><\/ul><p>Ponudnik kupcu izda ra\u010dun na trajnem mediju, z jasno raz\u010dlenjenimi stro\u0161ki in davki.<\/p><p>V primeru zneska naro\u010dila nad 200 \u20ac, pla\u010dilo po povzetju z gotovino ni mogo\u010de, mo\u017eno je le pla\u010dilo preko\u00a0UPN naloga, s\u00a0PayPal\u00a0nakazilom ali pla\u010dilo s\u00a0pla\u010dilno\u00a0kartico.<\/p><p>Popusti, promocije in druge ugodnosti (kot je npr. brezpla\u010dna po\u0161tnina) se med seboj ne se\u0161tevajo.<\/p>\t\t\t\t\t<\/div>\n\t\t\t\t\t\t<\/div>\n\t\t\t\t<\/div>\n\t\t\t\t\t\t<\/div>\n\t\t\t\t\t<\/div>\n\t\t<\/div>\n\t\t\t\t\t\t\t\t<\/div>\n\t\t\t\t\t<\/div>\n\t\t<\/section>\n\t\t\t\t\t\t\t\t\t<\/div>\n\t\t\t<\/div>\n\t\t\t\t\t<\/div>","protected":false},"excerpt":{"rendered":"<p>Na\u010din pla\u010dila Ponudnik omogo\u010da naslednje na\u010dine pla\u010dila: z gotovino dostavljalcu, ob prevzemu paketa z\u00a0nakazilom na ra\u010dunupravitelja preko UPN obrazca (na spletni banki ali po\u0161ti) s\u00a0pla\u010dilno kartico s\u00a0PayPal nakazilomna ra\u010dun upravitelja Ponudnik kupcu izda ra\u010dun na trajnem mediju, z jasno raz\u010dlenjenimi stro\u0161ki in davki. V primeru zneska naro\u010dila nad 200 \u20ac, pla\u010dilo po povzetju z gotovino [&hellip;]<\/p>","protected":false},"author":6,"featured_media":0,"parent":0,"menu_order":0,"comment_status":"closed","ping_status":"closed","template":"","meta":{"_seopress_robots_primary_cat":"","_seopress_titles_title":"","_seopress_titles_desc":"","_seopress_robots_index":""},"_links":{"self":[{"href":"https:\/\/shop.mlm-engineering.com\/ro\/wp-json\/wp\/v2\/pages\/2934"}],"collection":[{"href":"https:\/\/shop.mlm-engineering.com\/ro\/wp-json\/wp\/v2\/pages"}],"about":[{"href":"https:\/\/shop.mlm-engineering.com\/ro\/wp-json\/wp\/v2\/types\/page"}],"author":[{"embeddable":true,"href":"https:\/\/shop.mlm-engineering.com\/ro\/wp-json\/wp\/v2\/users\/6"}],"replies":[{"embeddable":true,"href":"https:\/\/shop.mlm-engineering.com\/ro\/wp-json\/wp\/v2\/comments?post=2934"}],"version-history":[{"count":0,"href":"https:\/\/shop.mlm-engineering.com\/ro\/wp-json\/wp\/v2\/pages\/2934\/revisions"}],"wp:attachment":[{"href":"https:\/\/shop.mlm-engineering.com\/ro\/wp-json\/wp\/v2\/media?parent=2934"}],"curies":[{"name":"wp","href":"https:\/\/api.w.org\/{rel}","templated":true}]}}