{"id":2195,"date":"2022-06-10T07:11:23","date_gmt":"2022-06-10T07:11:23","guid":{"rendered":"https:\/\/shop.mlm-engineering.com\/?page_id=2195"},"modified":"2022-06-29T09:12:29","modified_gmt":"2022-06-29T09:12:29","slug":"splosni-pogoji","status":"publish","type":"page","link":"https:\/\/shop.mlm-engineering.com\/ro\/splosni-pogoji\/","title":{"rendered":"Termeni \u0219i condi\u021bii generale"},"content":{"rendered":"<div data-elementor-type=\"wp-page\" data-elementor-id=\"2195\" class=\"elementor elementor-2195\">\n\t\t\t\t\t\t<div class=\"elementor-inner\">\n\t\t\t\t<div class=\"elementor-section-wrap\">\n\t\t\t\t\t\t\t\t\t<section class=\"elementor-section elementor-top-section elementor-element elementor-element-676f2f3 elementor-section-boxed elementor-section-height-default elementor-section-height-default\" data-id=\"676f2f3\" data-element_type=\"section\" data-settings=\"{&quot;background_background&quot;:&quot;classic&quot;}\">\n\t\t\t\t\t\t<div class=\"elementor-container elementor-column-gap-default\">\n\t\t\t\t\t\t\t<div class=\"elementor-row\">\n\t\t\t\t\t<div class=\"elementor-column elementor-col-100 elementor-top-column elementor-element elementor-element-cda71a6\" data-id=\"cda71a6\" data-element_type=\"column\">\n\t\t\t<div class=\"elementor-column-wrap elementor-element-populated\">\n\t\t\t\t\t\t\t<div class=\"elementor-widget-wrap\">\n\t\t\t\t\t\t<div class=\"elementor-element elementor-element-53e4b40 elementor-widget elementor-widget-heading\" data-id=\"53e4b40\" data-element_type=\"widget\" data-widget_type=\"heading.default\">\n\t\t\t\t<div class=\"elementor-widget-container\">\n\t\t\t<h2 class=\"elementor-heading-title elementor-size-default\">Termeni \u0219i condi\u021bii generale<\/h2>\t\t<\/div>\n\t\t\t\t<\/div>\n\t\t\t\t<div class=\"elementor-element elementor-element-cfd40ef elementor-widget elementor-widget-text-editor\" data-id=\"cfd40ef\" data-element_type=\"widget\" data-widget_type=\"text-editor.default\">\n\t\t\t\t<div class=\"elementor-widget-container\">\n\t\t\t\t\t\t\t\t<div class=\"elementor-text-editor elementor-clearfix\">\n\t\t\t\t<ol><li><strong>SPLO\u0160NO<\/strong><\/li><\/ol><p><strong>Splo\u0161ni pogoji spletne strani\u00a0<a href=\"https:\/\/prideshop.eu\/\">https:\/\/shop.mlm-engineering.com\/<\/a>\u00a0( MLM Engineering Miha Flander s.p., In\u017einiring)\u00a0so sestavljeni v skladu z Zakonom o varstvu potro\u0161nikov (ZVPot), Zakonom o varstvu osebnih podatkov (ZVOP-1) ter Zakonom o elektronskih komunikacijah (ZEKom-1).<\/strong><\/p><p>S spletno stranjo\u00a0<strong>https:\/\/shop.mlm-engineering.com\/<\/strong>\u00a0upravlja podjetje MLM Engineering Miha Flander s.p., In\u017einiring, Cesta pod Rifnikom 23, 3230 \u0160entjur, Slovenija.<\/p><p>Nakupovanje in naro\u010danje v https:\/\/shop.mlm-engineering.com\/\/ poteka 24 ur na dan, vse dni v letu. Zaradi razli\u010dnih tehni\u010dnih razlogov sta poslovanje ali dostop do spletne strani v\u010dasih v kratkih intervalih onemogo\u010dena, saj potekajo vzdr\u017eevanja spletne strani. Zaradi vzdr\u017eevanja spletne strani lahko prihaja do ob\u010dasnih motenj na spletni strani in s tem nepravilnih podatkov o cenah izdelkov, opisov in stanja zalog. Ponudnik ne odgovarja za nepravilne podatke, ki nastanejo pri vzdr\u017eevanju, hkrati pa bo kupca obvestil o morebitnih te\u017eavah, ki bi nastale ob naro\u010dilu. Ponudnik si pridr\u017euje pravico, da za dolo\u010den ali nedolo\u010den \u010das omeji ali popolnoma ustavi prodajo nekaterih, lahko pa tudi vseh izdelkov, ali da za dolo\u010den ali nedolo\u010den \u010das omeji ali popolnoma ustavi dostop do strani spletne trgovine. Ponudnik ne prevzema odgovornosti za nedelovanje trgovine zaradi neznanja uporabe, kakr\u0161nih koli posledic zlorabe spletne trgovine, nedelovanja storitve zaradi izpada omre\u017eja, izpada elektri\u010dne energije ali drugih tehni\u010dnih motenj, ki bi lahko za\u010dasno ali za dalj\u0161i \u010das motile uporabo.<\/p><p>Kupca zavezujejo splo\u0161ni pogoji, ki so veljavni v trenutku nakupa \u2013 oddaje spletnega naro\u010dila. Uporabnik je ob oddaji naro\u010dila vsaki\u010d posebej opozorjen na splo\u0161ne pogoje poslovanja in z oddajo naro\u010dila potrdi svojo seznanjenost z njimi.<\/p><p>Storitve spletne trgovine koristite, ko se registrirate kot uporabnik, ali pa\u00a0 opravite nakup brez registracije. Ob registraciji v sistemu pridobite uporabni\u0161ko ime, ki je enako naslovu va\u0161e e-po\u0161te, in geslo. Z registracijo ali s hitrim nakupom postanete uporabnik in pridobite pravico do nakupa. To velja za vse osebe, starej\u0161e od 16 let.<\/p><p>Ponudnik si pridr\u017euje pravico do kakr\u0161nih koli sprememb splo\u0161nih pogojev poslovanja brez posebne najave. Spremembe veljajo od trenutka objave in so za uporabnika zavezujo\u010de.<\/p><ol start=\"2\"><li><strong>POSTOPEK NAKUPA<\/strong><\/li><\/ol><p>Ko najdete izdelke, ki jih \u017eelite naro\u010diti, kliknite na ikono \u201dv ko\u0161arico\u201d. Zgoraj desno v ko\u0161arici lahko spremljate, koliko artiklov je v njej. \u010ce z mi\u0161ko kliknete na gumb ko\u0161arica, se prika\u017ee seznam artiklov, ki jih imate v ko\u0161arici, skupni znesek in ostali koraki nakupa.<\/p><ol start=\"3\"><li><strong>NA\u010cIN PLA\u010cILA<\/strong><\/li><\/ol><p>Pri spletnem nakupu je mo\u017eno pla\u010dati na naslednje na\u010dine:<\/p><p>Pla\u010dilo po povzetju: Pla\u010dilo po povzetju vam omogo\u010da, da izdelek pla\u010date \u0161ele, ko vam ga dostavna slu\u017eba (Po\u0161ta Slovenije) pripelje na dom. Pla\u010dilo je mo\u017eno z gotovino. Dostavna slu\u017eba za tovrstno storitev poleg dostave zara\u010dunava tudi provizijo, ki ni zajeta na ra\u010dunu. Paket boste prevzeli in pla\u010dali na va\u0161i najbli\u017eji po\u0161tni poslovalnici.<\/p><p>Pla\u010dilo po predra\u010dunu: po po\u0161ti ali na e-naslov, ki ste ga navedli v naro\u010dilu, prejmete predra\u010dun. Po pla\u010dilu predra\u010duna sledi odprema po\u0161iljke v roku 1- 4 delovne dni, za izdelke, ki jih ni na zalogi in izdelke po naro\u010dilu, je dobavni rok do 15 dni od prejetega naro\u010dila. V primeru prejetega ve\u010djega \u0161tevila izdelkov po naro\u010dilu, si pridr\u017eujemo pravico do dalj\u0161ega dobavnega roka.<br \/>V primeru, da ste izbrali pla\u010dilo po predra\u010dunu, lahko le-tega poravnate na objavljen transakcijski ra\u010dun. Sklic je enak \u0161tevilki naro\u010dila!<\/p><p>Pla\u010dilo s Paypalom: sprejemamo pla\u010dila preko Paypala. Pri zaklju\u010dku naro\u010dila se bo odprla PayPal stran, kjer opravite pla\u010dilo.<\/p><p>Pri nakupu veljajo cene v trenutku potrditve naro\u010dila. Vse cene vsebujejo DDV. Cene v spletni prodajalni se lahko spremenijo brez predhodnega obvestila.<\/p><p>V primeru kakr\u0161nihkoli napak pri cenah vam bomo omogo\u010dili odstop od nakupa. V ceno izdelka je v\u0161teta dostava za relacijo od 0 do 15 km. V primeru, da je relacija od sede\u017ea dru\u017ebe MLM Engineering Miha Flander s.p., In\u017einiring in prejemnika izdelka ve\u010d kot 15km, se stro\u0161ki prevoza dodatno obra\u010dunajo.<\/p><ol start=\"4\"><li><strong>CENE<\/strong><\/li><\/ol><p>Vse cene so v evrih in vklju\u010dujejo DDV (davek na dodano vrednost). Pri nakupu veljajo cene v trenutku potrditve naro\u010dila. Pri nakupu bomo upo\u0161tevali ceno, ki velja ob potrdilu pla\u010dila. Cene v spletni prodajalni se lahko spremenijo brez predhodnega obvestila. Slike so simboli\u010dne.<\/p><p>V ceno izdelka je v\u0161teta dostava do 15km od lokacije sede\u017ea MLM Engineering Miha Flander s.p., In\u017einiring do prejemnikovega naslova. V kolikor je relacija dalj\u0161a se le ta dodatno obra\u010duna.<\/p><p><strong>AKCIJE IN DRUGI POPUSTI<\/strong><\/p><p>Uporabniki spletne trgovine lahko kupujete izdelke po akcijskih cenah in cenah s popusti. Razli\u010dne akcije, promocije in druge tr\u017ene tehnike so ozna\u010dene. Pri vsakem izdelku, za katerega akcija ali cena s popustom velja, so jasno dolo\u010deni pogoji udele\u017ebe v njih.<\/p><p><strong>PROMOCIJSKE KODE S POPUSTOM<\/strong><\/p><p>Uporabniki lahko dolo\u010dene izdelke kupujete s pomo\u010djo posebnih promocijskih kod, ki jih dobite na razli\u010dne na\u010dine (na letakih, na dru\u017ebenih omre\u017ejih, preko mailinga). Promocijska koda prina\u0161a razli\u010dne ugodnosti pri nakupu in je \u010dasovno omejena. Pravila uporabe so jasno dolo\u010dena.<\/p><ol start=\"5\"><li><strong>ZASEBNOST IN VARSTVO OSEBNIH PODATKOV<\/strong><\/li><\/ol><p>Upravitelj spletne trgovine MLM Engineering Miha Flander s.p., In\u017einiring je v skladu z Zakonom o varstvu osebnih podatkov (ZVOP-1-UPB1) zavezan k varovanju osebnih podatkov svojih uporabnikov.<\/p><p>Osebni podatki na\u0161ih uporabnikov so eno izmed podro\u010dij, kateremu posve\u010damo izredno skrb in pozornost. Poskrbimo, da so vse zahteve dose\u017eene in jih tudi prese\u017eemo, saj se zavedamo ob\u010dutljive narave tega podro\u010dja. Vsi osebni podatki uporabnika spletne trgovine so zaupni in ne bodo v nobenem primeru posredovani nepoobla\u0161\u010denim osebam. Osebni podatek je informacija, ki vas identificira kot posameznika: va\u0161e ime, priimek, elektronski ali navadni naslov, itd. Za to\u010dnost podatkov, ki jih vnesete uporabniki, ne odgovarjamo. Va\u0161ih osebnih podatkov ne zbiramo, razen v primeru, ko nam vi to omogo\u010dite oz. v to privolite \u2013 ob naro\u010dilu izdelkov ali kadar se naro\u010dite na na\u0161e e-novice. Od na\u0161ih novic se lahko odjavite kadarkoli, in sicer\u00a0nainfo@shop.mlm-engineering.com.\u00a0\u010ce se spremenijo va\u0161i osebni podatki, vas prosimo, da nas o spremembah obvestite\u00a0nainfo@shop.mlm-engineering.com.\u00a0Za varovanje osebnih podatkov je odgovoren tudi uporabnik sam tako, da poskrbi za varnost svojega uporabni\u0161kega imena in gesla ter ustrezno programsko (protivirusno) za\u0161\u010dito svojega ra\u010dunalnika.<\/p><p><strong>Za potrebe poslovanja MLM Engineering Miha Flander s.p., In\u017einiring zbira naslednje uporabnikove podatke:<\/strong><\/p><ul><li>ime in priimek,<\/li><li>naslov in kraj bivanja,<\/li><li>naslov elektronske po\u0161te (tvoje uporabni\u0161ko ime),<\/li><li>kontaktno telefonsko \u0161tevilko,<\/li><li>geslo v \u0161ifrirani obliki,<\/li><li>ter ostale podatke, ki jih uporabniki vnesete v obrazce na spletnem mestu https:\/\/shop.mlm-engineering.com\/<\/li><\/ul><p>Ve\u010dino strani v spletni trgovini lahko obi\u0161\u010dete, ne da bi razkrili svoje osebne podatke, kljub temu pa nekatere informacije pridobimo samodejno z uporabo pi\u0161kotkov, standardnih orodij v spletni industriji. Uporaba pi\u0161kotkov in spletnih signalov nam omogo\u010da, da prepoznamo va\u0161 IP-naslov, vrsto brskalnika, ki ga uporabljate, in va\u0161o splo\u0161no aktivnost na spletu. IP-naslovi se zbirajo za potrebe zagotavljanja varnosti.<\/p><p>Vsakemu uporabniku je ob za\u010detku obiska dodeljen sejni pi\u0161kotek za identifikacijo in spremljanje nakupovalne ko\u0161arice. Vsi omenjeni podatki, razen pi\u0161kotkov, se na stre\u017eniku podjetja MLM Engineering Miha Flander s.p., In\u017einiring shranjujejo trajno. Sejni pi\u0161kotki se v pomnilnik stre\u017enika shranjujejo le za \u010das trajanja obiska in se izbri\u0161ejo po eni uri neaktivnosti, trajni pi\u0161kotki pa so shranjeni na ra\u010dunalniku obiskovalca.<\/p><p>\u010ce v va\u0161em ra\u010dunalniku izklopite pi\u0161kotke, nakupa v spletni trgovini ne bo mogo\u010de opraviti.<\/p><p><strong>IZJEMNO RAZKRITJE OSEBNIH PODATKOV<\/strong><\/p><p>Podatki, ki jih MLM Engineering Miha Flander s.p., In\u017einiring zbira in obdeluje, bodo razkriti le, \u010de je taka obveznost dolo\u010dena v zakonu ali v dobri veri, da je tako ukrepanje potrebno za postopke pred sodi\u0161\u010di ali drugimi dr\u017eavnimi organi ter za za\u0161\u010dito in uresni\u010devanje zakonitih interesov MLM Engineering Miha Flander s.p., In\u017einiring<\/p><p><strong>O PI\u0160KOTKIH \u2013\u00a0KAJ SO PI\u0160KOTKI IN ZAKAJ SU POTREBNI?<\/strong><\/p><p>Pi\u0161kotek je kratko besedilo, ki ga spletna stran ob va\u0161em obisku po\u0161lje brskalniku. Tako vas spletna stran prepozna, si z njim zapomni podatke o va\u0161em obisku in vam omogo\u010di prijazno ter enostavnej\u0161o spletno storitev. S pomo\u010djo pi\u0161kotkov prilagajamo vsebino na na\u0161i spletni strani, si zapomnimo va\u0161e preference in bele\u017eimo obisk na\u0161e spletne trgovine. Brskanje po na\u0161i spletni trgovini je s pi\u0161kotki prijetnej\u0161e, hitrej\u0161e in predvsem u\u010dinkovitej\u0161e.<\/p><ol start=\"6\"><li><strong>NARO\u010cILA<\/strong><\/li><\/ol><p><strong>ZAVRNITEV NARO\u010cILA<\/strong><\/p><p>Naro\u010dilo se zavrne, \u010de se ugotovi, da ga pod navedenimi pogoji in podatki, s katerimi spletna trgovina razpolaga, ne more izvesti. Kupec ne more zahtevati izpolnitve takega naro\u010dila.<\/p><p><strong>OBDELAVA NARO\u010cILA<\/strong><\/p><p>Spletna trgovina z aktivnostmi, potrebnimi za izvedbo sprejetega naro\u010dila, pri\u010dne takoj po prejemu. Ponudnik mora blago oz. storitev dostaviti v obljubljenem \u010dasu. Ob dobavi mora uporabniku nuditi \u0161e dodatne informacije glede pravice do odstopa, predvsem pogoje in na\u010din izvr\u0161itve same pravice. Zagotoviti mora vse potrebne informacije glede naslova, kamor se uporabnik lahko obrne v primeru prito\u017ebe.<\/p><p><strong>HRANJENJE NARO\u010cILA<\/strong><\/p><p>Oddano elektronsko naro\u010dilo oz. sklenjena pogodba o nakupu je shranjena na sede\u017eu podjetja. Kupec lahko vsa svoja naro\u010dila spremlja na svojem profilu.<\/p><p><strong>ODSTOP OD NARO\u010cILA<\/strong><\/p><p>Kupec lahko v skladu s 43. \u010dlenom Zakona o varstvu potro\u0161nikov v 14 dneh po prejemu blaga ponudniku brez posebnega razloga pisno sporo\u010di odstop od pogodbe oz. naro\u010dila. Obvestilo o odstopu lahko kupec predlo\u017ei na obrazcu\u00a0ali z nedvoumno izjavo, iz katere jasno izhaja, da odstopa od pogodbe.<\/p><p>V primeru odstopa od pogodbe podjetje nemudoma oziroma najpozneje v 14-ih dneh po prejemu obvestila o odstopu od pogodbe povrne kupcu vsa prejeta pla\u010dila. Podjetje povrne pla\u010dila potro\u0161niku z enakim pla\u010dilnim sredstvom, kot ga je uporabil potro\u0161nik, razen, \u010de je potro\u0161nik zahteval uporabo drugega. Potro\u0161nik pri vra\u010dilu denarja ne nosi nobenih stro\u0161kov.<\/p><p>Kupec mora blago vrniti\u00a0 v \u010dasu 14 dni po sporo\u010dilu o odstopu od naro\u010dila. Po vra\u010dilu blaga prejme kupec vra\u010dilo denarja. Obrazec za odstop najdete na spletu.<\/p><ol start=\"7\"><li><strong>DOSTAVA IN PO\u0160TNINA<\/strong><\/li><\/ol><p><strong>PO\u0160TNINA IN DOSTAVA<\/strong><\/p><p>Naro\u010dila\u00a0 obi\u010dajno odpremimo v skladu z dogovorjenim rokom. S stranko se dogovorimo za datum dostave. Dostavo vr\u0161imo s svojim lastnim prevozom.<\/p><p>V ceno izdelka je v\u0161teta dostava do 15km od lokacije sede\u017ea MLM Engineering Miha Flander s.p., In\u017einiring do prejemnikovega naslova. V kolikor je relacija dalj\u0161a se le ta dodatno obra\u010duna.<\/p><p><strong>OSEBNI PREVZEM<\/strong><\/p><p>Izdelke lahko prevzamete tudi osebno na sede\u017eu podjetja. Pri zaklju\u010dku nakupa pri tem izberete mo\u017enost OSEBNI PREVZEM. Stro\u0161kov po\u0161tnine v tem primeru ni.<\/p><ol start=\"8\"><li><strong>POPRODAJNE STORITVE \u2013 GARANCIJA<\/strong><\/li><\/ol><p>\u010ce izdelek, za katero je izdana garancija ne deluje brezhibno ali nima lastnosti, navedenih v garancijskem listu ali oglasnem sporo\u010dilu, lahko potro\u0161nik najprej zahteva odpravo napak. \u010ce napake niso odpravljene v skupnem roku 45 dni od dneva, ko je proizvajalec, prodajalec ali poobla\u0161\u010deni servis od potro\u0161nika prejel zahtevo za odpravo napak, mora prodajalec potro\u0161niku brezpla\u010dno zamenjati z enakim, novim in brezhibnim blagom. \u010ce prodajalec v roku iz prej\u0161njega odstavka ne popravi ali ne zamenja blaga z novim, lahko potro\u0161nik razdre pogodbo ali zahteva zni\u017eanje kupnine.<\/p><p>Za zamenjano blago ali zamenjani bistveni del blaga z novim mora prodajalec izdati nov reklamacijski zahtevek. Pravice potro\u0161nika iz tega \u010dlena ugasnejo po dveh letih od dneva, ko je potro\u0161nik zahteval brezpla\u010dno odpravo napak ali zamenjavo blaga z novim.<\/p><ol start=\"9\"><li><strong>REKLAMACIJE<\/strong><\/li><\/ol><p>Vsi izdelki so pred dostavo pregledani in odposlani nepo\u0161kodovani.<\/p><p><strong>V PRIMERU NA\u0160E NAPAKE<\/strong><\/p><p>V primeru, da dostavljeni izdelki ne ustrezajo lastnostim oz. specifikacijam naro\u010denih izdelkov, nas morate o tem obvestiti v 8 dneh od datuma prejema izdelka. Prosimo vas, da izdelke vrnete v originalni prodajni embala\u017ei ter v stanju, kakr\u0161nem ste izdelek prejeli. Prilo\u017eite izpolnjen reklamacijski obrazec, ki ga na zahtevo po\u0161ljemo po elektronski po\u0161ti, s kratkim opisom, kaj je razlog za vra\u010dilo. Znesek v vrednosti vrnjenega izdelka, brez stro\u0161kov dostave vam bomo vrnili, priznali kot dobropis ali pa se dogovorimo za izvedbo novega izdelka.<\/p><ol start=\"10\"><li><strong>INFORMACIJA O PRITO\u017dBENEM POSTOPKU<\/strong><\/li><\/ol><p>MLM Engineering Miha Flander s.p., In\u017einiring, Cesta pod Rifnikom 23, 3230 \u0160entjur spo\u0161tuje veljavno zakonodajo o varstvu potro\u0161nikov in se po najbolj\u0161ih mo\u010deh trudi izpolnjevati svojo dol\u017enost vzpostavitve u\u010dinkovitega sistema obravnavanja prito\u017eb.<\/p><p>Stranka lahko vlo\u017ei prito\u017ebo na ve\u010d na\u010dinov, in sicer pisno, preko elektronske po\u0161te\u00a0info@shop.mlm-engineering.com\u00a0in ustno na zapisnik v trgovini MLM Engineering Miha Flander s.p., In\u017einiring, Cesta pod Rifnikom 23, 3230 \u0160entjur.<\/p><p>Pristojno osebje v podjetju MLM Engineering Miha Flander s.p., In\u017einiring, Cesta pod Rifnikom 23, 3230 \u0160entjur bo o prito\u017ebi odlo\u010dilo v najkraj\u0161em mo\u017enem \u010dasu, oziroma najkasneje v roku 8 dni od prejema celotne dokumentacije, ki je potrebna za presojo. MLM Engineering Miha Flander s.p., In\u017einiring \u00a0bo poslal odgovor na prito\u017ebo z ustreznimi pojasnili v pisni obliki na kontaktni naslov stranke (v ve\u010dini primerov na elektronski naslov). Stranka ima pravico na prito\u017ebo vlo\u017eiti ugovor. MLM Engineering Miha Flander s.p., In\u017einiring bo v roku 15 delovnih dni poslal odlo\u010ditev o ugovoru z ustreznimi pojasnili v pisni obliki na kontaktni naslov stranke. S tem je odlo\u010ditev podjetja MLM Engineering Miha Flander s.p., In\u017einiring dokon\u010dna in interni prito\u017ebeni postopek zaklju\u010den. V primeru, da stranka ni zadovoljna z re\u0161itvijo prito\u017ebe, lahko vlo\u017ei to\u017ebo pri pristojnem sodi\u0161\u010du.<\/p><ol start=\"11\"><li><strong>RE\u0160EVANJE SPOROV<\/strong><\/li><\/ol><p>Kupec se v primeru napak pri po\u0161iljanju ali na dobavljenem blagu obrne najprej na prodajalca neposredno, s prito\u017ebo. Prodajalec nato, v primernem \u010dasu, glede na naravo problema, kupcu odgovori tako, da prito\u017ebo zavrne ali potrdi ter ponudi mo\u017ene re\u0161itve zadeve.<\/p><p>V kolikor stranki spora ne moreta re\u0161iti preko prito\u017ebe, z medsebojnim sporazumevanjem, je za spore pristojno sodi\u0161\u010de ustrezne pristojnosti v Celju.<\/p><p>V skladu z 32. \u010dlenom Zakona o izvensodnem re\u0161evanju sporov (ZIsRPS) MLM Engineering Miha Flander s.p., In\u017einiring, Cesta pod Rifnikom 23, 3230 \u0160entjur ne priznava pristojnosti izvajalcev IRPS za re\u0161evanje potro\u0161ni\u0161kega spora, ki ga kupec lahko spro\u017ei v skladu s tem zakonom. Prito\u017ebo lahko kupec vlo\u017ei tudi na EU platformi za spletno re\u0161evanje potro\u0161ni\u0161kih sporov (SRPS). Spletna povezava do SRPS je dostopna\u00a0<strong><u><a href=\"https:\/\/ec.europa.eu\/consumers\/odr\/main\/index.cfm?event=main.home.chooseLanguage\">tukaj.<\/a><\/u><\/strong><\/p><ol start=\"12\"><li><strong>DOSTOPNOST INFORMACIJ<\/strong><\/li><\/ol><p><strong>Zavezujemo se, da bomo kupcu vselej zagotovil naslednje informacije:<\/strong><\/p><ul><li>identiteto podjetja (ime in sede\u017e podjetja, \u0161tevilka registra);<\/li><li>kontaktne podatke, ki uporabniku omogo\u010dajo hitro in u\u010dinkovito komunikacijo (e-po\u0161ta, telefon);<\/li><li>bistvene zna\u010dilnosti blaga oziroma storitev (vklju\u010dno s poprodajnimi storitvami in garancijami);<\/li><li>kon\u010dno ceno blaga ali storitve, vklju\u010dno z davki, ali na\u010din izra\u010duna cene, \u010de je zaradi narave blaga ali storitve ni mogo\u010de izra\u010dunati vnaprej;<\/li><li>dostopnost izdelkov (vsak izdelek ali storitev, ki je v ponudbi na spletnem mestu, naj bi bil dostopen v razumljivem roku);<\/li><li>pla\u010dilne pogoje, pogoje dostave izdelka ali izvr\u0161itve storitve (na\u010din, kraj in rok dostave);<\/li><li>informacije o morebitnih dodatnih stro\u0161kih prevoza, dostave ali po\u0161iljanja ali opozorilo, da taki stro\u0161ki lahko nastanejo, \u010de jih ni mogo\u010de vnaprej izra\u010dunati;<\/li><li>\u010dasovno veljavnost ponudbe;<\/li><li>pogoje, roke in postopke v primeru odstopa od pogodbe; poleg tega tudi o tem, \u010de in koliko so stro\u0161ki vra\u010dila blaga;<\/li><li>pojasnilo postopka ob prito\u017ebi, vklju\u010dno z vsemi podatki o kontaktni osebi ali slu\u017ebi za stike s kupci;<\/li><li>seznanitev z odgovornostjo za stvarne napake;<\/li><li>mo\u017enost in pogoje poprodajnih storitev in prostovoljne garancije, kadar je to potrebno;<\/li><li>informacijo o zdru\u017eljivosti digitalne vsebine s strojno in programsko opremo, s katero je podjetje seznanjeno oziroma bi moralo biti seznanjeno.<\/li><\/ul><p>Pri pripravi spletne strani lahko pride do napak, na katere ne moremo vplivati in zanje ne odgovarjamo. V primeru velikega odstopanja cen ali tehni\u010dnih podatkov vas bomo ob va\u0161em naro\u010dilu o tem obvestili.<\/p><ol start=\"13\"><li><strong>VARNOST<\/strong><\/li><\/ol><p>Nakupovanje in pla\u010devanje prek spletne trgovine je varno. Vse denarne transakcije, opravljene v spletni trgovini, so za\u0161\u010ditene s protokolom Secure Sockets Layer (SSL) in protokolom varnega \u0161ifriranja podatkov. Vsa pla\u010dila, opravljena s pla\u010dilno kartico, so zaradi va\u0161e varnosti obdelana v realnem \u010dasu s takoj\u0161njim preverjanjem podatkov pri bankah.<\/p><p>Vsi podatki, ki nam jih posredujete, so zakodirani s pomo\u010djo tehnologije za \u0161ifriranje podatkov SSL. Postopek \u0161ifriranja podatkov omogo\u010da, da osebnih podatkov ni mogo\u010de prestre\u010di. Osebni podatki se v kodirani obliki prenesejo z va\u0161ega ra\u010dunalnika v avtorizacijski stre\u017enik banke in se ne shranjujejo na stre\u017eniku ponudnika. \u010ce \u017eelite preveriti, ali je va\u0161 brskalnik med pla\u010devanjem v varnem na\u010dinu, poi\u0161\u010dite ikono klju\u010davnice v spodnjem kotu ali na koncu vrstice z naslovom v brskalniku.<\/p><ol start=\"14\"><li><strong>ODGOVORNOST IN INTELEKTUALNA LASTNINA<\/strong><\/li><\/ol><p>Pri urejanju spletne strani sku\u0161amo zagotavljati to\u010dnost in a\u017eurnost informacij. Kljub temu pa je kazenska in civilna odgovornost za stvarne in pravne napake v informacijah popolnoma izklju\u010dena in ne odgovarjamo za nikakr\u0161no neposredno ali posredno \u0161kodo ali neprijetnosti, ki bi lahko uporabniku nastale zaradi uporabe morebitnih napa\u010dnih ali neto\u010dnih informacij, ki bi se zna\u0161le na tej spletnih strani.<\/p><p>Pridr\u017eujemo si pravico, da vse informacije, ki so vklju\u010dene ali dosegljive na tej spletni strani kadarkoli, brez predhodnega opozorila spremenimo. Vsebine, objavljene na tej spletni strani, nimajo zna\u010daja uradnega dokumenta, razen kadar je to posebej navedeno. Prav tako ne odgovarjamo uporabnikom za morebitno \u0161kodo, ki bi lahko nastala zaradi tehni\u010dnih te\u017eav, oziroma zaradi nezmo\u017enosti dostopa do spletne strani ali nezmo\u017enosti uporabe informacij, ki se nahajajo ali izhajajo iz spletne strani.<\/p><p>Na tej spletni strani so tudi povezave na druge spletne strani pravnih in fizi\u010dnih oseb, za katere ne sprejemamo nikakr\u0161ne odgovornosti za vsebino, obliko in a\u017euriranje teh strani kot tudi ne za njihovo morebitno politiko do obiskovalcev spletnih strani.<\/p><p>Vsa besedila, slike, grafike, animacije in drugi dokumenti, ki jih vsebujejo spletne strani, so v zakonsko dovoljenem okviru predmet avtorske za\u0161\u010dite ali druge oblike za\u0161\u010dite intelektualne lastnine. Vsebine spletnih strani ni dovoljeno kopirati, razpe\u010devati, spreminjati ali na kakr\u0161enkoli drug na\u010din reproducirati, razen v primeru pisnega na\u0161ega soglasja.<\/p><p><strong>PODATKI O PODJETJU<\/strong><\/p><p>MLM Engineering Miha Flander s.p., In\u017einiring<br \/>Cesta pod Rifnikom 23, 3230 \u0160entjur<\/p><p>V primeru obiska na sede\u017eu podjetja, Vas prosimo, da nas prej pokli\u010dete! Hvala!<\/p><p>Email:info@shop.mlm-engineering.com<br \/>Web: https:\/\/shop.mlm-engineering.com\/<\/p>\t\t\t\t\t<\/div>\n\t\t\t\t\t\t<\/div>\n\t\t\t\t<\/div>\n\t\t\t\t\t\t<\/div>\n\t\t\t\t\t<\/div>\n\t\t<\/div>\n\t\t\t\t\t\t\t\t<\/div>\n\t\t\t\t\t<\/div>\n\t\t<\/section>\n\t\t\t\t\t\t\t\t\t<\/div>\n\t\t\t<\/div>\n\t\t\t\t\t<\/div>","protected":false},"excerpt":{"rendered":"<p>Splo\u0161ni pogoji SPLO\u0160NO Splo\u0161ni pogoji spletne strani\u00a0https:\/\/shop.mlm-engineering.com\/\u00a0( MLM Engineering Miha Flander s.p., In\u017einiring)\u00a0so sestavljeni v skladu z Zakonom o varstvu potro\u0161nikov (ZVPot), Zakonom o varstvu osebnih podatkov (ZVOP-1) ter Zakonom o elektronskih komunikacijah (ZEKom-1). S spletno stranjo\u00a0https:\/\/shop.mlm-engineering.com\/\u00a0upravlja podjetje MLM Engineering Miha Flander s.p., In\u017einiring, Cesta pod Rifnikom 23, 3230 \u0160entjur, Slovenija. Nakupovanje in naro\u010danje v [&hellip;]<\/p>","protected":false},"author":3,"featured_media":0,"parent":0,"menu_order":0,"comment_status":"closed","ping_status":"closed","template":"","meta":{"_seopress_robots_primary_cat":"","_seopress_titles_title":"","_seopress_titles_desc":"","_seopress_robots_index":""},"_links":{"self":[{"href":"https:\/\/shop.mlm-engineering.com\/ro\/wp-json\/wp\/v2\/pages\/2195"}],"collection":[{"href":"https:\/\/shop.mlm-engineering.com\/ro\/wp-json\/wp\/v2\/pages"}],"about":[{"href":"https:\/\/shop.mlm-engineering.com\/ro\/wp-json\/wp\/v2\/types\/page"}],"author":[{"embeddable":true,"href":"https:\/\/shop.mlm-engineering.com\/ro\/wp-json\/wp\/v2\/users\/3"}],"replies":[{"embeddable":true,"href":"https:\/\/shop.mlm-engineering.com\/ro\/wp-json\/wp\/v2\/comments?post=2195"}],"version-history":[{"count":0,"href":"https:\/\/shop.mlm-engineering.com\/ro\/wp-json\/wp\/v2\/pages\/2195\/revisions"}],"wp:attachment":[{"href":"https:\/\/shop.mlm-engineering.com\/ro\/wp-json\/wp\/v2\/media?parent=2195"}],"curies":[{"name":"wp","href":"https:\/\/api.w.org\/{rel}","templated":true}]}}