{"id":2940,"date":"2022-06-29T09:41:37","date_gmt":"2022-06-29T09:41:37","guid":{"rendered":"https:\/\/shop.mlm-engineering.com\/?page_id=2940"},"modified":"2022-06-29T09:45:58","modified_gmt":"2022-06-29T09:45:58","slug":"dostava","status":"publish","type":"page","link":"https:\/\/shop.mlm-engineering.com\/pt\/dostava\/","title":{"rendered":"Entrega"},"content":{"rendered":"<div data-elementor-type=\"wp-page\" data-elementor-id=\"2940\" class=\"elementor elementor-2940\">\n\t\t\t\t\t\t<div class=\"elementor-inner\">\n\t\t\t\t<div class=\"elementor-section-wrap\">\n\t\t\t\t\t\t\t\t\t<section class=\"elementor-section elementor-top-section elementor-element elementor-element-676f2f3 elementor-section-boxed elementor-section-height-default elementor-section-height-default\" data-id=\"676f2f3\" data-element_type=\"section\" data-settings=\"{&quot;background_background&quot;:&quot;classic&quot;}\">\n\t\t\t\t\t\t<div class=\"elementor-container elementor-column-gap-default\">\n\t\t\t\t\t\t\t<div class=\"elementor-row\">\n\t\t\t\t\t<div class=\"elementor-column elementor-col-100 elementor-top-column elementor-element elementor-element-cda71a6\" data-id=\"cda71a6\" data-element_type=\"column\">\n\t\t\t<div class=\"elementor-column-wrap elementor-element-populated\">\n\t\t\t\t\t\t\t<div class=\"elementor-widget-wrap\">\n\t\t\t\t\t\t<div class=\"elementor-element elementor-element-53e4b40 elementor-widget elementor-widget-heading\" data-id=\"53e4b40\" data-element_type=\"widget\" data-widget_type=\"heading.default\">\n\t\t\t\t<div class=\"elementor-widget-container\">\n\t\t\t<h2 class=\"elementor-heading-title elementor-size-default\">Entrega<\/h2>\t\t<\/div>\n\t\t\t\t<\/div>\n\t\t\t\t<div class=\"elementor-element elementor-element-347831f elementor-widget elementor-widget-text-editor\" data-id=\"347831f\" data-element_type=\"widget\" data-widget_type=\"text-editor.default\">\n\t\t\t\t<div class=\"elementor-widget-container\">\n\t\t\t\t\t\t\t\t<div class=\"elementor-text-editor elementor-clearfix\">\n\t\t\t\t<p style=\"font-size: 15px; font-style: normal; font-weight: 400; margin-bottom: 1.6em; font-family: Poppins, sans-serif; font-variant-ligatures: normal; font-variant-caps: normal;\">O proponente entregar\u00e1 os bens ou servi\u00e7os dentro do prazo acordado.<\/p><p style=\"font-size: 15px; font-style: normal; font-weight: 400; margin-bottom: 1.6em; font-family: Poppins, sans-serif; font-variant-ligatures: normal; font-variant-caps: normal;\">O parceiro contratual para a entrega das encomendas \u00e9 a Po\u0161ta Slovenije, mas o proponente reserva-se o direito de escolher outro servi\u00e7o de entrega se tal permitir uma execu\u00e7\u00e3o mais eficiente da encomenda.<\/p><p style=\"font-size: 15px; font-style: normal; font-weight: 400; margin-bottom: 1.6em; font-family: Poppins, sans-serif; font-variant-ligatures: normal; font-variant-caps: normal;\">A entrega e a embalagem ser\u00e3o cobradas ao cliente no final da encomenda como uma nova rubrica na fatura. Para encomendas superiores a um determinado valor, a embalagem e a entrega s\u00e3o gratuitas.<\/p><p style=\"font-size: 15px; font-style: normal; font-weight: 400; margin-bottom: 1.6em; font-family: Poppins, sans-serif; font-variant-ligatures: normal; font-variant-caps: normal;\"><span style=\"font-size: 15px; font-weight: 700;\">Prazo de entrega<\/span><\/p><p style=\"font-size: 15px; font-style: normal; font-weight: 400; margin-bottom: 1.6em; font-family: Poppins, sans-serif; font-variant-ligatures: normal; font-variant-caps: normal;\">Para os produtos em stock, o prazo de entrega \u00e9 de 5 a 7 dias \u00fateis, mas normalmente \u00e9 expedido no mesmo dia e entregue no dia \u00fatil seguinte. Para os produtos que n\u00e3o est\u00e3o em stock, o prazo de entrega \u00e9 de at\u00e9 15 dias \u00fateis (geralmente at\u00e9 7 dias) ap\u00f3s a rece\u00e7\u00e3o da encomenda. No caso de um prazo de entrega mais longo, inform\u00e1-lo-emos por correio eletr\u00f3nico ou por telefone.<\/p>\t\t\t\t\t<\/div>\n\t\t\t\t\t\t<\/div>\n\t\t\t\t<\/div>\n\t\t\t\t\t\t<\/div>\n\t\t\t\t\t<\/div>\n\t\t<\/div>\n\t\t\t\t\t\t\t\t<\/div>\n\t\t\t\t\t<\/div>\n\t\t<\/section>\n\t\t\t\t\t\t\t\t\t<\/div>\n\t\t\t<\/div>\n\t\t\t\t\t<\/div>","protected":false},"excerpt":{"rendered":"<p>Dostava Ponudnik bo blago oziroma storitev dostavil v dogovorjenem roku. Pogodbeni partner za dostavo po\u0161iljk je Po\u0161ta Slovenije, vendar si ponudnik pridr\u017euje pravico izbrati drugo dostavno slu\u017ebo, \u010de bo s tem lahko naro\u010dilo izpolnil bolj u\u010dinkovito. Dostava in pakiranje se kupca zara\u010dunata ob koncu naro\u010dila kot nova postavka na ra\u010dunu. Za naro\u010dila nad dolo\u010deno vrednostjo [&hellip;]<\/p>","protected":false},"author":6,"featured_media":0,"parent":0,"menu_order":0,"comment_status":"closed","ping_status":"closed","template":"","meta":{"_seopress_robots_primary_cat":"","_seopress_titles_title":"","_seopress_titles_desc":"","_seopress_robots_index":""},"_links":{"self":[{"href":"https:\/\/shop.mlm-engineering.com\/pt\/wp-json\/wp\/v2\/pages\/2940"}],"collection":[{"href":"https:\/\/shop.mlm-engineering.com\/pt\/wp-json\/wp\/v2\/pages"}],"about":[{"href":"https:\/\/shop.mlm-engineering.com\/pt\/wp-json\/wp\/v2\/types\/page"}],"author":[{"embeddable":true,"href":"https:\/\/shop.mlm-engineering.com\/pt\/wp-json\/wp\/v2\/users\/6"}],"replies":[{"embeddable":true,"href":"https:\/\/shop.mlm-engineering.com\/pt\/wp-json\/wp\/v2\/comments?post=2940"}],"version-history":[{"count":0,"href":"https:\/\/shop.mlm-engineering.com\/pt\/wp-json\/wp\/v2\/pages\/2940\/revisions"}],"wp:attachment":[{"href":"https:\/\/shop.mlm-engineering.com\/pt\/wp-json\/wp\/v2\/media?parent=2940"}],"curies":[{"name":"wp","href":"https:\/\/api.w.org\/{rel}","templated":true}]}}