{"id":2934,"date":"2022-06-29T09:37:54","date_gmt":"2022-06-29T09:37:54","guid":{"rendered":"https:\/\/shop.mlm-engineering.com\/?page_id=2934"},"modified":"2022-06-29T09:47:27","modified_gmt":"2022-06-29T09:47:27","slug":"nacin-placila","status":"publish","type":"page","link":"https:\/\/shop.mlm-engineering.com\/pt\/nacin-placila\/","title":{"rendered":"M\u00e9todo de pagamento"},"content":{"rendered":"<div data-elementor-type=\"wp-page\" data-elementor-id=\"2934\" class=\"elementor elementor-2934\">\n\t\t\t\t\t\t<div class=\"elementor-inner\">\n\t\t\t\t<div class=\"elementor-section-wrap\">\n\t\t\t\t\t\t\t\t\t<section class=\"elementor-section elementor-top-section elementor-element elementor-element-676f2f3 elementor-section-boxed elementor-section-height-default elementor-section-height-default\" data-id=\"676f2f3\" data-element_type=\"section\" data-settings=\"{&quot;background_background&quot;:&quot;classic&quot;}\">\n\t\t\t\t\t\t<div class=\"elementor-container elementor-column-gap-default\">\n\t\t\t\t\t\t\t<div class=\"elementor-row\">\n\t\t\t\t\t<div class=\"elementor-column elementor-col-100 elementor-top-column elementor-element elementor-element-cda71a6\" data-id=\"cda71a6\" data-element_type=\"column\">\n\t\t\t<div class=\"elementor-column-wrap elementor-element-populated\">\n\t\t\t\t\t\t\t<div class=\"elementor-widget-wrap\">\n\t\t\t\t\t\t<div class=\"elementor-element elementor-element-53e4b40 elementor-widget elementor-widget-heading\" data-id=\"53e4b40\" data-element_type=\"widget\" data-widget_type=\"heading.default\">\n\t\t\t\t<div class=\"elementor-widget-container\">\n\t\t\t<h2 class=\"elementor-heading-title elementor-size-default\">M\u00e9todo de pagamento<\/h2>\t\t<\/div>\n\t\t\t\t<\/div>\n\t\t\t\t<div class=\"elementor-element elementor-element-2a6497c elementor-widget elementor-widget-text-editor\" data-id=\"2a6497c\" data-element_type=\"widget\" data-widget_type=\"text-editor.default\">\n\t\t\t\t<div class=\"elementor-widget-container\">\n\t\t\t\t\t\t\t\t<div class=\"elementor-text-editor elementor-clearfix\">\n\t\t\t\t<p>O prestador oferece os seguintes m\u00e9todos de pagamento:<\/p><ul><li>em dinheiro \u00e0 pessoa que efectua a entrega, aquando da recolha da encomenda<\/li><li>por transfer\u00eancia para a conta do administrador atrav\u00e9s do formul\u00e1rio UPN (banco em linha ou correio)<\/li><li>por cart\u00e3o de pagamento<\/li><li>Transfer\u00eancia PayPal para a conta do administrador<\/li><\/ul><p>O fornecedor facturar\u00e1 o comprador num suporte duradouro, com uma discrimina\u00e7\u00e3o clara dos custos e impostos.<\/p><p>No caso de um montante de encomenda superior a 200 \u20ac, n\u00e3o \u00e9 poss\u00edvel efetuar o pagamento na entrega, apenas o pagamento por encomenda UPN, transfer\u00eancia PayPal ou pagamento por cart\u00e3o de cr\u00e9dito.<\/p><p>Os descontos, promo\u00e7\u00f5es e outros benef\u00edcios (como os portes de correio gratuitos) n\u00e3o s\u00e3o cumulativos.<\/p>\t\t\t\t\t<\/div>\n\t\t\t\t\t\t<\/div>\n\t\t\t\t<\/div>\n\t\t\t\t\t\t<\/div>\n\t\t\t\t\t<\/div>\n\t\t<\/div>\n\t\t\t\t\t\t\t\t<\/div>\n\t\t\t\t\t<\/div>\n\t\t<\/section>\n\t\t\t\t\t\t\t\t\t<\/div>\n\t\t\t<\/div>\n\t\t\t\t\t<\/div>","protected":false},"excerpt":{"rendered":"<p>Na\u010din pla\u010dila Ponudnik omogo\u010da naslednje na\u010dine pla\u010dila: z gotovino dostavljalcu, ob prevzemu paketa z\u00a0nakazilom na ra\u010dunupravitelja preko UPN obrazca (na spletni banki ali po\u0161ti) s\u00a0pla\u010dilno kartico s\u00a0PayPal nakazilomna ra\u010dun upravitelja Ponudnik kupcu izda ra\u010dun na trajnem mediju, z jasno raz\u010dlenjenimi stro\u0161ki in davki. V primeru zneska naro\u010dila nad 200 \u20ac, pla\u010dilo po povzetju z gotovino [&hellip;]<\/p>","protected":false},"author":6,"featured_media":0,"parent":0,"menu_order":0,"comment_status":"closed","ping_status":"closed","template":"","meta":{"_seopress_robots_primary_cat":"","_seopress_titles_title":"","_seopress_titles_desc":"","_seopress_robots_index":""},"_links":{"self":[{"href":"https:\/\/shop.mlm-engineering.com\/pt\/wp-json\/wp\/v2\/pages\/2934"}],"collection":[{"href":"https:\/\/shop.mlm-engineering.com\/pt\/wp-json\/wp\/v2\/pages"}],"about":[{"href":"https:\/\/shop.mlm-engineering.com\/pt\/wp-json\/wp\/v2\/types\/page"}],"author":[{"embeddable":true,"href":"https:\/\/shop.mlm-engineering.com\/pt\/wp-json\/wp\/v2\/users\/6"}],"replies":[{"embeddable":true,"href":"https:\/\/shop.mlm-engineering.com\/pt\/wp-json\/wp\/v2\/comments?post=2934"}],"version-history":[{"count":0,"href":"https:\/\/shop.mlm-engineering.com\/pt\/wp-json\/wp\/v2\/pages\/2934\/revisions"}],"wp:attachment":[{"href":"https:\/\/shop.mlm-engineering.com\/pt\/wp-json\/wp\/v2\/media?parent=2934"}],"curies":[{"name":"wp","href":"https:\/\/api.w.org\/{rel}","templated":true}]}}