{"id":2217,"date":"2022-06-10T07:15:57","date_gmt":"2022-06-10T07:15:57","guid":{"rendered":"https:\/\/shop.mlm-engineering.com\/?page_id=2217"},"modified":"2022-06-29T09:26:39","modified_gmt":"2022-06-29T09:26:39","slug":"kolofon","status":"publish","type":"page","link":"https:\/\/shop.mlm-engineering.com\/pt\/kolofon\/","title":{"rendered":"Colof\u00e3o"},"content":{"rendered":"<div data-elementor-type=\"wp-page\" data-elementor-id=\"2217\" class=\"elementor elementor-2217\">\n\t\t\t\t\t\t<div class=\"elementor-inner\">\n\t\t\t\t<div class=\"elementor-section-wrap\">\n\t\t\t\t\t\t\t\t\t<section class=\"elementor-section elementor-top-section elementor-element elementor-element-676f2f3 elementor-section-boxed elementor-section-height-default elementor-section-height-default\" data-id=\"676f2f3\" data-element_type=\"section\" data-settings=\"{&quot;background_background&quot;:&quot;classic&quot;}\">\n\t\t\t\t\t\t<div class=\"elementor-container elementor-column-gap-default\">\n\t\t\t\t\t\t\t<div class=\"elementor-row\">\n\t\t\t\t\t<div class=\"elementor-column elementor-col-100 elementor-top-column elementor-element elementor-element-cda71a6\" data-id=\"cda71a6\" data-element_type=\"column\">\n\t\t\t<div class=\"elementor-column-wrap elementor-element-populated\">\n\t\t\t\t\t\t\t<div class=\"elementor-widget-wrap\">\n\t\t\t\t\t\t<div class=\"elementor-element elementor-element-53e4b40 elementor-widget elementor-widget-heading\" data-id=\"53e4b40\" data-element_type=\"widget\" data-widget_type=\"heading.default\">\n\t\t\t\t<div class=\"elementor-widget-container\">\n\t\t\t<h2 class=\"elementor-heading-title elementor-size-default\">Colof\u00e3o<\/h2>\t\t<\/div>\n\t\t\t\t<\/div>\n\t\t\t\t<div class=\"elementor-element elementor-element-cfd40ef elementor-widget elementor-widget-text-editor\" data-id=\"cfd40ef\" data-element_type=\"widget\" data-widget_type=\"text-editor.default\">\n\t\t\t\t<div class=\"elementor-widget-container\">\n\t\t\t\t\t\t\t\t<div class=\"elementor-text-editor elementor-clearfix\">\n\t\t\t\t<div class=\"elementor-element elementor-element-53e4b40 elementor-widget elementor-widget-heading\" data-id=\"53e4b40\" data-element_type=\"widget\" data-widget_type=\"heading.default\"><div class=\"elementor-widget-container\"><h2 class=\"elementor-heading-title elementor-size-default\"><span style=\"font-size: 16px;\">Os s\u00edtios Web foram desenvolvidos por n\u00f3s e pelo nosso fornecedor de servi\u00e7os Web.<\/span><\/h2><\/div><\/div><div class=\"elementor-element elementor-element-cfd40ef elementor-widget elementor-widget-text-editor\" data-id=\"cfd40ef\" data-element_type=\"widget\" data-widget_type=\"text-editor.default\"><div class=\"elementor-widget-container\"><div class=\"elementor-text-editor elementor-clearfix\"><p><strong>Objetivo dos s\u00edtios Web<\/strong><br \/>As informa\u00e7\u00f5es contidas no s\u00edtio Web destinam-se apenas a fins de demonstra\u00e7\u00e3o, no \u00e2mbito da atividade principal para a qual estamos registados - o fabrico de artigos de carpintaria e mobili\u00e1rio de interior. Comprometemo-nos a garantir que as informa\u00e7\u00f5es contidas no s\u00edtio Web s\u00e3o verdadeiras, fi\u00e1veis e de elevada qualidade.<br \/>N\u00e3o nos responsabilizamos por eventuais erros tipogr\u00e1ficos e reservamo-nos o direito de alterar os conte\u00fados em qualquer altura e sem aviso pr\u00e9vio, caso n\u00e3o estejam de acordo com a pol\u00edtica da nossa empresa.<\/p><p><strong>Direito de utiliza\u00e7\u00e3o<\/strong><br \/>O s\u00edtio Web e todos os seus conte\u00fados est\u00e3o protegidos por direitos de propriedade industrial e intelectual. Quaisquer informa\u00e7\u00f5es, textos, imagens ou outros elementos gr\u00e1ficos que se encontrem neste s\u00edtio Web podem ser utilizados exclusivamente para seu uso pessoal e n\u00e3o comercial e n\u00e3o podem ser reproduzidos, modificados, distribu\u00eddos, licenciados ou emitidos sob a forma de publica\u00e7\u00f5es, no todo ou em parte, para qualquer outro fim que n\u00e3o a visualiza\u00e7\u00e3o, sem a autoriza\u00e7\u00e3o pr\u00e9via por escrito do Administrador.<\/p><p><strong>Assumir responsabilidades<\/strong><br \/>Ao conceber o s\u00edtio Web, tentamos assegurar que as informa\u00e7\u00f5es sejam actualizadas e exactas. N\u00e3o garantimos a sua exatid\u00e3o ou integridade e n\u00e3o aceitamos qualquer responsabilidade decorrente da sua utiliza\u00e7\u00e3o. Todos os utilizadores utilizam os conte\u00fados publicados por sua pr\u00f3pria conta e risco.<br \/>Reservamo-nos o direito de alterar o conte\u00fado dos nossos s\u00edtios Web em qualquer altura, de qualquer forma, por qualquer motivo e sem aviso pr\u00e9vio.<\/p><p><strong>Implementa\u00e7\u00e3o tecnol\u00f3gica<\/strong><br \/>A implementa\u00e7\u00e3o tecnol\u00f3gica foi assegurada por uma ag\u00eancia de programa\u00e7\u00e3o e design em coopera\u00e7\u00e3o com a nossa empresa.<\/p><p>\u00a0<\/p><p>Nome da empresa: MLM ENGINEERING MIHA FLANDER S.P., ENGINEERING<br \/>Endere\u00e7o: CESTA POD RIFNIKOM 23 , 3230 \u0160ENTJUR<br \/>Correio eletr\u00f3nico: info@mlm-engineering.com\/<br \/>S\u00edtio Web: https:\/\/mlm-engineering.com\/<\/p><p>\u0160ENTJUR, 10.6.2022<\/p><\/div><\/div><\/div>\t\t\t\t\t<\/div>\n\t\t\t\t\t\t<\/div>\n\t\t\t\t<\/div>\n\t\t\t\t\t\t<\/div>\n\t\t\t\t\t<\/div>\n\t\t<\/div>\n\t\t\t\t\t\t\t\t<\/div>\n\t\t\t\t\t<\/div>\n\t\t<\/section>\n\t\t\t\t\t\t\t\t\t<\/div>\n\t\t\t<\/div>\n\t\t\t\t\t<\/div>","protected":false},"excerpt":{"rendered":"<p>Kolofon Spletne strani smo pripravili sami skupaj z izvajalcem spletnih storitev. Namen spletnih straniPodatki na spletni strani so predstavitvene narave s podro\u010dja osnovne dejavnosti za katere smo registrirani \u2013 proizvodnja stavbnega in notranjega pohi\u0161tva. Zavezujemo se, da so podatki na spletnem mestu resni\u010dni, zanesljivi in kakovostni.Ne odgovarjamo za morebitne tipkarske napake, pridr\u017eujemo si pravico, da [&hellip;]<\/p>","protected":false},"author":3,"featured_media":0,"parent":0,"menu_order":0,"comment_status":"closed","ping_status":"closed","template":"","meta":{"_seopress_robots_primary_cat":"","_seopress_titles_title":"","_seopress_titles_desc":"","_seopress_robots_index":""},"_links":{"self":[{"href":"https:\/\/shop.mlm-engineering.com\/pt\/wp-json\/wp\/v2\/pages\/2217"}],"collection":[{"href":"https:\/\/shop.mlm-engineering.com\/pt\/wp-json\/wp\/v2\/pages"}],"about":[{"href":"https:\/\/shop.mlm-engineering.com\/pt\/wp-json\/wp\/v2\/types\/page"}],"author":[{"embeddable":true,"href":"https:\/\/shop.mlm-engineering.com\/pt\/wp-json\/wp\/v2\/users\/3"}],"replies":[{"embeddable":true,"href":"https:\/\/shop.mlm-engineering.com\/pt\/wp-json\/wp\/v2\/comments?post=2217"}],"version-history":[{"count":0,"href":"https:\/\/shop.mlm-engineering.com\/pt\/wp-json\/wp\/v2\/pages\/2217\/revisions"}],"wp:attachment":[{"href":"https:\/\/shop.mlm-engineering.com\/pt\/wp-json\/wp\/v2\/media?parent=2217"}],"curies":[{"name":"wp","href":"https:\/\/api.w.org\/{rel}","templated":true}]}}