{"id":2209,"date":"2022-06-10T07:13:58","date_gmt":"2022-06-10T07:13:58","guid":{"rendered":"https:\/\/shop.mlm-engineering.com\/?page_id=2209"},"modified":"2022-06-29T09:41:26","modified_gmt":"2022-06-29T09:41:26","slug":"politika-zasebnosti","status":"publish","type":"page","link":"https:\/\/shop.mlm-engineering.com\/pt\/politika-zasebnosti\/","title":{"rendered":"Pol\u00edtica de privacidade"},"content":{"rendered":"<div data-elementor-type=\"wp-page\" data-elementor-id=\"2209\" class=\"elementor elementor-2209\">\n\t\t\t\t\t\t<div class=\"elementor-inner\">\n\t\t\t\t<div class=\"elementor-section-wrap\">\n\t\t\t\t\t\t\t\t\t<section class=\"elementor-section elementor-top-section elementor-element elementor-element-676f2f3 elementor-section-boxed elementor-section-height-default elementor-section-height-default\" data-id=\"676f2f3\" data-element_type=\"section\" data-settings=\"{&quot;background_background&quot;:&quot;classic&quot;}\">\n\t\t\t\t\t\t<div class=\"elementor-container elementor-column-gap-default\">\n\t\t\t\t\t\t\t<div class=\"elementor-row\">\n\t\t\t\t\t<div class=\"elementor-column elementor-col-100 elementor-top-column elementor-element elementor-element-cda71a6\" data-id=\"cda71a6\" data-element_type=\"column\">\n\t\t\t<div class=\"elementor-column-wrap elementor-element-populated\">\n\t\t\t\t\t\t\t<div class=\"elementor-widget-wrap\">\n\t\t\t\t\t\t<div class=\"elementor-element elementor-element-53e4b40 elementor-widget elementor-widget-heading\" data-id=\"53e4b40\" data-element_type=\"widget\" data-widget_type=\"heading.default\">\n\t\t\t\t<div class=\"elementor-widget-container\">\n\t\t\t<h2 class=\"elementor-heading-title elementor-size-default\">Pol\u00edtica de privacidade<\/h2>\t\t<\/div>\n\t\t\t\t<\/div>\n\t\t\t\t<div class=\"elementor-element elementor-element-cfd40ef elementor-widget elementor-widget-text-editor\" data-id=\"cfd40ef\" data-element_type=\"widget\" data-widget_type=\"text-editor.default\">\n\t\t\t\t<div class=\"elementor-widget-container\">\n\t\t\t\t\t\t\t\t<div class=\"elementor-text-editor elementor-clearfix\">\n\t\t\t\t<ol><li><strong>O QUE NECESSITAMOS<\/strong><\/li><\/ol><div class=\"elementor-element elementor-element-53e4b40 elementor-widget elementor-widget-heading\" data-id=\"53e4b40\" data-element_type=\"widget\" data-widget_type=\"heading.default\"><div class=\"elementor-widget-container\"><h2 class=\"elementor-heading-title elementor-size-default\">Pol\u00edtica de privacidade<\/h2><\/div><\/div><div class=\"elementor-element elementor-element-cfd40ef elementor-widget elementor-widget-text-editor\" data-id=\"cfd40ef\" data-element_type=\"widget\" data-widget_type=\"text-editor.default\"><div class=\"elementor-widget-container\"><div class=\"elementor-text-editor elementor-clearfix\"><ol><li><strong>O QUE NECESSITAMOS<\/strong><\/li><\/ol><p>A nossa pol\u00edtica de privacidade rege a utiliza\u00e7\u00e3o e o armazenamento de dados pessoais. Pode consultar a nossa pol\u00edtica de privacidade na p\u00e1gina do Aviso de Privacidade (em anexo). A MLM ENGINEERING MIHA FLANDER S.P., ENGINEERING, CESTA POD RIFNIKOM 23 , 3230 \u0160ENTJUR \u00e9 a respons\u00e1vel pelo tratamento dos dados pessoais que fornece (titular dos dados: o utilizador, cliente, visitante, etc.). Recolhemos os seguintes tipos de dados pessoais:<\/p><ul><li>Endere\u00e7o de correio eletr\u00f3nico;<\/li><li>Nome, morada, endere\u00e7o de correio eletr\u00f3nico e n\u00famero de telefone;<\/li><li>Dados de pagamento, tais como dados do cart\u00e3o de cr\u00e9dito ou de d\u00e9bito, Paypal e outros m\u00e9todos de pagamento;<\/li><li>C\u00f3pias de documentos de identidade que confirmem a exatid\u00e3o dos dados pessoais;<\/li><li>Cookies;<\/li><li>Google Analytics e Yandex e Cloudflare para controlo de visitas;<\/li><li>Liga\u00e7\u00f5es para perfis pessoais em grupos sociais.<\/li><\/ul><p>Cada tipo de dados pessoais \u00e9 obtido com base na necessidade e com um consentimento separado.<\/p><ol start=\"2\"><li><strong>PORQUE \u00c9 QUE PRECISAMOS DELES<\/strong><\/li><\/ol><p>Precisamos dos seus dados pessoais para os seguintes servi\u00e7os:<\/p><ol><li><ol><li>Endere\u00e7o de correio eletr\u00f3nico para responder \u00e0s suas mensagens de correio eletr\u00f3nico ou mensagens enviadas atrav\u00e9s de formul\u00e1rios de contacto;<\/li><li>Endere\u00e7o de correio eletr\u00f3nico para o envio de ofertas e boletins informativos;<\/li><li>Nome, morada, endere\u00e7o de correio eletr\u00f3nico e n\u00famero de telefone para efeitos de rece\u00e7\u00e3o de reservas, pedidos de informa\u00e7\u00e3o e envio de or\u00e7amentos ou no \u00e2mbito da satisfa\u00e7\u00e3o de outros pedidos do utilizador;<\/li><li>Nome, morada, endere\u00e7o de correio eletr\u00f3nico e n\u00famero de telefone para comprar vales de oferta, vales ou servi\u00e7os e artigos relacionados com a nossa oferta;<\/li><li>Informa\u00e7\u00f5es sobre os meios de pagamento e c\u00f3pias dos documentos de identidade para a presta\u00e7\u00e3o de servi\u00e7os;<\/li><li>Endere\u00e7o de correio eletr\u00f3nico para marketing autom\u00e1tico (confirma\u00e7\u00f5es de reserva, notas de agradecimento, etc.);<\/li><li>Cookies para o funcionamento dos s\u00edtios Web;<\/li><li>Comunicar atrav\u00e9s de grupos sociais com perfis pessoais que confirmem a sua liga\u00e7\u00e3o connosco;<\/li><li>Nome, morada, endere\u00e7o de correio eletr\u00f3nico e n\u00famero de telefone para sorteios ocasionais ou outras promo\u00e7\u00f5es com a autoriza\u00e7\u00e3o pr\u00e9via do utilizador;<\/li><li>Dados agregados do Google Analytics ou do Yandex Direct e do Cloudflare para o acompanhamento de visitas e an\u00e1lises internas para melhorar o conte\u00fado.<\/li><\/ol><\/li><\/ol><p>\u00a0<\/p><ol><li><strong>O QUE FAZEMOS COM OS DADOS PESSOAIS<\/strong><\/li><\/ol><p>Os seus dados pessoais s\u00e3o processados pela MLM ENGINEERING MIHA FLANDER S.P., ENGINEERING, CESTA POD RIFNIKOM 23 , 3230 \u0160ENTJUR, que est\u00e1 localizada na Eslov\u00e9nia. Os dados s\u00e3o hospedados e armazenados em https:\/\/mlm-engineering.com\/, que est\u00e1 localizado na Uni\u00e3o Europeia (Alemanha). Nenhum provedor de terceiros tem acesso aos seus dados, a menos que exigido por lei.<\/p><ol start=\"4\"><li><strong>O TEMPO DE CONSERVA\u00c7\u00c3O<\/strong><\/li><\/ol><p>Utilizamos cookies persistentes no nosso s\u00edtio Web para estabelecer liga\u00e7\u00f5es a servi\u00e7os sociais e outros fornecedores de \"partilha\", bem como cookies para o ajudar a aceder repetidamente aos seus conte\u00fados favoritos no nosso s\u00edtio Web.<\/p><ol start=\"5\"><li><strong>QUAIS S\u00c3O OS SEUS DIREITOS<\/strong><\/li><\/ol><p>Se considerar que os dados pessoais que temos sobre si est\u00e3o incorrectos ou incompletos, tem a oportunidade de apresentar um pedido de revis\u00e3o, corre\u00e7\u00e3o ou elimina\u00e7\u00e3o desses dados. Se pretender apresentar uma reclama\u00e7\u00e3o sobre a forma como trat\u00e1mos os seus dados pessoais, contacte o Respons\u00e1vel pela Prote\u00e7\u00e3o de Dados ou o Contacto para a Prote\u00e7\u00e3o de Dados (CPD) atrav\u00e9s do endere\u00e7o info@mlm-engineering.com\/ ou por escrito para MLM ENGINEERING MIHA FLANDER S.P., ENGINEERING, CESTA POD RIFNIKOM 23 , 3230 \u0160ENTJUR. O nosso CPD investigar\u00e1 a sua reclama\u00e7\u00e3o e inform\u00e1-lo-\u00e1 da resolu\u00e7\u00e3o do problema. Se, ainda assim, considerar que os seus dados pessoais n\u00e3o foram devidamente tratados em conformidade com a lei, pode contactar o Comiss\u00e1rio da Informa\u00e7\u00e3o e apresentar-lhe uma queixa. Pode solicitar o acesso a pol\u00edticas e documentos relacionados com a privacidade utilizando um formul\u00e1rio especial que pode ser encontrado na p\u00e1gina da Pol\u00edtica de Privacidade.\u00a0<strong>Documentos relacionados:<\/strong><\/p><ul><li>Pol\u00edtica de prote\u00e7\u00e3o de dados pessoais<\/li><li>Pol\u00edtica de conserva\u00e7\u00e3o de dados pessoais (a pedido, por correio eletr\u00f3nico ou pessoalmente)<\/li><li>Calend\u00e1rio de conserva\u00e7\u00e3o dos dados pessoais (a pedido, por correio eletr\u00f3nico ou pessoalmente)<\/li><li>Aviso de privacidade<\/li><li>Termos e condi\u00e7\u00f5es gerais<\/li><li>Formul\u00e1rio de consentimento<\/li><li>Retirada do formul\u00e1rio de consentimento<\/li><\/ul><p>\u0160ENTJUR, 10.6.2022, Ver. Documento: 1.0<\/p><\/div><\/div><\/div>\t\t\t\t\t<\/div>\n\t\t\t\t\t\t<\/div>\n\t\t\t\t<\/div>\n\t\t\t\t\t\t<\/div>\n\t\t\t\t\t<\/div>\n\t\t<\/div>\n\t\t\t\t\t\t\t\t<\/div>\n\t\t\t\t\t<\/div>\n\t\t<\/section>\n\t\t\t\t\t\t\t\t\t<\/div>\n\t\t\t<\/div>\n\t\t\t\t\t<\/div>","protected":false},"excerpt":{"rendered":"<p>Politika zasebnosti KAJ POTREBUJEMO Politika zasebnosti KAJ POTREBUJEMO Na\u0161a politika varovanja osebnih podatkov ureja uporabo in shranjevanje podatkov. Politiko varovanja osebnih podatkov si lahko ogledate na strani Obvestilo o zasebnosti (priloga spodaj). MLM ENGINEERING MIHA FLANDER S.P., IN\u017dINIRING, CESTA POD RIFNIKOM 23 , 3230 \u0160ENTJUR je upravljalec osebnih podatkov, ki jih posreduje (subjekt podatkov: vi, [&hellip;]<\/p>","protected":false},"author":3,"featured_media":0,"parent":0,"menu_order":0,"comment_status":"closed","ping_status":"closed","template":"","meta":{"_seopress_robots_primary_cat":"","_seopress_titles_title":"","_seopress_titles_desc":"","_seopress_robots_index":""},"_links":{"self":[{"href":"https:\/\/shop.mlm-engineering.com\/pt\/wp-json\/wp\/v2\/pages\/2209"}],"collection":[{"href":"https:\/\/shop.mlm-engineering.com\/pt\/wp-json\/wp\/v2\/pages"}],"about":[{"href":"https:\/\/shop.mlm-engineering.com\/pt\/wp-json\/wp\/v2\/types\/page"}],"author":[{"embeddable":true,"href":"https:\/\/shop.mlm-engineering.com\/pt\/wp-json\/wp\/v2\/users\/3"}],"replies":[{"embeddable":true,"href":"https:\/\/shop.mlm-engineering.com\/pt\/wp-json\/wp\/v2\/comments?post=2209"}],"version-history":[{"count":0,"href":"https:\/\/shop.mlm-engineering.com\/pt\/wp-json\/wp\/v2\/pages\/2209\/revisions"}],"wp:attachment":[{"href":"https:\/\/shop.mlm-engineering.com\/pt\/wp-json\/wp\/v2\/media?parent=2209"}],"curies":[{"name":"wp","href":"https:\/\/api.w.org\/{rel}","templated":true}]}}