{"id":2225,"date":"2022-06-10T07:17:31","date_gmt":"2022-06-10T07:17:31","guid":{"rendered":"https:\/\/shop.mlm-engineering.com\/?page_id=2225"},"modified":"2022-06-29T09:27:53","modified_gmt":"2022-06-29T09:27:53","slug":"piskotki","status":"publish","type":"page","link":"https:\/\/shop.mlm-engineering.com\/pl\/piskotki\/","title":{"rendered":"Pliki cookie"},"content":{"rendered":"<div data-elementor-type=\"wp-page\" data-elementor-id=\"2225\" class=\"elementor elementor-2225\">\n\t\t\t\t\t\t<div class=\"elementor-inner\">\n\t\t\t\t<div class=\"elementor-section-wrap\">\n\t\t\t\t\t\t\t\t\t<section class=\"elementor-section elementor-top-section elementor-element elementor-element-676f2f3 elementor-section-boxed elementor-section-height-default elementor-section-height-default\" data-id=\"676f2f3\" data-element_type=\"section\" data-settings=\"{&quot;background_background&quot;:&quot;classic&quot;}\">\n\t\t\t\t\t\t<div class=\"elementor-container elementor-column-gap-default\">\n\t\t\t\t\t\t\t<div class=\"elementor-row\">\n\t\t\t\t\t<div class=\"elementor-column elementor-col-100 elementor-top-column elementor-element elementor-element-cda71a6\" data-id=\"cda71a6\" data-element_type=\"column\">\n\t\t\t<div class=\"elementor-column-wrap elementor-element-populated\">\n\t\t\t\t\t\t\t<div class=\"elementor-widget-wrap\">\n\t\t\t\t\t\t<div class=\"elementor-element elementor-element-53e4b40 elementor-widget elementor-widget-heading\" data-id=\"53e4b40\" data-element_type=\"widget\" data-widget_type=\"heading.default\">\n\t\t\t\t<div class=\"elementor-widget-container\">\n\t\t\t<h2 class=\"elementor-heading-title elementor-size-default\">Politika \n<\/h2>\t\t<\/div>\n\t\t\t\t<\/div>\n\t\t\t\t<div class=\"elementor-element elementor-element-cfd40ef elementor-widget elementor-widget-text-editor\" data-id=\"cfd40ef\" data-element_type=\"widget\" data-widget_type=\"text-editor.default\">\n\t\t\t\t<div class=\"elementor-widget-container\">\n\t\t\t\t\t\t\t\t<div class=\"elementor-text-editor elementor-clearfix\">\n\t\t\t\t<ol><li><ol><li><strong>CZEGO POTRZEBUJEMY<\/strong><\/li><\/ol><p>Nasza polityka prywatno\u015bci reguluje wykorzystywanie i przechowywanie danych osobowych. Z nasz\u0105 polityk\u0105 prywatno\u015bci mo\u017cna zapozna\u0107 si\u0119 na stronie Polityka prywatno\u015bci (za\u0142\u0105czona poni\u017cej). MLM ENGINEERING MIHA FLANDER S.P., ENGINEERING, CESTA POD RIFNIKOM 23 , 3230 \u0160ENTJUR jest administratorem danych osobowych, kt\u00f3re udost\u0119pnia (podmiot danych: u\u017cytkownik, klient, odwiedzaj\u0105cy itp.). Gromadzimy nast\u0119puj\u0105ce rodzaje danych osobowych:<\/p><ul><li>Adres e-mail;<\/li><li>Imi\u0119 i nazwisko, adres, adres e-mail i numer telefonu;<\/li><li>Szczeg\u00f3\u0142y p\u0142atno\u015bci, takie jak dane karty kredytowej lub debetowej, Paypal i inne metody p\u0142atno\u015bci;<\/li><li>Kopie dokument\u00f3w to\u017csamo\u015bci potwierdzaj\u0105ce prawid\u0142owo\u015b\u0107 danych osobowych;<\/li><li>Pliki cookie;<\/li><li>Google Analytics oraz \u015bledzenie odwiedzin Yandex i Cloudflare;<\/li><li>Linki do osobistych profili na grupach spo\u0142eczno\u015bciowych.<\/li><\/ul><p>Ka\u017cdy rodzaj danych osobowych uzyskujemy na podstawie konieczno\u015bci i za odr\u0119bn\u0105 zgod\u0105.<\/p><ol start=\"2\"><li><strong>DLACZEGO ICH POTRZEBUJEMY<\/strong><\/li><\/ol><p>Dane osobowe u\u017cytkownika s\u0105 nam potrzebne do \u015bwiadczenia nast\u0119puj\u0105cych us\u0142ug:<\/p><ol><li><ol><li>Adres e-mail s\u0142u\u017c\u0105cy do odpowiadania na wiadomo\u015bci e-mail lub wiadomo\u015bci wysy\u0142ane za po\u015brednictwem formularzy kontaktowych;<\/li><li>Adres e-mail do wysy\u0142ania ofert i biuletyn\u00f3w;<\/li><li>Imi\u0119 i nazwisko, adres, adres e-mail i numer telefonu w celu otrzymywania rezerwacji, zapyta\u0144 i wysy\u0142ania ofert lub w zwi\u0105zku z realizacj\u0105 innych \u017c\u0105da\u0144 u\u017cytkownika;<\/li><li>Imi\u0119 i nazwisko, adres, adres e-mail i numer telefonu w celu zakupu bon\u00f3w upominkowych, voucher\u00f3w lub us\u0142ug i przedmiot\u00f3w w zwi\u0105zku z nasz\u0105 ofert\u0105;<\/li><li>Szczeg\u00f3\u0142y dotycz\u0105ce \u015brodk\u00f3w p\u0142atniczych i kopie dokument\u00f3w to\u017csamo\u015bci w celu \u015bwiadczenia us\u0142ug;<\/li><li>Adres e-mail na potrzeby zautomatyzowanego marketingu (potwierdzenia rezerwacji, podzi\u0119kowania itp.);<\/li><li>Pliki cookie do obs\u0142ugi stron internetowych;<\/li><li>Komunikacja za po\u015brednictwem grup spo\u0142eczno\u015bciowych z profilami osobistymi, kt\u00f3re potwierdzaj\u0105 po\u0142\u0105czenie z nami;<\/li><li>Imi\u0119 i nazwisko, adres, adres e-mail i numer telefonu na potrzeby okazjonalnych loterii lub innych promocji za uprzedni\u0105 zgod\u0105 u\u017cytkownika;<\/li><li>Zagregowane dane z Google Analytics lub Yandex Direct i Cloudflare do \u015bledzenia wizyt i wewn\u0119trznych analiz w celu ulepszania tre\u015bci.<\/li><\/ol><\/li><\/ol><p>\u00a0<\/p><ol><li><strong>CO ROBIMY Z DANYMI OSOBOWYMI<\/strong><\/li><\/ol><p>Pa\u0144stwa dane osobowe s\u0105 przetwarzane przez MLM ENGINEERING MIHA FLANDER S.P., ENGINEERING, CESTA POD RIFNIKOM 23 , 3230 \u0160ENTJUR, z siedzib\u0105 w S\u0142owenii. Dane s\u0105 hostowane i przechowywane na stronie https:\/\/mlm-engineering.com\/, kt\u00f3ra znajduje si\u0119 w Unii Europejskiej (Niemcy). \u017baden dostawca zewn\u0119trzny nie ma dost\u0119pu do danych u\u017cytkownika, chyba \u017ce jest to wymagane przez prawo.<\/p><ol start=\"4\"><li><strong>JAK D\u0141UGO S\u0104 PRZECHOWYWANE<\/strong><\/li><\/ol><p>U\u017cywamy trwa\u0142ych plik\u00f3w cookie na naszej stronie internetowej, aby \u0142\u0105czy\u0107 si\u0119 z us\u0142ugami spo\u0142eczno\u015bciowymi i innymi dostawcami \"udost\u0119pniania\", a tak\u017ce plik\u00f3w cookie, aby u\u0142atwi\u0107 u\u017cytkownikowi wielokrotny dost\u0119p do ulubionych tre\u015bci na naszej stronie internetowej.<\/p><ol start=\"5\"><li><strong>JAKIE S\u0104 TWOJE PRAWA<\/strong><\/li><\/ol><p>Je\u015bli u\u017cytkownik uwa\u017ca, \u017ce przechowywane przez nas jego dane osobowe s\u0105 nieprawid\u0142owe lub niekompletne, ma mo\u017cliwo\u015b\u0107 z\u0142o\u017cenia wniosku o ich sprawdzenie, poprawienie lub usuni\u0119cie. Je\u015bli u\u017cytkownik chce z\u0142o\u017cy\u0107 skarg\u0119 dotycz\u0105c\u0105 sposobu przetwarzania przez nas jego danych osobowych, powinien skontaktowa\u0107 si\u0119 z inspektorem ochrony danych lub osob\u0105 kontaktow\u0105 ds. ochrony danych (DPC) pod adresem info@mlm-engineering.com\/ lub pisemnie na adres MLM ENGINEERING MIHA FLANDER S.P., ENGINEERING, CESTA POD RIFNIKOM 23 , 3230 \u0160ENTJUR. Nasza osoba kontaktowa ds. ochrony danych rozpatrzy skarg\u0119 i poinformuje u\u017cytkownika o rozstrzygni\u0119ciu sprawy. Je\u015bli u\u017cytkownik nadal uwa\u017ca, \u017ce jego dane osobowe nie by\u0142y przetwarzane zgodnie z prawem, mo\u017ce skontaktowa\u0107 si\u0119 z komisarzem ds. informacji i z\u0142o\u017cy\u0107 do niego skarg\u0119. Mo\u017cesz poprosi\u0107 o dost\u0119p do polityk i dokument\u00f3w zwi\u0105zanych z prywatno\u015bci\u0105 za pomoc\u0105 specjalnego formularza, kt\u00f3ry mo\u017cna znale\u017a\u0107 na stronie Informacje o ochronie prywatno\u015bci.\u00a0<strong>Powi\u0105zane dokumenty:<\/strong><\/p><ul><li>Polityka ochrony danych osobowych<\/li><li>Polityka przechowywania danych osobowych (na \u017c\u0105danie poczt\u0105 elektroniczn\u0105 lub osobi\u015bcie)<\/li><li>Harmonogram przechowywania danych osobowych (na \u017c\u0105danie poczt\u0105 elektroniczn\u0105 lub osobi\u015bcie)<\/li><li>Informacja o ochronie prywatno\u015bci<\/li><li>Og\u00f3lne warunki handlowe<\/li><li>Formularz zgody<\/li><li>Formularz wycofania zgody<\/li><\/ul><p>\u0160ENTJUR, 10.6.2022, Ver. Dokument: 1.0<\/p><\/li><\/ol>\t\t\t\t\t<\/div>\n\t\t\t\t\t\t<\/div>\n\t\t\t\t<\/div>\n\t\t\t\t\t\t<\/div>\n\t\t\t\t\t<\/div>\n\t\t<\/div>\n\t\t\t\t\t\t\t\t<\/div>\n\t\t\t\t\t<\/div>\n\t\t<\/section>\n\t\t\t\t\t\t\t\t\t<\/div>\n\t\t\t<\/div>\n\t\t\t\t\t<\/div>","protected":false},"excerpt":{"rendered":"<p>Politika KAJ POTREBUJEMO Na\u0161a politika varovanja osebnih podatkov ureja uporabo in shranjevanje podatkov. Politiko varovanja osebnih podatkov si lahko ogledate na strani Obvestilo o zasebnosti (priloga spodaj). MLM ENGINEERING MIHA FLANDER S.P., IN\u017dINIRING, CESTA POD RIFNIKOM 23 , 3230 \u0160ENTJUR je upravljalec osebnih podatkov, ki jih posreduje (subjekt podatkov: vi, kupec, obiskovalec itd.). Zbiramo naslednje [&hellip;]<\/p>","protected":false},"author":3,"featured_media":0,"parent":0,"menu_order":0,"comment_status":"closed","ping_status":"closed","template":"","meta":{"_seopress_robots_primary_cat":"","_seopress_titles_title":"","_seopress_titles_desc":"","_seopress_robots_index":""},"_links":{"self":[{"href":"https:\/\/shop.mlm-engineering.com\/pl\/wp-json\/wp\/v2\/pages\/2225"}],"collection":[{"href":"https:\/\/shop.mlm-engineering.com\/pl\/wp-json\/wp\/v2\/pages"}],"about":[{"href":"https:\/\/shop.mlm-engineering.com\/pl\/wp-json\/wp\/v2\/types\/page"}],"author":[{"embeddable":true,"href":"https:\/\/shop.mlm-engineering.com\/pl\/wp-json\/wp\/v2\/users\/3"}],"replies":[{"embeddable":true,"href":"https:\/\/shop.mlm-engineering.com\/pl\/wp-json\/wp\/v2\/comments?post=2225"}],"version-history":[{"count":0,"href":"https:\/\/shop.mlm-engineering.com\/pl\/wp-json\/wp\/v2\/pages\/2225\/revisions"}],"wp:attachment":[{"href":"https:\/\/shop.mlm-engineering.com\/pl\/wp-json\/wp\/v2\/media?parent=2225"}],"curies":[{"name":"wp","href":"https:\/\/api.w.org\/{rel}","templated":true}]}}