{"id":2217,"date":"2022-06-10T07:15:57","date_gmt":"2022-06-10T07:15:57","guid":{"rendered":"https:\/\/shop.mlm-engineering.com\/?page_id=2217"},"modified":"2022-06-29T09:26:39","modified_gmt":"2022-06-29T09:26:39","slug":"kolofon","status":"publish","type":"page","link":"https:\/\/shop.mlm-engineering.com\/nl\/kolofon\/","title":{"rendered":"Colofon"},"content":{"rendered":"<div data-elementor-type=\"wp-page\" data-elementor-id=\"2217\" class=\"elementor elementor-2217\">\n\t\t\t\t\t\t<div class=\"elementor-inner\">\n\t\t\t\t<div class=\"elementor-section-wrap\">\n\t\t\t\t\t\t\t\t\t<section class=\"elementor-section elementor-top-section elementor-element elementor-element-676f2f3 elementor-section-boxed elementor-section-height-default elementor-section-height-default\" data-id=\"676f2f3\" data-element_type=\"section\" data-settings=\"{&quot;background_background&quot;:&quot;classic&quot;}\">\n\t\t\t\t\t\t<div class=\"elementor-container elementor-column-gap-default\">\n\t\t\t\t\t\t\t<div class=\"elementor-row\">\n\t\t\t\t\t<div class=\"elementor-column elementor-col-100 elementor-top-column elementor-element elementor-element-cda71a6\" data-id=\"cda71a6\" data-element_type=\"column\">\n\t\t\t<div class=\"elementor-column-wrap elementor-element-populated\">\n\t\t\t\t\t\t\t<div class=\"elementor-widget-wrap\">\n\t\t\t\t\t\t<div class=\"elementor-element elementor-element-53e4b40 elementor-widget elementor-widget-heading\" data-id=\"53e4b40\" data-element_type=\"widget\" data-widget_type=\"heading.default\">\n\t\t\t\t<div class=\"elementor-widget-container\">\n\t\t\t<h2 class=\"elementor-heading-title elementor-size-default\">Colofon<\/h2>\t\t<\/div>\n\t\t\t\t<\/div>\n\t\t\t\t<div class=\"elementor-element elementor-element-cfd40ef elementor-widget elementor-widget-text-editor\" data-id=\"cfd40ef\" data-element_type=\"widget\" data-widget_type=\"text-editor.default\">\n\t\t\t\t<div class=\"elementor-widget-container\">\n\t\t\t\t\t\t\t\t<div class=\"elementor-text-editor elementor-clearfix\">\n\t\t\t\t<div class=\"elementor-element elementor-element-53e4b40 elementor-widget elementor-widget-heading\" data-id=\"53e4b40\" data-element_type=\"widget\" data-widget_type=\"heading.default\"><div class=\"elementor-widget-container\"><h2 class=\"elementor-heading-title elementor-size-default\"><span style=\"font-size: 16px;\">De websites zijn ontwikkeld door ons en onze webserviceprovider.<\/span><\/h2><\/div><\/div><div class=\"elementor-element elementor-element-cfd40ef elementor-widget elementor-widget-text-editor\" data-id=\"cfd40ef\" data-element_type=\"widget\" data-widget_type=\"text-editor.default\"><div class=\"elementor-widget-container\"><div class=\"elementor-text-editor elementor-clearfix\"><p><strong>Doel van de websites<\/strong><br \/>De informatie op de website dient uitsluitend ter demonstratie, op het gebied van de kernactiviteit waarvoor wij geregistreerd zijn - de vervaardiging van schrijnwerk en interieurinrichting. Wij garanderen dat de informatie op de website waarheidsgetrouw, betrouwbaar en van hoge kwaliteit is.<br \/>We zijn niet verantwoordelijk voor eventuele typografische fouten en behouden ons het recht voor om de inhoud op elk gewenst moment en zonder kennisgeving te wijzigen als deze niet in overeenstemming is met ons bedrijfsbeleid.<\/p><p><strong>Gebruiksrecht<\/strong><br \/>De website en alle inhoud ervan zijn beschermd door industri\u00eble en intellectuele eigendomsrechten. Informatie, tekst, afbeeldingen of andere grafische elementen op deze website mogen uitsluitend worden gebruikt voor persoonlijk, niet-commercieel gebruik en mogen niet worden gereproduceerd, gewijzigd, gedistribueerd, in licentie gegeven of uitgegeven in de vorm van publicaties, geheel of gedeeltelijk, voor enig ander doel dan bekijken, zonder voorafgaande schriftelijke toestemming van de Beheerder.<\/p><p><strong>Verantwoordelijkheid nemen<\/strong><br \/>Bij het ontwerpen van de website proberen we ervoor te zorgen dat de informatie up-to-date en accuraat is. Wij staan niet in voor de juistheid of volledigheid ervan en aanvaarden geen aansprakelijkheid voor het gebruik ervan. Alle gebruikers gebruiken de gepubliceerde inhoud op eigen risico.<br \/>We behouden ons het recht voor om de inhoud van onze websites op elk moment, op elke manier, om welke reden dan ook en zonder voorafgaande kennisgeving te wijzigen.<\/p><p><strong>Technologische implementatie<\/strong><br \/>De technologische implementatie werd verzorgd door een programmeer- en ontwerpbureau in samenwerking met ons bedrijf.<\/p><p>\u00a0<\/p><p>Bedrijfsnaam: MLM ENGINEERING MIHA FLANDER S.P., ENGINEERING<br \/>Adres: CESTA POD RIFNIKOM 23 , 3230 \u0160ENTJUR<br \/>E-mail: info@mlm-engineering.com\/<br \/>Website: https:\/\/mlm-engineering.com\/<\/p><p>\u0160ENTJUR, 10.6.2022<\/p><\/div><\/div><\/div>\t\t\t\t\t<\/div>\n\t\t\t\t\t\t<\/div>\n\t\t\t\t<\/div>\n\t\t\t\t\t\t<\/div>\n\t\t\t\t\t<\/div>\n\t\t<\/div>\n\t\t\t\t\t\t\t\t<\/div>\n\t\t\t\t\t<\/div>\n\t\t<\/section>\n\t\t\t\t\t\t\t\t\t<\/div>\n\t\t\t<\/div>\n\t\t\t\t\t<\/div>","protected":false},"excerpt":{"rendered":"<p>Kolofon Spletne strani smo pripravili sami skupaj z izvajalcem spletnih storitev. Namen spletnih straniPodatki na spletni strani so predstavitvene narave s podro\u010dja osnovne dejavnosti za katere smo registrirani \u2013 proizvodnja stavbnega in notranjega pohi\u0161tva. Zavezujemo se, da so podatki na spletnem mestu resni\u010dni, zanesljivi in kakovostni.Ne odgovarjamo za morebitne tipkarske napake, pridr\u017eujemo si pravico, da [&hellip;]<\/p>","protected":false},"author":3,"featured_media":0,"parent":0,"menu_order":0,"comment_status":"closed","ping_status":"closed","template":"","meta":{"_seopress_robots_primary_cat":"","_seopress_titles_title":"","_seopress_titles_desc":"","_seopress_robots_index":""},"_links":{"self":[{"href":"https:\/\/shop.mlm-engineering.com\/nl\/wp-json\/wp\/v2\/pages\/2217"}],"collection":[{"href":"https:\/\/shop.mlm-engineering.com\/nl\/wp-json\/wp\/v2\/pages"}],"about":[{"href":"https:\/\/shop.mlm-engineering.com\/nl\/wp-json\/wp\/v2\/types\/page"}],"author":[{"embeddable":true,"href":"https:\/\/shop.mlm-engineering.com\/nl\/wp-json\/wp\/v2\/users\/3"}],"replies":[{"embeddable":true,"href":"https:\/\/shop.mlm-engineering.com\/nl\/wp-json\/wp\/v2\/comments?post=2217"}],"version-history":[{"count":0,"href":"https:\/\/shop.mlm-engineering.com\/nl\/wp-json\/wp\/v2\/pages\/2217\/revisions"}],"wp:attachment":[{"href":"https:\/\/shop.mlm-engineering.com\/nl\/wp-json\/wp\/v2\/media?parent=2217"}],"curies":[{"name":"wp","href":"https:\/\/api.w.org\/{rel}","templated":true}]}}