{"id":2929,"date":"2022-06-29T09:30:54","date_gmt":"2022-06-29T09:30:54","guid":{"rendered":"https:\/\/shop.mlm-engineering.com\/?page_id=2929"},"modified":"2022-06-30T08:40:53","modified_gmt":"2022-06-30T08:40:53","slug":"obrazec-za-vracilo","status":"publish","type":"page","link":"https:\/\/shop.mlm-engineering.com\/lv\/obrazec-za-vracilo\/","title":{"rendered":"Atmaksas veidlapa"},"content":{"rendered":"<div data-elementor-type=\"wp-page\" data-elementor-id=\"2929\" class=\"elementor elementor-2929\">\n\t\t\t\t\t\t<div class=\"elementor-inner\">\n\t\t\t\t<div class=\"elementor-section-wrap\">\n\t\t\t\t\t\t\t\t\t<section class=\"elementor-section elementor-top-section elementor-element elementor-element-676f2f3 elementor-section-boxed elementor-section-height-default elementor-section-height-default\" data-id=\"676f2f3\" data-element_type=\"section\" data-settings=\"{&quot;background_background&quot;:&quot;classic&quot;}\">\n\t\t\t\t\t\t<div class=\"elementor-container elementor-column-gap-default\">\n\t\t\t\t\t\t\t<div class=\"elementor-row\">\n\t\t\t\t\t<div class=\"elementor-column elementor-col-100 elementor-top-column elementor-element elementor-element-cda71a6\" data-id=\"cda71a6\" data-element_type=\"column\">\n\t\t\t<div class=\"elementor-column-wrap elementor-element-populated\">\n\t\t\t\t\t\t\t<div class=\"elementor-widget-wrap\">\n\t\t\t\t\t\t<div class=\"elementor-element elementor-element-53e4b40 elementor-widget elementor-widget-heading\" data-id=\"53e4b40\" data-element_type=\"widget\" data-widget_type=\"heading.default\">\n\t\t\t\t<div class=\"elementor-widget-container\">\n\t\t\t<h2 class=\"elementor-heading-title elementor-size-default\">Atmaksas veidlapa<\/h2>\t\t<\/div>\n\t\t\t\t<\/div>\n\t\t\t\t<div class=\"elementor-element elementor-element-cfd40ef elementor-widget elementor-widget-text-editor\" data-id=\"cfd40ef\" data-element_type=\"widget\" data-widget_type=\"text-editor.default\">\n\t\t\t\t<div class=\"elementor-widget-container\">\n\t\t\t\t\t\t\t\t<div class=\"elementor-text-editor elementor-clearfix\">\n\t\t\t\t<p><strong><u>Atgrie\u0161anas proced\u016bra:<\/u><\/strong><\/p><p>Pirms pre\u010du atgrie\u0161anas, l\u016bdzu, inform\u0113jiet m\u016bs par to pa e-pastu info@shop.mlm-engineering.com, uz kuru varat nos\u016bt\u012bt ar\u012b aizpild\u012btu atgrie\u017eamo pre\u010du sarakstu. L\u016bdzu, \u0146emiet v\u0113r\u0101, ka vis\u0101m nep\u0101rdotaj\u0101m prec\u0113m j\u0101b\u016bt t\u0101d\u0101m, k\u0101das t\u0101s sa\u0146\u0113m\u0101t, - bez papildu uzl\u012bm\u0113m, uzl\u012bmju l\u012bmes p\u0113d\u0101m un ori\u0123in\u0101laj\u0101 neboj\u0101taj\u0101 iepakojum\u0101.<\/p><p>Ja prece tiek atgriezta s\u016bdz\u012bbas d\u0113\u013c, l\u016bdzu, nor\u0101diet atgrie\u0161anas iemeslu.<\/p><p>Nos\u016btiet s\u016bt\u012bjumu uz:<\/p><p>MLM Engineering Miha Flander s.p., Engineering, Cesta pod Rifnikom 23, 3230 \u0160entjur, Slov\u0113nija (uz s\u016bt\u012bjuma j\u0101b\u016bt nor\u0101dei \"s\u016bdz\u012bbai\"), bez pasta izdevumiem\/atl\u012bdz\u012bbas (pasta izdevumus sedz s\u016bt\u012bjuma s\u016bt\u012bt\u0101js).<\/p><p>\u00a0<\/p><p>Tikl\u012bdz sa\u0146emsim s\u016bt\u012bjumu, m\u0113s atmaks\u0101sim naudu.<\/p>\t\t\t\t\t<\/div>\n\t\t\t\t\t\t<\/div>\n\t\t\t\t<\/div>\n\t\t\t\t<div class=\"elementor-element elementor-element-822f9c6 elementor-icon-list--layout-traditional elementor-list-item-link-full_width elementor-widget elementor-widget-icon-list\" data-id=\"822f9c6\" data-element_type=\"widget\" data-widget_type=\"icon-list.default\">\n\t\t\t\t<div class=\"elementor-widget-container\">\n\t\t\t\t\t<ul class=\"elementor-icon-list-items\">\n\t\t\t\t\t\t\t<li class=\"elementor-icon-list-item\">\n\t\t\t\t\t\t\t\t\t\t\t<a href=\"https:\/\/shop.mlm-engineering.com\/wp-content\/uploads\/2022\/06\/Obrazec-za-vracilo-blaga.docx\">\n\n\t\t\t\t\t\t\t\t\t\t\t\t<span class=\"elementor-icon-list-icon\">\n\t\t\t\t\t\t\t<i aria-hidden=\"true\" class=\"fas fa-file-download\"><\/i>\t\t\t\t\t\t<\/span>\n\t\t\t\t\t\t\t\t\t\t<span class=\"elementor-icon-list-text\">Pre\u010du atgrie\u0161anas veidlapa<\/span>\n\t\t\t\t\t\t\t\t\t\t\t<\/a>\n\t\t\t\t\t\t\t\t\t<\/li>\n\t\t\t\t\t\t<\/ul>\n\t\t\t\t<\/div>\n\t\t\t\t<\/div>\n\t\t\t\t\t\t<\/div>\n\t\t\t\t\t<\/div>\n\t\t<\/div>\n\t\t\t\t\t\t\t\t<\/div>\n\t\t\t\t\t<\/div>\n\t\t<\/section>\n\t\t\t\t\t\t\t\t\t<\/div>\n\t\t\t<\/div>\n\t\t\t\t\t<\/div>","protected":false},"excerpt":{"rendered":"<p>Obrazec za vra\u010dilo Postopek vra\u010dila blaga: Pred vra\u010dilom blaga, nas prosim obvestite na \u00a0info@shop.mlm-engineering.com, kamor tudi posredujete izpolnjen seznam izdelkov za vra\u010dilo. Obve\u0161\u010damo vas, da morajo biti vsi neprodani artikli tak\u0161ni, kakr\u0161ne ste prejeli-brez dodatnih nalepk, sledi lepila nalepk in v originalni nepo\u0161kodovani embala\u017ei. V primeru vra\u010dila zaradi reklamacije, prosim dopi\u0161ite razlog vra\u010dila. Paket po\u0161ljite [&hellip;]<\/p>","protected":false},"author":6,"featured_media":0,"parent":0,"menu_order":0,"comment_status":"closed","ping_status":"closed","template":"","meta":{"_seopress_robots_primary_cat":"","_seopress_titles_title":"","_seopress_titles_desc":"","_seopress_robots_index":""},"_links":{"self":[{"href":"https:\/\/shop.mlm-engineering.com\/lv\/wp-json\/wp\/v2\/pages\/2929"}],"collection":[{"href":"https:\/\/shop.mlm-engineering.com\/lv\/wp-json\/wp\/v2\/pages"}],"about":[{"href":"https:\/\/shop.mlm-engineering.com\/lv\/wp-json\/wp\/v2\/types\/page"}],"author":[{"embeddable":true,"href":"https:\/\/shop.mlm-engineering.com\/lv\/wp-json\/wp\/v2\/users\/6"}],"replies":[{"embeddable":true,"href":"https:\/\/shop.mlm-engineering.com\/lv\/wp-json\/wp\/v2\/comments?post=2929"}],"version-history":[{"count":0,"href":"https:\/\/shop.mlm-engineering.com\/lv\/wp-json\/wp\/v2\/pages\/2929\/revisions"}],"wp:attachment":[{"href":"https:\/\/shop.mlm-engineering.com\/lv\/wp-json\/wp\/v2\/media?parent=2929"}],"curies":[{"name":"wp","href":"https:\/\/api.w.org\/{rel}","templated":true}]}}