{"id":2934,"date":"2022-06-29T09:37:54","date_gmt":"2022-06-29T09:37:54","guid":{"rendered":"https:\/\/shop.mlm-engineering.com\/?page_id=2934"},"modified":"2022-06-29T09:47:27","modified_gmt":"2022-06-29T09:47:27","slug":"nacin-placila","status":"publish","type":"page","link":"https:\/\/shop.mlm-engineering.com\/ja\/nacin-placila\/","title":{"rendered":"\u652f\u6255\u65b9\u6cd5"},"content":{"rendered":"<div data-elementor-type=\"wp-page\" data-elementor-id=\"2934\" class=\"elementor elementor-2934\">\n\t\t\t\t\t\t<div class=\"elementor-inner\">\n\t\t\t\t<div class=\"elementor-section-wrap\">\n\t\t\t\t\t\t\t\t\t<section class=\"elementor-section elementor-top-section elementor-element elementor-element-676f2f3 elementor-section-boxed elementor-section-height-default elementor-section-height-default\" data-id=\"676f2f3\" data-element_type=\"section\" data-settings=\"{&quot;background_background&quot;:&quot;classic&quot;}\">\n\t\t\t\t\t\t<div class=\"elementor-container elementor-column-gap-default\">\n\t\t\t\t\t\t\t<div class=\"elementor-row\">\n\t\t\t\t\t<div class=\"elementor-column elementor-col-100 elementor-top-column elementor-element elementor-element-cda71a6\" data-id=\"cda71a6\" data-element_type=\"column\">\n\t\t\t<div class=\"elementor-column-wrap elementor-element-populated\">\n\t\t\t\t\t\t\t<div class=\"elementor-widget-wrap\">\n\t\t\t\t\t\t<div class=\"elementor-element elementor-element-53e4b40 elementor-widget elementor-widget-heading\" data-id=\"53e4b40\" data-element_type=\"widget\" data-widget_type=\"heading.default\">\n\t\t\t\t<div class=\"elementor-widget-container\">\n\t\t\t<h2 class=\"elementor-heading-title elementor-size-default\">\u652f\u6255\u65b9\u6cd5<\/h2>\t\t<\/div>\n\t\t\t\t<\/div>\n\t\t\t\t<div class=\"elementor-element elementor-element-2a6497c elementor-widget elementor-widget-text-editor\" data-id=\"2a6497c\" data-element_type=\"widget\" data-widget_type=\"text-editor.default\">\n\t\t\t\t<div class=\"elementor-widget-container\">\n\t\t\t\t\t\t\t\t<div class=\"elementor-text-editor elementor-clearfix\">\n\t\t\t\t<p>\u30d7\u30ed\u30d0\u30a4\u30c0\u30fc\u306f\u4ee5\u4e0b\u306e\u652f\u6255\u3044\u65b9\u6cd5\u3092\u63d0\u4f9b\u3057\u3066\u3044\u308b\uff1a<\/p><ul><li>\u8377\u7269\u306e\u53d7\u3051\u53d6\u308a\u6642\u306b\u3001\u914d\u9054\u54e1\u306b\u73fe\u91d1\u3067\u304a\u6e21\u3057\u304f\u3060\u3055\u3044\u3002<\/li><li>UPN\u30d5\u30a9\u30fc\u30e0\u304b\u3089\u7ba1\u7406\u8005\u306e\u53e3\u5ea7\u306b\u632f\u308a\u8fbc\u3080\uff08\u30aa\u30f3\u30e9\u30a4\u30f3\u9280\u884c\u307e\u305f\u306f\u90f5\u9001\uff09<\/li><li>\u30ab\u30fc\u30c9\u6c7a\u6e08<\/li><li>\u7ba1\u7406\u8005\u53e3\u5ea7\u3078\u306e\u30da\u30a4\u30d1\u30eb\u9001\u91d1<\/li><\/ul><p>\u7d0d\u5165\u696d\u8005\u306f\u3001\u8cbb\u7528\u3068\u7a0e\u91d1\u306e\u5185\u8a33\u3092\u660e\u78ba\u306b\u3057\u305f\u4e0a\u3067\u3001\u8010\u4e45\u6027\u306e\u3042\u308b\u5a92\u4f53\u3067\u8cfc\u5165\u8005\u306b\u8acb\u6c42\u66f8\u3092\u767a\u884c\u3059\u308b\u3082\u306e\u3068\u3057\u307e\u3059\u3002<\/p><p>\u3054\u6ce8\u6587\u91d1\u984d\u304c200\u30e6\u30fc\u30ed\u3092\u8d85\u3048\u308b\u5834\u5408\u3001\u4ee3\u91d1\u5f15\u63db\u306f\u3054\u5229\u7528\u3044\u305f\u3060\u3051\u305a\u3001UPN\u30aa\u30fc\u30c0\u30fc\u3001PayPal\u9001\u91d1\u3001\u307e\u305f\u306f\u30af\u30ec\u30b8\u30c3\u30c8\u30ab\u30fc\u30c9\u3067\u306e\u304a\u652f\u6255\u3044\u306e\u307f\u3068\u306a\u308a\u307e\u3059\u3002<\/p><p>\u5272\u5f15\u3001\u30d7\u30ed\u30e2\u30fc\u30b7\u30e7\u30f3\u3001\u305d\u306e\u4ed6\u306e\u7279\u5178\uff08\u9001\u6599\u7121\u6599\u306a\u3069\uff09\u306f\u7d2f\u7a4d\u3055\u308c\u307e\u305b\u3093\u3002<\/p>\t\t\t\t\t<\/div>\n\t\t\t\t\t\t<\/div>\n\t\t\t\t<\/div>\n\t\t\t\t\t\t<\/div>\n\t\t\t\t\t<\/div>\n\t\t<\/div>\n\t\t\t\t\t\t\t\t<\/div>\n\t\t\t\t\t<\/div>\n\t\t<\/section>\n\t\t\t\t\t\t\t\t\t<\/div>\n\t\t\t<\/div>\n\t\t\t\t\t<\/div>","protected":false},"excerpt":{"rendered":"<p>Na\u010din pla\u010dila Ponudnik omogo\u010da naslednje na\u010dine pla\u010dila: z gotovino dostavljalcu, ob prevzemu paketa z\u00a0nakazilom na ra\u010dunupravitelja preko UPN obrazca (na spletni banki ali po\u0161ti) s\u00a0pla\u010dilno kartico s\u00a0PayPal nakazilomna ra\u010dun upravitelja Ponudnik kupcu izda ra\u010dun na trajnem mediju, z jasno raz\u010dlenjenimi stro\u0161ki in davki. V primeru zneska naro\u010dila nad 200 \u20ac, pla\u010dilo po povzetju z gotovino ni mogo\u010de, mo\u017eno je le pla\u010dilo preko\u00a0UPN naloga, s\u00a0PayPal\u00a0nakazilom ali pla\u010dilo s\u00a0pla\u010dilno\u00a0kartico. Popusti, promocije in druge ugodnosti (kot je npr. brezpla\u010dna po\u0161tnina) se med seboj ne se\u0161tevajo.<\/p>","protected":false},"author":6,"featured_media":0,"parent":0,"menu_order":0,"comment_status":"closed","ping_status":"closed","template":"","meta":{"_seopress_robots_primary_cat":"","_seopress_titles_title":"","_seopress_titles_desc":"","_seopress_robots_index":""},"_links":{"self":[{"href":"https:\/\/shop.mlm-engineering.com\/ja\/wp-json\/wp\/v2\/pages\/2934"}],"collection":[{"href":"https:\/\/shop.mlm-engineering.com\/ja\/wp-json\/wp\/v2\/pages"}],"about":[{"href":"https:\/\/shop.mlm-engineering.com\/ja\/wp-json\/wp\/v2\/types\/page"}],"author":[{"embeddable":true,"href":"https:\/\/shop.mlm-engineering.com\/ja\/wp-json\/wp\/v2\/users\/6"}],"replies":[{"embeddable":true,"href":"https:\/\/shop.mlm-engineering.com\/ja\/wp-json\/wp\/v2\/comments?post=2934"}],"version-history":[{"count":0,"href":"https:\/\/shop.mlm-engineering.com\/ja\/wp-json\/wp\/v2\/pages\/2934\/revisions"}],"wp:attachment":[{"href":"https:\/\/shop.mlm-engineering.com\/ja\/wp-json\/wp\/v2\/media?parent=2934"}],"curies":[{"name":"wp","href":"https:\/\/api.w.org\/{rel}","templated":true}]}}