{"id":2834,"date":"2022-06-28T10:50:17","date_gmt":"2022-06-28T10:50:17","guid":{"rendered":"https:\/\/shop.mlm-engineering.com\/?post_type=product&#038;p=2834"},"modified":"2022-06-28T10:51:04","modified_gmt":"2022-06-28T10:51:04","slug":"pravokotna-cev-s355-j0h-20x20x1mm","status":"publish","type":"product","link":"https:\/\/shop.mlm-engineering.com\/hu\/trgovina\/pravokotna-cev-s355-j0h-20x20x1mm\/","title":{"rendered":"T\u00e9glalap alak\u00fa cs\u0151 S355 J0H (20x20x1mm)"},"content":{"rendered":"<p>T\u00e9glalap alak\u00fa cs\u0151 S355 J0H (20x20x1mm)<\/p>","protected":false},"excerpt":{"rendered":"<p>T\u00e9glalap alak\u00fa cs\u0151 S355 J0H (20x20x1mm)<\/p>","protected":false},"featured_media":2350,"comment_status":"closed","ping_status":"closed","template":"","meta":{"_seopress_robots_primary_cat":"","_seopress_titles_title":"","_seopress_titles_desc":"","_seopress_robots_index":""},"product_cat":[38,44,27],"product_tag":[],"_links":{"self":[{"href":"https:\/\/shop.mlm-engineering.com\/hu\/wp-json\/wp\/v2\/product\/2834"}],"collection":[{"href":"https:\/\/shop.mlm-engineering.com\/hu\/wp-json\/wp\/v2\/product"}],"about":[{"href":"https:\/\/shop.mlm-engineering.com\/hu\/wp-json\/wp\/v2\/types\/product"}],"replies":[{"embeddable":true,"href":"https:\/\/shop.mlm-engineering.com\/hu\/wp-json\/wp\/v2\/comments?post=2834"}],"version-history":[{"count":0,"href":"https:\/\/shop.mlm-engineering.com\/hu\/wp-json\/wp\/v2\/product\/2834\/revisions"}],"wp:featuredmedia":[{"embeddable":true,"href":"https:\/\/shop.mlm-engineering.com\/hu\/wp-json\/wp\/v2\/media\/2350"}],"wp:attachment":[{"href":"https:\/\/shop.mlm-engineering.com\/hu\/wp-json\/wp\/v2\/media?parent=2834"}],"wp:term":[{"taxonomy":"product_cat","embeddable":true,"href":"https:\/\/shop.mlm-engineering.com\/hu\/wp-json\/wp\/v2\/product_cat?post=2834"},{"taxonomy":"product_tag","embeddable":true,"href":"https:\/\/shop.mlm-engineering.com\/hu\/wp-json\/wp\/v2\/product_tag?post=2834"}],"curies":[{"name":"wp","href":"https:\/\/api.w.org\/{rel}","templated":true}]}}