{"id":2929,"date":"2022-06-29T09:30:54","date_gmt":"2022-06-29T09:30:54","guid":{"rendered":"https:\/\/shop.mlm-engineering.com\/?page_id=2929"},"modified":"2022-06-30T08:40:53","modified_gmt":"2022-06-30T08:40:53","slug":"obrazec-za-vracilo","status":"publish","type":"page","link":"https:\/\/shop.mlm-engineering.com\/hu\/obrazec-za-vracilo\/","title":{"rendered":"Visszat\u00e9r\u00edt\u00e9si \u0171rlap"},"content":{"rendered":"<div data-elementor-type=\"wp-page\" data-elementor-id=\"2929\" class=\"elementor elementor-2929\">\n\t\t\t\t\t\t<div class=\"elementor-inner\">\n\t\t\t\t<div class=\"elementor-section-wrap\">\n\t\t\t\t\t\t\t\t\t<section class=\"elementor-section elementor-top-section elementor-element elementor-element-676f2f3 elementor-section-boxed elementor-section-height-default elementor-section-height-default\" data-id=\"676f2f3\" data-element_type=\"section\" data-settings=\"{&quot;background_background&quot;:&quot;classic&quot;}\">\n\t\t\t\t\t\t<div class=\"elementor-container elementor-column-gap-default\">\n\t\t\t\t\t\t\t<div class=\"elementor-row\">\n\t\t\t\t\t<div class=\"elementor-column elementor-col-100 elementor-top-column elementor-element elementor-element-cda71a6\" data-id=\"cda71a6\" data-element_type=\"column\">\n\t\t\t<div class=\"elementor-column-wrap elementor-element-populated\">\n\t\t\t\t\t\t\t<div class=\"elementor-widget-wrap\">\n\t\t\t\t\t\t<div class=\"elementor-element elementor-element-53e4b40 elementor-widget elementor-widget-heading\" data-id=\"53e4b40\" data-element_type=\"widget\" data-widget_type=\"heading.default\">\n\t\t\t\t<div class=\"elementor-widget-container\">\n\t\t\t<h2 class=\"elementor-heading-title elementor-size-default\">Visszat\u00e9r\u00edt\u00e9si \u0171rlap<\/h2>\t\t<\/div>\n\t\t\t\t<\/div>\n\t\t\t\t<div class=\"elementor-element elementor-element-cfd40ef elementor-widget elementor-widget-text-editor\" data-id=\"cfd40ef\" data-element_type=\"widget\" data-widget_type=\"text-editor.default\">\n\t\t\t\t<div class=\"elementor-widget-container\">\n\t\t\t\t\t\t\t\t<div class=\"elementor-text-editor elementor-clearfix\">\n\t\t\t\t<p><strong><u>Visszat\u00e9r\u00e9si elj\u00e1r\u00e1s:<\/u><\/strong><\/p><p>Miel\u0151tt visszak\u00fcldi az \u00e1rut, k\u00e9rj\u00fck, \u00e9rtes\u00edtsen minket a info@shop.mlm-engineering.com c\u00edmen, ahov\u00e1 a visszak\u00fcldend\u0151 term\u00e9kek kit\u00f6lt\u00f6tt list\u00e1j\u00e1t is elk\u00fcldheti. K\u00e9rj\u00fck, vegye figyelembe, hogy minden el nem adott term\u00e9knek olyannak kell lennie, ahogyan \u00e1tvette - minden tov\u00e1bbi matrica, matricaragaszt\u00f3 nyomai n\u00e9lk\u00fcl \u00e9s eredeti, s\u00e9rtetlen csomagol\u00e1sban.<\/p><p>Reklam\u00e1ci\u00f3 miatti visszak\u00fcld\u00e9s eset\u00e9n k\u00e9rj\u00fck, adja meg a visszak\u00fcld\u00e9s ok\u00e1t.<\/p><p>K\u00fcldje a csomagot a k\u00f6vetkez\u0151 c\u00edmre:<\/p><p>MLM Engineering Miha Flander s.p., Engineering, Cesta pod Rifnikom 23, 3230 \u0160entjur, Szlov\u00e9nia (fel kell t\u00fcntetni: \"panaszra\"), postak\u00f6lts\u00e9g\/visszat\u00e9r\u00edt\u00e9s n\u00e9lk\u00fcl (a postak\u00f6lts\u00e9g a csomag felad\u00f3j\u00e1t terheli).<\/p><p>\u00a0<\/p><p>Amint megkapjuk a csomagot, visszat\u00e9r\u00edtj\u00fck a p\u00e9nz\u00e9t.<\/p>\t\t\t\t\t<\/div>\n\t\t\t\t\t\t<\/div>\n\t\t\t\t<\/div>\n\t\t\t\t<div class=\"elementor-element elementor-element-822f9c6 elementor-icon-list--layout-traditional elementor-list-item-link-full_width elementor-widget elementor-widget-icon-list\" data-id=\"822f9c6\" data-element_type=\"widget\" data-widget_type=\"icon-list.default\">\n\t\t\t\t<div class=\"elementor-widget-container\">\n\t\t\t\t\t<ul class=\"elementor-icon-list-items\">\n\t\t\t\t\t\t\t<li class=\"elementor-icon-list-item\">\n\t\t\t\t\t\t\t\t\t\t\t<a href=\"https:\/\/shop.mlm-engineering.com\/wp-content\/uploads\/2022\/06\/Obrazec-za-vracilo-blaga.docx\">\n\n\t\t\t\t\t\t\t\t\t\t\t\t<span class=\"elementor-icon-list-icon\">\n\t\t\t\t\t\t\t<i aria-hidden=\"true\" class=\"fas fa-file-download\"><\/i>\t\t\t\t\t\t<\/span>\n\t\t\t\t\t\t\t\t\t\t<span class=\"elementor-icon-list-text\">Az \u00e1ruk visszak\u00fcld\u00e9si formanyomtatv\u00e1nya<\/span>\n\t\t\t\t\t\t\t\t\t\t\t<\/a>\n\t\t\t\t\t\t\t\t\t<\/li>\n\t\t\t\t\t\t<\/ul>\n\t\t\t\t<\/div>\n\t\t\t\t<\/div>\n\t\t\t\t\t\t<\/div>\n\t\t\t\t\t<\/div>\n\t\t<\/div>\n\t\t\t\t\t\t\t\t<\/div>\n\t\t\t\t\t<\/div>\n\t\t<\/section>\n\t\t\t\t\t\t\t\t\t<\/div>\n\t\t\t<\/div>\n\t\t\t\t\t<\/div>","protected":false},"excerpt":{"rendered":"<p>Obrazec za vra\u010dilo Postopek vra\u010dila blaga: Pred vra\u010dilom blaga, nas prosim obvestite na \u00a0info@shop.mlm-engineering.com, kamor tudi posredujete izpolnjen seznam izdelkov za vra\u010dilo. Obve\u0161\u010damo vas, da morajo biti vsi neprodani artikli tak\u0161ni, kakr\u0161ne ste prejeli-brez dodatnih nalepk, sledi lepila nalepk in v originalni nepo\u0161kodovani embala\u017ei. V primeru vra\u010dila zaradi reklamacije, prosim dopi\u0161ite razlog vra\u010dila. Paket po\u0161ljite [&hellip;]<\/p>","protected":false},"author":6,"featured_media":0,"parent":0,"menu_order":0,"comment_status":"closed","ping_status":"closed","template":"","meta":{"_seopress_robots_primary_cat":"","_seopress_titles_title":"","_seopress_titles_desc":"","_seopress_robots_index":""},"_links":{"self":[{"href":"https:\/\/shop.mlm-engineering.com\/hu\/wp-json\/wp\/v2\/pages\/2929"}],"collection":[{"href":"https:\/\/shop.mlm-engineering.com\/hu\/wp-json\/wp\/v2\/pages"}],"about":[{"href":"https:\/\/shop.mlm-engineering.com\/hu\/wp-json\/wp\/v2\/types\/page"}],"author":[{"embeddable":true,"href":"https:\/\/shop.mlm-engineering.com\/hu\/wp-json\/wp\/v2\/users\/6"}],"replies":[{"embeddable":true,"href":"https:\/\/shop.mlm-engineering.com\/hu\/wp-json\/wp\/v2\/comments?post=2929"}],"version-history":[{"count":0,"href":"https:\/\/shop.mlm-engineering.com\/hu\/wp-json\/wp\/v2\/pages\/2929\/revisions"}],"wp:attachment":[{"href":"https:\/\/shop.mlm-engineering.com\/hu\/wp-json\/wp\/v2\/media?parent=2929"}],"curies":[{"name":"wp","href":"https:\/\/api.w.org\/{rel}","templated":true}]}}