{"id":2929,"date":"2022-06-29T09:30:54","date_gmt":"2022-06-29T09:30:54","guid":{"rendered":"https:\/\/shop.mlm-engineering.com\/?page_id=2929"},"modified":"2022-06-30T08:40:53","modified_gmt":"2022-06-30T08:40:53","slug":"obrazec-za-vracilo","status":"publish","type":"page","link":"https:\/\/shop.mlm-engineering.com\/fr\/obrazec-za-vracilo\/","title":{"rendered":"Formulaire de remboursement"},"content":{"rendered":"<div data-elementor-type=\"wp-page\" data-elementor-id=\"2929\" class=\"elementor elementor-2929\">\n\t\t\t\t\t\t<div class=\"elementor-inner\">\n\t\t\t\t<div class=\"elementor-section-wrap\">\n\t\t\t\t\t\t\t\t\t<section class=\"elementor-section elementor-top-section elementor-element elementor-element-676f2f3 elementor-section-boxed elementor-section-height-default elementor-section-height-default\" data-id=\"676f2f3\" data-element_type=\"section\" data-settings=\"{&quot;background_background&quot;:&quot;classic&quot;}\">\n\t\t\t\t\t\t<div class=\"elementor-container elementor-column-gap-default\">\n\t\t\t\t\t\t\t<div class=\"elementor-row\">\n\t\t\t\t\t<div class=\"elementor-column elementor-col-100 elementor-top-column elementor-element elementor-element-cda71a6\" data-id=\"cda71a6\" data-element_type=\"column\">\n\t\t\t<div class=\"elementor-column-wrap elementor-element-populated\">\n\t\t\t\t\t\t\t<div class=\"elementor-widget-wrap\">\n\t\t\t\t\t\t<div class=\"elementor-element elementor-element-53e4b40 elementor-widget elementor-widget-heading\" data-id=\"53e4b40\" data-element_type=\"widget\" data-widget_type=\"heading.default\">\n\t\t\t\t<div class=\"elementor-widget-container\">\n\t\t\t<h2 class=\"elementor-heading-title elementor-size-default\">Formulaire de remboursement<\/h2>\t\t<\/div>\n\t\t\t\t<\/div>\n\t\t\t\t<div class=\"elementor-element elementor-element-cfd40ef elementor-widget elementor-widget-text-editor\" data-id=\"cfd40ef\" data-element_type=\"widget\" data-widget_type=\"text-editor.default\">\n\t\t\t\t<div class=\"elementor-widget-container\">\n\t\t\t\t\t\t\t\t<div class=\"elementor-text-editor elementor-clearfix\">\n\t\t\t\t<p><strong><u>Proc\u00e9dure de retour :<\/u><\/strong><\/p><p>Avant de renvoyer les marchandises, veuillez nous informer \u00e0 l'adresse info@shop.mlm-engineering.com, o\u00f9 vous pouvez \u00e9galement envoyer la liste compl\u00e8te des produits \u00e0 renvoyer. Veuillez noter que tous les articles invendus doivent \u00eatre tels que vous les avez re\u00e7us - sans autocollants suppl\u00e9mentaires, sans traces d'adh\u00e9sif et dans leur emballage d'origine intact.<\/p><p>Dans le cas d'un retour pour cause de r\u00e9clamation, veuillez pr\u00e9ciser le motif du retour.<\/p><p>Envoyer le colis \u00e0<\/p><p>MLM Engineering Miha Flander s.p., Engineering, Cesta pod Rifnikom 23, 3230 \u0160entjur, Slov\u00e9nie (doit porter la mention \"pour r\u00e9clamation\"), sans affranchissement\/remboursement (les frais d'affranchissement sont \u00e0 la charge de l'exp\u00e9diteur du colis).<\/p><p>\u00a0<\/p><p>D\u00e8s r\u00e9ception du colis, nous vous rembourserons.<\/p>\t\t\t\t\t<\/div>\n\t\t\t\t\t\t<\/div>\n\t\t\t\t<\/div>\n\t\t\t\t<div class=\"elementor-element elementor-element-822f9c6 elementor-icon-list--layout-traditional elementor-list-item-link-full_width elementor-widget elementor-widget-icon-list\" data-id=\"822f9c6\" data-element_type=\"widget\" data-widget_type=\"icon-list.default\">\n\t\t\t\t<div class=\"elementor-widget-container\">\n\t\t\t\t\t<ul class=\"elementor-icon-list-items\">\n\t\t\t\t\t\t\t<li class=\"elementor-icon-list-item\">\n\t\t\t\t\t\t\t\t\t\t\t<a href=\"https:\/\/shop.mlm-engineering.com\/wp-content\/uploads\/2022\/06\/Obrazec-za-vracilo-blaga.docx\">\n\n\t\t\t\t\t\t\t\t\t\t\t\t<span class=\"elementor-icon-list-icon\">\n\t\t\t\t\t\t\t<i aria-hidden=\"true\" class=\"fas fa-file-download\"><\/i>\t\t\t\t\t\t<\/span>\n\t\t\t\t\t\t\t\t\t\t<span class=\"elementor-icon-list-text\">Formulaire de retour de marchandises<\/span>\n\t\t\t\t\t\t\t\t\t\t\t<\/a>\n\t\t\t\t\t\t\t\t\t<\/li>\n\t\t\t\t\t\t<\/ul>\n\t\t\t\t<\/div>\n\t\t\t\t<\/div>\n\t\t\t\t\t\t<\/div>\n\t\t\t\t\t<\/div>\n\t\t<\/div>\n\t\t\t\t\t\t\t\t<\/div>\n\t\t\t\t\t<\/div>\n\t\t<\/section>\n\t\t\t\t\t\t\t\t\t<\/div>\n\t\t\t<\/div>\n\t\t\t\t\t<\/div>","protected":false},"excerpt":{"rendered":"<p>Obrazec za vra\u010dilo Postopek vra\u010dila blaga: Pred vra\u010dilom blaga, nas prosim obvestite na \u00a0info@shop.mlm-engineering.com, kamor tudi posredujete izpolnjen seznam izdelkov za vra\u010dilo. Obve\u0161\u010damo vas, da morajo biti vsi neprodani artikli tak\u0161ni, kakr\u0161ne ste prejeli-brez dodatnih nalepk, sledi lepila nalepk in v originalni nepo\u0161kodovani embala\u017ei. V primeru vra\u010dila zaradi reklamacije, prosim dopi\u0161ite razlog vra\u010dila. Paket po\u0161ljite [&hellip;]<\/p>","protected":false},"author":6,"featured_media":0,"parent":0,"menu_order":0,"comment_status":"closed","ping_status":"closed","template":"","meta":{"_seopress_robots_primary_cat":"","_seopress_titles_title":"","_seopress_titles_desc":"","_seopress_robots_index":""},"_links":{"self":[{"href":"https:\/\/shop.mlm-engineering.com\/fr\/wp-json\/wp\/v2\/pages\/2929"}],"collection":[{"href":"https:\/\/shop.mlm-engineering.com\/fr\/wp-json\/wp\/v2\/pages"}],"about":[{"href":"https:\/\/shop.mlm-engineering.com\/fr\/wp-json\/wp\/v2\/types\/page"}],"author":[{"embeddable":true,"href":"https:\/\/shop.mlm-engineering.com\/fr\/wp-json\/wp\/v2\/users\/6"}],"replies":[{"embeddable":true,"href":"https:\/\/shop.mlm-engineering.com\/fr\/wp-json\/wp\/v2\/comments?post=2929"}],"version-history":[{"count":0,"href":"https:\/\/shop.mlm-engineering.com\/fr\/wp-json\/wp\/v2\/pages\/2929\/revisions"}],"wp:attachment":[{"href":"https:\/\/shop.mlm-engineering.com\/fr\/wp-json\/wp\/v2\/media?parent=2929"}],"curies":[{"name":"wp","href":"https:\/\/api.w.org\/{rel}","templated":true}]}}