{"id":2209,"date":"2022-06-10T07:13:58","date_gmt":"2022-06-10T07:13:58","guid":{"rendered":"https:\/\/shop.mlm-engineering.com\/?page_id=2209"},"modified":"2022-06-29T09:41:26","modified_gmt":"2022-06-29T09:41:26","slug":"politika-zasebnosti","status":"publish","type":"page","link":"https:\/\/shop.mlm-engineering.com\/fi\/politika-zasebnosti\/","title":{"rendered":"Tietosuojak\u00e4yt\u00e4nt\u00f6"},"content":{"rendered":"<div data-elementor-type=\"wp-page\" data-elementor-id=\"2209\" class=\"elementor elementor-2209\">\n\t\t\t\t\t\t<div class=\"elementor-inner\">\n\t\t\t\t<div class=\"elementor-section-wrap\">\n\t\t\t\t\t\t\t\t\t<section class=\"elementor-section elementor-top-section elementor-element elementor-element-676f2f3 elementor-section-boxed elementor-section-height-default elementor-section-height-default\" data-id=\"676f2f3\" data-element_type=\"section\" data-settings=\"{&quot;background_background&quot;:&quot;classic&quot;}\">\n\t\t\t\t\t\t<div class=\"elementor-container elementor-column-gap-default\">\n\t\t\t\t\t\t\t<div class=\"elementor-row\">\n\t\t\t\t\t<div class=\"elementor-column elementor-col-100 elementor-top-column elementor-element elementor-element-cda71a6\" data-id=\"cda71a6\" data-element_type=\"column\">\n\t\t\t<div class=\"elementor-column-wrap elementor-element-populated\">\n\t\t\t\t\t\t\t<div class=\"elementor-widget-wrap\">\n\t\t\t\t\t\t<div class=\"elementor-element elementor-element-53e4b40 elementor-widget elementor-widget-heading\" data-id=\"53e4b40\" data-element_type=\"widget\" data-widget_type=\"heading.default\">\n\t\t\t\t<div class=\"elementor-widget-container\">\n\t\t\t<h2 class=\"elementor-heading-title elementor-size-default\">Tietosuojak\u00e4yt\u00e4nt\u00f6<\/h2>\t\t<\/div>\n\t\t\t\t<\/div>\n\t\t\t\t<div class=\"elementor-element elementor-element-cfd40ef elementor-widget elementor-widget-text-editor\" data-id=\"cfd40ef\" data-element_type=\"widget\" data-widget_type=\"text-editor.default\">\n\t\t\t\t<div class=\"elementor-widget-container\">\n\t\t\t\t\t\t\t\t<div class=\"elementor-text-editor elementor-clearfix\">\n\t\t\t\t<ol><li><strong>MIT\u00c4 TARVITSEMME<\/strong><\/li><\/ol><div class=\"elementor-element elementor-element-53e4b40 elementor-widget elementor-widget-heading\" data-id=\"53e4b40\" data-element_type=\"widget\" data-widget_type=\"heading.default\"><div class=\"elementor-widget-container\"><h2 class=\"elementor-heading-title elementor-size-default\">Tietosuojak\u00e4yt\u00e4nt\u00f6<\/h2><\/div><\/div><div class=\"elementor-element elementor-element-cfd40ef elementor-widget elementor-widget-text-editor\" data-id=\"cfd40ef\" data-element_type=\"widget\" data-widget_type=\"text-editor.default\"><div class=\"elementor-widget-container\"><div class=\"elementor-text-editor elementor-clearfix\"><ol><li><strong>MIT\u00c4 TARVITSEMME<\/strong><\/li><\/ol><p>Tietosuojapolitiikkamme s\u00e4\u00e4ntelee henkil\u00f6tietojen k\u00e4ytt\u00f6\u00e4 ja tallentamista. Voit tutustua tietosuojak\u00e4yt\u00e4nt\u00f6ihimme tietosuojailmoitussivulla (liitteen\u00e4 alla). MLM ENGINEERING MIHA FLANDER S.P., ENGINEERING, CESTA POD RIFNIKOM 23 , 3230 \u0160ENTJUR on rekisterinpit\u00e4j\u00e4 antamilleen henkil\u00f6tiedoille (rekister\u00f6ity: sin\u00e4, asiakas, k\u00e4vij\u00e4 jne.) Ker\u00e4\u00e4mme seuraavanlaisia henkil\u00f6tietoja:<\/p><ul><li>S\u00e4hk\u00f6postiosoite;<\/li><li>Nimi, osoite, s\u00e4hk\u00f6postiosoite ja puhelinnumero;<\/li><li>Maksutiedot, kuten luotto- tai pankkikorttitiedot, Paypal ja muut maksutavat;<\/li><li>Kopiot henkil\u00f6asiakirjoista, jotka vahvistavat henkil\u00f6tietojen oikeellisuuden;<\/li><li>Ev\u00e4steet;<\/li><li>Google Analytics sek\u00e4 Yandexin ja Cloudflaren vierailunseuranta;<\/li><li>Linkit henkil\u00f6kohtaisiin profiileihin sosiaalisissa ryhmiss\u00e4.<\/li><\/ul><p>Kunkin tyyppiset henkil\u00f6tiedot saadaan tarpeellisuuden perusteella ja erillisell\u00e4 suostumuksella.<\/p><ol start=\"2\"><li><strong>MIKSI TARVITSEMME NIIT\u00c4<\/strong><\/li><\/ol><p>Tarvitsemme henkil\u00f6tietojasi seuraavia palveluja varten:<\/p><ol><li><ol><li>S\u00e4hk\u00f6postiosoite, jolla vastataan s\u00e4hk\u00f6posteihin tai yhteydenottolomakkeiden kautta l\u00e4hetettyihin viesteihin;<\/li><li>S\u00e4hk\u00f6postiosoite tarjousten ja uutiskirjeiden l\u00e4hett\u00e4mist\u00e4 varten;<\/li><li>Nimi, osoite, s\u00e4hk\u00f6postiosoite ja puhelinnumero varausten, tiedustelujen ja tarjousten l\u00e4hett\u00e4mist\u00e4 varten tai muiden pyynt\u00f6jesi t\u00e4ytt\u00e4misen yhteydess\u00e4;<\/li><li>Nimi, osoite, s\u00e4hk\u00f6postiosoite ja puhelinnumero lahjakorttien, arvosetelien tai palveluiden ja tuotteiden ostamiseksi tarjouksemme yhteydess\u00e4;<\/li><li>Yksityiskohtaiset tiedot maksuv\u00e4lineist\u00e4 ja j\u00e4ljenn\u00f6kset henkil\u00f6llisyystodistuksista palvelujen tarjoamista varten;<\/li><li>S\u00e4hk\u00f6postiosoite automaattista markkinointia varten (varausvahvistukset, kiitokset jne.);<\/li><li>Ev\u00e4steet verkkosivustojen toimintaa varten;<\/li><li>Viestint\u00e4 sosiaalisten ryhmien kautta henkil\u00f6kohtaisilla profiileilla, jotka vahvistavat yhteyden meihin;<\/li><li>Nimi, osoite, s\u00e4hk\u00f6postiosoite ja puhelinnumero satunnaisia arvontoja tai muita kampanjoita varten etuk\u00e4teen antamallasi luvalla;<\/li><li>Google Analyticsin tai Yandex Directin ja Cloudflaren aggregoidut tiedot k\u00e4yntien seurantaan ja sis\u00e4iseen analytiikkaan sis\u00e4ll\u00f6n parantamiseksi.<\/li><\/ol><\/li><\/ol><p>\u00a0<\/p><ol><li><strong>MIT\u00c4 TEEMME HENKIL\u00d6TIEDOILLA<\/strong><\/li><\/ol><p>Henkil\u00f6tietojasi k\u00e4sittelee MLM ENGINEERING MIHA FLANDER S.P., ENGINEERING, CESTA POD RIFNIKOM 23 , 3230 \u0160ENTJUR, joka sijaitsee Sloveniassa. Tietoja is\u00e4nn\u00f6id\u00e4\u00e4n ja s\u00e4ilytet\u00e4\u00e4n osoitteessa https:\/\/mlm-engineering.com\/, joka sijaitsee Euroopan unionissa (Saksassa). Kolmannella palveluntarjoajalla ei ole p\u00e4\u00e4sy\u00e4 tietoihin, ellei laki sit\u00e4 vaadi.<\/p><ol start=\"4\"><li><strong>KUINKA KAUAN NIIT\u00c4 S\u00c4ILYTET\u00c4\u00c4N<\/strong><\/li><\/ol><p>K\u00e4yt\u00e4mme sivustollamme pysyvi\u00e4 ev\u00e4steit\u00e4, joiden avulla voimme luoda linkkej\u00e4 sosiaalisiin palveluihin ja muihin \"jakamisen\" tarjoajiin, sek\u00e4 ev\u00e4steit\u00e4, joiden avulla voit k\u00e4ytt\u00e4\u00e4 suosikkisis\u00e4lt\u00f6\u00e4si sivustollamme yh\u00e4 uudelleen ja uudelleen.<\/p><ol start=\"5\"><li><strong>MITK\u00c4 OVAT OIKEUTESI<\/strong><\/li><\/ol><p>Jos uskot, ett\u00e4 hallussamme olevat henkil\u00f6tietosi ovat virheellisi\u00e4 tai puutteellisia, sinulla on mahdollisuus pyyt\u00e4\u00e4 tietojen tarkistamista, korjaamista tai poistamista. Ota meihin yhteytt\u00e4 (Data Access Request Form). Jos haluat valittaa siit\u00e4, miten olemme k\u00e4sitelleet henkil\u00f6tietojasi, ota yhteytt\u00e4 tietosuojavastaavaan tai tietosuojayhteyshenkil\u00f6\u00f6n (DPC) osoitteessa info@mlm-engineering.com\/ tai kirjallisesti osoitteeseen MLM ENGINEERING MIHA FLANDER S.P., ENGINEERING, CESTA POD RIFNIKOM 23 , 3230 \u0160ENTJUR. DPC tutkii t\u00e4m\u00e4n j\u00e4lkeen valituksesi ja ilmoittaa sinulle asian ratkaisusta. Jos olet edelleen sit\u00e4 mielt\u00e4, ett\u00e4 henkil\u00f6tietojasi ei ole k\u00e4sitelty asianmukaisesti lain mukaisesti, voit ottaa yhteytt\u00e4 tietosuojavaltuutettuun ja tehd\u00e4 h\u00e4nelle valituksen. Voit pyyt\u00e4\u00e4 saada tutustua yksityisyyden suojaan liittyviin toimintatapoihin ja asiakirjoihin k\u00e4ytt\u00e4m\u00e4ll\u00e4 erityist\u00e4 lomaketta, joka l\u00f6ytyy tietosuojaseloste-sivulta.\u00a0<strong>Aiheeseen liittyv\u00e4t asiakirjat:<\/strong><\/p><ul><li>Henkil\u00f6tietojen suojaa koskeva politiikka<\/li><li>Henkil\u00f6tietojen s\u00e4ilytt\u00e4misk\u00e4yt\u00e4nt\u00f6 (pyydett\u00e4ess\u00e4 s\u00e4hk\u00f6postitse tai henkil\u00f6kohtaisesti).<\/li><li>Henkil\u00f6tietojen s\u00e4ilytysaikataulu (pyydett\u00e4ess\u00e4 s\u00e4hk\u00f6postitse tai henkil\u00f6kohtaisesti).<\/li><li>Tietosuojailmoitus<\/li><li>Yleiset ehdot<\/li><li>Suostumuslomake<\/li><li>Suostumuksen peruuttaminen<\/li><\/ul><p>\u0160ENTJUR, 10.6.2022, Ver. Dokumentti: 1.0<\/p><\/div><\/div><\/div>\t\t\t\t\t<\/div>\n\t\t\t\t\t\t<\/div>\n\t\t\t\t<\/div>\n\t\t\t\t\t\t<\/div>\n\t\t\t\t\t<\/div>\n\t\t<\/div>\n\t\t\t\t\t\t\t\t<\/div>\n\t\t\t\t\t<\/div>\n\t\t<\/section>\n\t\t\t\t\t\t\t\t\t<\/div>\n\t\t\t<\/div>\n\t\t\t\t\t<\/div>","protected":false},"excerpt":{"rendered":"<p>Politika zasebnosti KAJ POTREBUJEMO Politika zasebnosti KAJ POTREBUJEMO Na\u0161a politika varovanja osebnih podatkov ureja uporabo in shranjevanje podatkov. Politiko varovanja osebnih podatkov si lahko ogledate na strani Obvestilo o zasebnosti (priloga spodaj). MLM ENGINEERING MIHA FLANDER S.P., IN\u017dINIRING, CESTA POD RIFNIKOM 23 , 3230 \u0160ENTJUR je upravljalec osebnih podatkov, ki jih posreduje (subjekt podatkov: vi, [&hellip;]<\/p>","protected":false},"author":3,"featured_media":0,"parent":0,"menu_order":0,"comment_status":"closed","ping_status":"closed","template":"","meta":{"_seopress_robots_primary_cat":"","_seopress_titles_title":"","_seopress_titles_desc":"","_seopress_robots_index":""},"_links":{"self":[{"href":"https:\/\/shop.mlm-engineering.com\/fi\/wp-json\/wp\/v2\/pages\/2209"}],"collection":[{"href":"https:\/\/shop.mlm-engineering.com\/fi\/wp-json\/wp\/v2\/pages"}],"about":[{"href":"https:\/\/shop.mlm-engineering.com\/fi\/wp-json\/wp\/v2\/types\/page"}],"author":[{"embeddable":true,"href":"https:\/\/shop.mlm-engineering.com\/fi\/wp-json\/wp\/v2\/users\/3"}],"replies":[{"embeddable":true,"href":"https:\/\/shop.mlm-engineering.com\/fi\/wp-json\/wp\/v2\/comments?post=2209"}],"version-history":[{"count":0,"href":"https:\/\/shop.mlm-engineering.com\/fi\/wp-json\/wp\/v2\/pages\/2209\/revisions"}],"wp:attachment":[{"href":"https:\/\/shop.mlm-engineering.com\/fi\/wp-json\/wp\/v2\/media?parent=2209"}],"curies":[{"name":"wp","href":"https:\/\/api.w.org\/{rel}","templated":true}]}}