{"id":2217,"date":"2022-06-10T07:15:57","date_gmt":"2022-06-10T07:15:57","guid":{"rendered":"https:\/\/shop.mlm-engineering.com\/?page_id=2217"},"modified":"2022-06-29T09:26:39","modified_gmt":"2022-06-29T09:26:39","slug":"kolofon","status":"publish","type":"page","link":"https:\/\/shop.mlm-engineering.com\/et\/kolofon\/","title":{"rendered":"Kolofon"},"content":{"rendered":"<div data-elementor-type=\"wp-page\" data-elementor-id=\"2217\" class=\"elementor elementor-2217\">\n\t\t\t\t\t\t<div class=\"elementor-inner\">\n\t\t\t\t<div class=\"elementor-section-wrap\">\n\t\t\t\t\t\t\t\t\t<section class=\"elementor-section elementor-top-section elementor-element elementor-element-676f2f3 elementor-section-boxed elementor-section-height-default elementor-section-height-default\" data-id=\"676f2f3\" data-element_type=\"section\" data-settings=\"{&quot;background_background&quot;:&quot;classic&quot;}\">\n\t\t\t\t\t\t<div class=\"elementor-container elementor-column-gap-default\">\n\t\t\t\t\t\t\t<div class=\"elementor-row\">\n\t\t\t\t\t<div class=\"elementor-column elementor-col-100 elementor-top-column elementor-element elementor-element-cda71a6\" data-id=\"cda71a6\" data-element_type=\"column\">\n\t\t\t<div class=\"elementor-column-wrap elementor-element-populated\">\n\t\t\t\t\t\t\t<div class=\"elementor-widget-wrap\">\n\t\t\t\t\t\t<div class=\"elementor-element elementor-element-53e4b40 elementor-widget elementor-widget-heading\" data-id=\"53e4b40\" data-element_type=\"widget\" data-widget_type=\"heading.default\">\n\t\t\t\t<div class=\"elementor-widget-container\">\n\t\t\t<h2 class=\"elementor-heading-title elementor-size-default\">Kolofon<\/h2>\t\t<\/div>\n\t\t\t\t<\/div>\n\t\t\t\t<div class=\"elementor-element elementor-element-cfd40ef elementor-widget elementor-widget-text-editor\" data-id=\"cfd40ef\" data-element_type=\"widget\" data-widget_type=\"text-editor.default\">\n\t\t\t\t<div class=\"elementor-widget-container\">\n\t\t\t\t\t\t\t\t<div class=\"elementor-text-editor elementor-clearfix\">\n\t\t\t\t<div class=\"elementor-element elementor-element-53e4b40 elementor-widget elementor-widget-heading\" data-id=\"53e4b40\" data-element_type=\"widget\" data-widget_type=\"heading.default\"><div class=\"elementor-widget-container\"><h2 class=\"elementor-heading-title elementor-size-default\"><span style=\"font-size: 16px;\">Veebilehed on v\u00e4lja t\u00f6\u00f6tatud meie ja meie veebiteenuse pakkuja poolt.<\/span><\/h2><\/div><\/div><div class=\"elementor-element elementor-element-cfd40ef elementor-widget elementor-widget-text-editor\" data-id=\"cfd40ef\" data-element_type=\"widget\" data-widget_type=\"text-editor.default\"><div class=\"elementor-widget-container\"><div class=\"elementor-text-editor elementor-clearfix\"><p><strong>Veebisaitide eesm\u00e4rk<\/strong><br \/>Veebisaidil esitatud teave on m\u00f5eldud \u00fcksnes tutvustamiseks meie p\u00f5hitegevuse valdkonnas, milleks me oleme registreeritud - tislerit\u00f6\u00f6de ja sisustuse valmistamine. Kohustume, et veebilehel esitatud teave on t\u00f5ene, usaldusv\u00e4\u00e4rne ja kvaliteetne.<br \/>Me ei vastuta tr\u00fckivigade eest ja j\u00e4tame endale \u00f5iguse muuta sisu igal ajal ja ilma ette teatamata, kui see ei ole koosk\u00f5las meie ettev\u00f5tte poliitikaga.<\/p><p><strong>Kasutus\u00f5igus<\/strong><br \/>Veebisait ja kogu selle sisu on kaitstud t\u00f6\u00f6stuslike ja intellektuaalomandi \u00f5igustega. K\u00e4esoleval veebisaidil leiduvat teavet, teksti, pilte v\u00f5i muid graafilisi elemente v\u00f5ib kasutada ainult isiklikuks, mitte\u00e4riliseks kasutamiseks ning neid ei tohi ilma haldaja eelneva kirjaliku loata reprodutseerida, muuta, levitada, litsentseerida ega v\u00e4lja anda tr\u00fckiste kujul, ei tervikuna ega osaliselt, muul eesm\u00e4rgil kui vaatamiseks.<\/p><p><strong>Vastutuse v\u00f5tmine<\/strong><br \/>Kodulehe kujundamisel p\u00fc\u00fcame tagada, et teave oleks ajakohane ja t\u00e4pne. Me ei garanteeri selle t\u00e4psust ega t\u00e4ielikkust ega v\u00f5ta vastutust, mis tuleneb selle kasutamisest. K\u00f5ik kasutajad kasutavad avaldatud sisu omal vastutusel.<br \/>Me j\u00e4tame endale \u00f5iguse muuta meie veebisaitide sisu igal ajal, mis tahes viisil, mis tahes p\u00f5hjusel ja ilma eelneva etteteatamiseta.<\/p><p><strong>Tehnoloogiline rakendamine<\/strong><br \/>Tehnoloogilise teostuse pakkus programmeerimis- ja disainib\u00fcroo koost\u00f6\u00f6s meie ettev\u00f5ttega.<\/p><p>\u00a0<\/p><p>Ettev\u00f5tte nimi: MLM ENGINEERING MIHA FLANDER S.P., ENGINEERING<br \/>Aadress: CESTA POD RIFNIKOM 23 , 3230 \u0160ENTJUR<br \/>E-post: info@mlm-engineering.com\/<br \/>Veebileht: https:\/\/mlm-engineering.com\/<\/p><p>\u0160ENTJUR, 10.6.2022<\/p><\/div><\/div><\/div>\t\t\t\t\t<\/div>\n\t\t\t\t\t\t<\/div>\n\t\t\t\t<\/div>\n\t\t\t\t\t\t<\/div>\n\t\t\t\t\t<\/div>\n\t\t<\/div>\n\t\t\t\t\t\t\t\t<\/div>\n\t\t\t\t\t<\/div>\n\t\t<\/section>\n\t\t\t\t\t\t\t\t\t<\/div>\n\t\t\t<\/div>\n\t\t\t\t\t<\/div>","protected":false},"excerpt":{"rendered":"<p>Kolofon Spletne strani smo pripravili sami skupaj z izvajalcem spletnih storitev. Namen spletnih straniPodatki na spletni strani so predstavitvene narave s podro\u010dja osnovne dejavnosti za katere smo registrirani \u2013 proizvodnja stavbnega in notranjega pohi\u0161tva. Zavezujemo se, da so podatki na spletnem mestu resni\u010dni, zanesljivi in kakovostni.Ne odgovarjamo za morebitne tipkarske napake, pridr\u017eujemo si pravico, da [&hellip;]<\/p>","protected":false},"author":3,"featured_media":0,"parent":0,"menu_order":0,"comment_status":"closed","ping_status":"closed","template":"","meta":{"_seopress_robots_primary_cat":"","_seopress_titles_title":"","_seopress_titles_desc":"","_seopress_robots_index":""},"_links":{"self":[{"href":"https:\/\/shop.mlm-engineering.com\/et\/wp-json\/wp\/v2\/pages\/2217"}],"collection":[{"href":"https:\/\/shop.mlm-engineering.com\/et\/wp-json\/wp\/v2\/pages"}],"about":[{"href":"https:\/\/shop.mlm-engineering.com\/et\/wp-json\/wp\/v2\/types\/page"}],"author":[{"embeddable":true,"href":"https:\/\/shop.mlm-engineering.com\/et\/wp-json\/wp\/v2\/users\/3"}],"replies":[{"embeddable":true,"href":"https:\/\/shop.mlm-engineering.com\/et\/wp-json\/wp\/v2\/comments?post=2217"}],"version-history":[{"count":0,"href":"https:\/\/shop.mlm-engineering.com\/et\/wp-json\/wp\/v2\/pages\/2217\/revisions"}],"wp:attachment":[{"href":"https:\/\/shop.mlm-engineering.com\/et\/wp-json\/wp\/v2\/media?parent=2217"}],"curies":[{"name":"wp","href":"https:\/\/api.w.org\/{rel}","templated":true}]}}