{"id":2209,"date":"2022-06-10T07:13:58","date_gmt":"2022-06-10T07:13:58","guid":{"rendered":"https:\/\/shop.mlm-engineering.com\/?page_id=2209"},"modified":"2022-06-29T09:41:26","modified_gmt":"2022-06-29T09:41:26","slug":"politika-zasebnosti","status":"publish","type":"page","link":"https:\/\/shop.mlm-engineering.com\/et\/politika-zasebnosti\/","title":{"rendered":"Privaatsuspoliitika"},"content":{"rendered":"<div data-elementor-type=\"wp-page\" data-elementor-id=\"2209\" class=\"elementor elementor-2209\">\n\t\t\t\t\t\t<div class=\"elementor-inner\">\n\t\t\t\t<div class=\"elementor-section-wrap\">\n\t\t\t\t\t\t\t\t\t<section class=\"elementor-section elementor-top-section elementor-element elementor-element-676f2f3 elementor-section-boxed elementor-section-height-default elementor-section-height-default\" data-id=\"676f2f3\" data-element_type=\"section\" data-settings=\"{&quot;background_background&quot;:&quot;classic&quot;}\">\n\t\t\t\t\t\t<div class=\"elementor-container elementor-column-gap-default\">\n\t\t\t\t\t\t\t<div class=\"elementor-row\">\n\t\t\t\t\t<div class=\"elementor-column elementor-col-100 elementor-top-column elementor-element elementor-element-cda71a6\" data-id=\"cda71a6\" data-element_type=\"column\">\n\t\t\t<div class=\"elementor-column-wrap elementor-element-populated\">\n\t\t\t\t\t\t\t<div class=\"elementor-widget-wrap\">\n\t\t\t\t\t\t<div class=\"elementor-element elementor-element-53e4b40 elementor-widget elementor-widget-heading\" data-id=\"53e4b40\" data-element_type=\"widget\" data-widget_type=\"heading.default\">\n\t\t\t\t<div class=\"elementor-widget-container\">\n\t\t\t<h2 class=\"elementor-heading-title elementor-size-default\">Privaatsuspoliitika<\/h2>\t\t<\/div>\n\t\t\t\t<\/div>\n\t\t\t\t<div class=\"elementor-element elementor-element-cfd40ef elementor-widget elementor-widget-text-editor\" data-id=\"cfd40ef\" data-element_type=\"widget\" data-widget_type=\"text-editor.default\">\n\t\t\t\t<div class=\"elementor-widget-container\">\n\t\t\t\t\t\t\t\t<div class=\"elementor-text-editor elementor-clearfix\">\n\t\t\t\t<ol><li><strong>MIDA ME VAJAME<\/strong><\/li><\/ol><div class=\"elementor-element elementor-element-53e4b40 elementor-widget elementor-widget-heading\" data-id=\"53e4b40\" data-element_type=\"widget\" data-widget_type=\"heading.default\"><div class=\"elementor-widget-container\"><h2 class=\"elementor-heading-title elementor-size-default\">Privaatsuspoliitika<\/h2><\/div><\/div><div class=\"elementor-element elementor-element-cfd40ef elementor-widget elementor-widget-text-editor\" data-id=\"cfd40ef\" data-element_type=\"widget\" data-widget_type=\"text-editor.default\"><div class=\"elementor-widget-container\"><div class=\"elementor-text-editor elementor-clearfix\"><ol><li><strong>MIDA ME VAJAME<\/strong><\/li><\/ol><p>Meie privaatsuspoliitika reguleerib isikuandmete kasutamist ja s\u00e4ilitamist. Meie privaatsuspoliitikaga saate tutvuda privaatsusteate lehel (lisatud allpool). MLM ENGINEERING MIHA FLANDER S.P., ENGINEERING, CESTA POD RIFNIKOM 23 , 3230 \u0160ENTJUR on oma isikuandmete vastutav t\u00f6\u00f6tleja (andmesubjekt: teie, klient, k\u00fclastaja jne). Me kogume j\u00e4rgmisi isikuandmeid:<\/p><ul><li>E-posti aadress;<\/li><li>Nimi, aadress, e-posti aadress ja telefoninumber;<\/li><li>Makseteave, n\u00e4iteks krediit- v\u00f5i deebetkaardi andmed, Paypal ja muud makseviisid;<\/li><li>Isikuandmete \u00f5igsust t\u00f5endavate isikut t\u00f5endavate dokumentide koopiad;<\/li><li>K\u00fcpsised;<\/li><li>Google Analytics ja Yandex ja Cloudflare k\u00fclastuse j\u00e4lgimine;<\/li><li>Lingid isiklike profiilide kohta sotsiaalsetes r\u00fchmades.<\/li><\/ul><p>Me saame igat liiki isikuandmeid vajalikkuse alusel ja eraldi n\u00f5usolekul.<\/p><ol start=\"2\"><li><strong>MIKS ME NEID VAJAME<\/strong><\/li><\/ol><p>Vajame teie isikuandmeid j\u00e4rgmiste teenuste osutamiseks:<\/p><ol><li><ol><li>E-posti aadress teie e-kirjadele v\u00f5i kontaktvormide kaudu saadetud s\u00f5numitele vastamiseks;<\/li><li>E-posti aadress pakkumiste ja uudiskirjade saatmiseks;<\/li><li>Nimi, aadress, e-posti aadress ja telefoninumber broneeringute ja p\u00e4ringute vastuv\u00f5tmiseks, hinnapakkumiste saatmiseks v\u00f5i seoses teie muude taotluste t\u00e4itmisega;<\/li><li>Nimi, aadress, e-posti aadress ja telefoninumber, et osta kinkekaarte, vaut\u0161ereid v\u00f5i teenuseid ja kaupu seoses meie pakkumisega;<\/li><li>\u00fcksikasjad maksevahendite kohta ja teenuste osutamise isikut t\u00f5endavate dokumentide koopiad;<\/li><li>E-posti aadress automatiseeritud turunduse jaoks (broneeringu kinnitused, t\u00e4nukirjad jne);<\/li><li>K\u00fcpsised veebisaitide toimimiseks;<\/li><li>Suhtlemine sotsiaalsete gruppide kaudu, mille isiklikud profiilid kinnitavad teie sidet meiega;<\/li><li>Nimi, aadress, e-posti aadress ja telefoninumber aeg-ajalt toimuvate v\u00f5istluste v\u00f5i muude kampaaniate jaoks teie eelneva loaga;<\/li><li>Google Analyticsi v\u00f5i Yandex Directi ja Cloudflare'i agregeeritud andmed k\u00fclastuste j\u00e4lgimiseks ja sisemiseks anal\u00fc\u00fcsiks, et parandada sisu.<\/li><\/ol><\/li><\/ol><p>\u00a0<\/p><ol><li><strong>MIDA ME TEEME ISIKUANDMETEGA<\/strong><\/li><\/ol><p>Teie isikuandmeid t\u00f6\u00f6tleb MLM ENGINEERING MIHA FLANDER S.P., ENGINEERING, CESTA POD RIFNIKOM 23 , 3230 \u0160ENTJUR, mis asub Sloveenias. Andmeid hoitakse ja s\u00e4ilitatakse aadressil https:\/\/mlm-engineering.com\/, mis asub Euroopa Liidus (Saksamaal). \u00dckski kolmas isik ei p\u00e4\u00e4se teie andmetele ligi, v\u00e4lja arvatud juhul, kui see on seadusega ette n\u00e4htud.<\/p><ol start=\"4\"><li><strong>KUI KAUA NEID HOITAKSE<\/strong><\/li><\/ol><p>Me kasutame oma veebisaidil p\u00fcsik\u00fcpsiseid, et luua linke sotsiaalteenuste ja muude \"jagamisv\u00f5imaluste\" pakkujatega, ning k\u00fcpsiseid, mis aitavad teil meie veebisaidil oma lemmiksisu uuesti ja uuesti kasutada.<\/p><ol start=\"5\"><li><strong>MILLISED ON TEIE \u00d5IGUSED<\/strong><\/li><\/ol><p>Kui te arvate, et meie poolt teie kohta hoitavad isikuandmed on eba\u00f5iged v\u00f5i ebat\u00e4ielikud, on teil v\u00f5imalus esitada taotlus nende andmete l\u00e4bivaatamiseks, parandamiseks v\u00f5i kustutamiseks. Palun v\u00f5tke meiega \u00fchendust (andmetele juurdep\u00e4\u00e4su taotluse vorm). Kui soovite esitada kaebuse selle kohta, kuidas me teie isikuandmeid oleme t\u00f6\u00f6delnud, v\u00f5tke palun \u00fchendust andmekaitseametniku v\u00f5i andmekaitse kontaktisikuga (DPC) aadressil info@mlm-engineering.com\/ v\u00f5i kirjalikult aadressil MLM ENGINEERING MIHA FLANDER S.P., ENGINEERING, CESTA POD RIFNIKOM 23 , 3230 \u0160ENTJUR. Meie DPC uurib seej\u00e4rel teie kaebust ja teavitab teid k\u00fcsimuse lahendamisest. Kui teil on endiselt tunne, et teie isikuandmeid ei ole t\u00f6\u00f6deldud n\u00f5uetekohaselt ja koosk\u00f5las seadusega, v\u00f5ite p\u00f6\u00f6rduda infovoliniku poole ja esitada talle kaebuse. V\u00f5ite taotleda juurdep\u00e4\u00e4su eraelu puutumatusega seotud p\u00f5him\u00f5tetele ja dokumentidele, kasutades selleks spetsiaalset vormi, mille leiate privaatsusteate lehek\u00fcljelt.\u00a0<strong>Seotud dokumendid:<\/strong><\/p><ul><li>Isikuandmete kaitsepoliitika<\/li><li>Isikuandmete s\u00e4ilitamise poliitika (taotluse korral e-posti teel v\u00f5i isiklikult)<\/li><li>Isikuandmete s\u00e4ilitamise ajakava (taotluse korral e-posti teel v\u00f5i isiklikult)<\/li><li>Andmekaitse teatis<\/li><li>\u00dcldtingimused<\/li><li>N\u00f5usoleku vorm<\/li><li>N\u00f5usoleku tagasiv\u00f5tmise vorm<\/li><\/ul><p>\u0160ENTJUR, 10.6.2022, Ver. Dokument: 1.0<\/p><\/div><\/div><\/div>\t\t\t\t\t<\/div>\n\t\t\t\t\t\t<\/div>\n\t\t\t\t<\/div>\n\t\t\t\t\t\t<\/div>\n\t\t\t\t\t<\/div>\n\t\t<\/div>\n\t\t\t\t\t\t\t\t<\/div>\n\t\t\t\t\t<\/div>\n\t\t<\/section>\n\t\t\t\t\t\t\t\t\t<\/div>\n\t\t\t<\/div>\n\t\t\t\t\t<\/div>","protected":false},"excerpt":{"rendered":"<p>Politika zasebnosti KAJ POTREBUJEMO Politika zasebnosti KAJ POTREBUJEMO Na\u0161a politika varovanja osebnih podatkov ureja uporabo in shranjevanje podatkov. Politiko varovanja osebnih podatkov si lahko ogledate na strani Obvestilo o zasebnosti (priloga spodaj). MLM ENGINEERING MIHA FLANDER S.P., IN\u017dINIRING, CESTA POD RIFNIKOM 23 , 3230 \u0160ENTJUR je upravljalec osebnih podatkov, ki jih posreduje (subjekt podatkov: vi, [&hellip;]<\/p>","protected":false},"author":3,"featured_media":0,"parent":0,"menu_order":0,"comment_status":"closed","ping_status":"closed","template":"","meta":{"_seopress_robots_primary_cat":"","_seopress_titles_title":"","_seopress_titles_desc":"","_seopress_robots_index":""},"_links":{"self":[{"href":"https:\/\/shop.mlm-engineering.com\/et\/wp-json\/wp\/v2\/pages\/2209"}],"collection":[{"href":"https:\/\/shop.mlm-engineering.com\/et\/wp-json\/wp\/v2\/pages"}],"about":[{"href":"https:\/\/shop.mlm-engineering.com\/et\/wp-json\/wp\/v2\/types\/page"}],"author":[{"embeddable":true,"href":"https:\/\/shop.mlm-engineering.com\/et\/wp-json\/wp\/v2\/users\/3"}],"replies":[{"embeddable":true,"href":"https:\/\/shop.mlm-engineering.com\/et\/wp-json\/wp\/v2\/comments?post=2209"}],"version-history":[{"count":0,"href":"https:\/\/shop.mlm-engineering.com\/et\/wp-json\/wp\/v2\/pages\/2209\/revisions"}],"wp:attachment":[{"href":"https:\/\/shop.mlm-engineering.com\/et\/wp-json\/wp\/v2\/media?parent=2209"}],"curies":[{"name":"wp","href":"https:\/\/api.w.org\/{rel}","templated":true}]}}