{"id":2195,"date":"2022-06-10T07:11:23","date_gmt":"2022-06-10T07:11:23","guid":{"rendered":"https:\/\/shop.mlm-engineering.com\/?page_id=2195"},"modified":"2022-06-29T09:12:29","modified_gmt":"2022-06-29T09:12:29","slug":"splosni-pogoji","status":"publish","type":"page","link":"https:\/\/shop.mlm-engineering.com\/et\/splosni-pogoji\/","title":{"rendered":"\u00dcldtingimused"},"content":{"rendered":"<div data-elementor-type=\"wp-page\" data-elementor-id=\"2195\" class=\"elementor elementor-2195\">\n\t\t\t\t\t\t<div class=\"elementor-inner\">\n\t\t\t\t<div class=\"elementor-section-wrap\">\n\t\t\t\t\t\t\t\t\t<section class=\"elementor-section elementor-top-section elementor-element elementor-element-676f2f3 elementor-section-boxed elementor-section-height-default elementor-section-height-default\" data-id=\"676f2f3\" data-element_type=\"section\" data-settings=\"{&quot;background_background&quot;:&quot;classic&quot;}\">\n\t\t\t\t\t\t<div class=\"elementor-container elementor-column-gap-default\">\n\t\t\t\t\t\t\t<div class=\"elementor-row\">\n\t\t\t\t\t<div class=\"elementor-column elementor-col-100 elementor-top-column elementor-element elementor-element-cda71a6\" data-id=\"cda71a6\" data-element_type=\"column\">\n\t\t\t<div class=\"elementor-column-wrap elementor-element-populated\">\n\t\t\t\t\t\t\t<div class=\"elementor-widget-wrap\">\n\t\t\t\t\t\t<div class=\"elementor-element elementor-element-53e4b40 elementor-widget elementor-widget-heading\" data-id=\"53e4b40\" data-element_type=\"widget\" data-widget_type=\"heading.default\">\n\t\t\t\t<div class=\"elementor-widget-container\">\n\t\t\t<h2 class=\"elementor-heading-title elementor-size-default\">\u00dcldtingimused<\/h2>\t\t<\/div>\n\t\t\t\t<\/div>\n\t\t\t\t<div class=\"elementor-element elementor-element-cfd40ef elementor-widget elementor-widget-text-editor\" data-id=\"cfd40ef\" data-element_type=\"widget\" data-widget_type=\"text-editor.default\">\n\t\t\t\t<div class=\"elementor-widget-container\">\n\t\t\t\t\t\t\t\t<div class=\"elementor-text-editor elementor-clearfix\">\n\t\t\t\t<ol><li><strong>\u00dcLDINE<\/strong><\/li><\/ol><p><strong>Veebisaidi \u00fcldtingimused\u00a0<a href=\"https:\/\/prideshop.eu\/\">https:\/\/shop.mlm-engineering.com\/<\/a>\u00a0( MLM Engineering Miha Flander s.p., Engineering) on koostatud vastavalt tarbijakaitseseadusele (ZVPot), isikuandmete kaitse seadusele (ZVOP-1) ja elektroonilise side seadusele (ZEKom-1).<\/strong><\/p><p>Veebilehega\u00a0<strong>https:\/\/shop.mlm-engineering.com\/<\/strong>\u00a0haldab MLM Engineering Miha Flander s.p., Engineering, Cesta pod Rifnikom 23, 3230 \u0160entjur, Sloveenia.<\/p><p>Ostmine ja tellimine aadressil https:\/\/shop.mlm-engineering.com\/\/ toimub 24 tundi \u00f6\u00f6p\u00e4evas, igal p\u00e4eval aastas. Erinevatel tehnilistel p\u00f5hjustel on veebilehe toimimine v\u00f5i juurdep\u00e4\u00e4s veebilehele m\u00f5nikord l\u00fchiajaliselt takistatud, kuna veebilehe hooldust\u00f6\u00f6d on k\u00e4imas. Veebisaidi hoolduse t\u00f5ttu v\u00f5ib veebisaidil aeg-ajalt esineda katkestusi ja seet\u00f5ttu v\u00f5ib olla eba\u00f5iget teavet toodete hindade, kirjelduste ja laovarude kohta. Tarnija ei vastuta hooldusest tulenevate eba\u00f5igete andmete eest ja teavitab klienti tellimuse esitamisel tekkida v\u00f5ivatest probleemidest. Tarnija j\u00e4tab endale \u00f5iguse piirata v\u00f5i peatada m\u00f5ne v\u00f5i k\u00f5igi toodete m\u00fc\u00fcki piiratud v\u00f5i m\u00e4\u00e4ramata ajaks v\u00f5i piirata v\u00f5i peatada juurdep\u00e4\u00e4s e-poele piiratud v\u00f5i m\u00e4\u00e4ramata ajaks. Teenusepakkuja ei vastuta poe mittekasutamise eest, mis tuleneb teadmatusest, kuidas seda kasutada, veebipoe v\u00e4\u00e4rkasutuse tagaj\u00e4rgede eest, teenuse mittekasutamise eest v\u00f5rguh\u00e4ire, elektrikatkestuse v\u00f5i muude tehniliste rikete t\u00f5ttu, mis v\u00f5ivad ajutiselt v\u00f5i pikema aja jooksul h\u00e4irida teenuse kasutamist.<\/p><p>Ostja on seotud ostu sooritamise ajal kehtivate \u00fcldtingimustega - veebitellimuse esitamisel. Kasutajale tuletatakse \u00fcldtingimusi meelde iga kord, kui ta teeb tellimuse, ja tellimuse esitamisega kinnitab ta, et on neist teadlik.<\/p><p>Veebipoe teenuseid saate kasutada, registreerudes kasutajaks v\u00f5i tehes ostu ilma registreerimata. S\u00fcsteemi registreerimisel antakse teile kasutajanimi, mis on sama, mis teie e-posti aadress, ja parool. Registreerimisega v\u00f5i kiire ostu sooritamisega saate kasutajaks ja saate \u00f5iguse ostu sooritada. See kehtib k\u00f5igi \u00fcle 16-aastaste isikute kohta.<\/p><p>Teenusepakkuja j\u00e4tab endale \u00f5iguse teha muudatusi \u00fcldtingimustes ilma erilise etteteatamiseta. Muudatused j\u00f5ustuvad alates nende avaldamise hetkest ja on kasutajale siduvad.<\/p><ol start=\"2\"><li><strong>OSTUMENETLUS<\/strong><\/li><\/ol><p>Kui olete leidnud tooted, mida soovite tellida, kl\u00f5psake ikoonil \"Lisa ostukorvi\". Korvi paremas \u00fclaosas n\u00e4ete, kui palju tooteid on teie ostukorvis. Kui kl\u00f5psate hiirega korvi nupule, n\u00e4ete nimekirja korvis olevatest toodetest, kogusummat ja ostu j\u00e4relej\u00e4\u00e4nud etappe.<\/p><ol start=\"3\"><li><strong>MAKSUMETOODI<\/strong><\/li><\/ol><p>Veebist ostes saate maksta j\u00e4rgmistel viisidel:<\/p><p>Kohapeal: Kohapeal saab kauba eest maksta alles siis, kui postiteenus (Post Slovenije) toimetab selle teile koju. Tasuda saab sularahas. Lisaks k\u00e4ttetoimetamise tasule v\u00f5tab k\u00e4ttetoimetamisteenus selle teenuse eest tasu, mida arve ei sisalda. Paki saate k\u00e4tte ja maksate selle eest l\u00e4himast postkontorist.<\/p><p>Maksmine arve alusel: saate arve posti teel v\u00f5i e-posti teel tellimuse esitamisel antud e-posti aadressile. P\u00e4rast arve tasumist saadetakse saadetis 1-4 t\u00f6\u00f6p\u00e4eva jooksul; laos mitteolevate ja eritellimusel valmistatud toodete puhul on tarneaeg kuni 15 p\u00e4eva alates tellimuse k\u00e4ttesaamisest. Suure hulga eritellimustoodete laekumise korral j\u00e4tame endale \u00f5iguse pikemale tarneajale.<br \/>Kui olete valinud arvega maksmise, saate maksta arve alusel avaldatud tehingukontole. Viide on sama, mis tellimuse number!<\/p><p>Maksmine PayPaliga: aktsepteerime makseid PayPaliga. Kui te l\u00f5petate tellimuse, avaneb PayPal leht, kus teete makse.<\/p><p>Ostude puhul kehtivad tellimuse kinnitamise ajal kehtivad hinnad. K\u00f5ik hinnad sisaldavad k\u00e4ibemaksu. Veebipoe hinnad v\u00f5ivad muutuda ilma etteteatamiseta.<\/p><p>Hinnakujundusvigade korral lubame teil ostust taganeda. Toote hind sisaldab kohaletoimetamist 0-15 km kaugusele. Kui MLM Engineering Miha Flander s.p., Engineering peakontori ja toote saaja vaheline kaugus on suurem kui 15 km, lisanduvad transpordikulud.<\/p><ol start=\"4\"><li><strong>HINNAD<\/strong><\/li><\/ol><p>K\u00f5ik hinnad on eurodes ja sisaldavad k\u00e4ibemaksu. Hinnad kehtivad tellimuse kinnitamise ajal. Ostu sooritamisel v\u00f5etakse arvesse makse kinnitamise ajal kehtivat hinda. Veebipoe hinnad v\u00f5ivad muutuda ilma ette teatamata. Pildid on s\u00fcmboolsed.<\/p><p>Toote hind sisaldab kohaletoimetamist kuni 15 km kaugusele MLM Engineeringi peakontorist Miha Flander s.p., Engineeringi aadressile. Kui vahemaa on pikem, tuleb selle eest maksta lisatasu.<\/p><p><strong>KAMPAANIAD JA MUUD SOODUSTUSED<\/strong><\/p><p>Saate osta tooteid eriliste ja soodushindadega. R\u00f5hutatakse erinevaid kampaaniaid, m\u00fc\u00fcki ja muid turundustehnikaid. Osalemistingimused on selgelt s\u00e4testatud iga toote puhul, millele kehtib soodus- v\u00f5i allahindlushind.<\/p><p><strong>SOODUSKOODID<\/strong><\/p><p>Kasutajad saavad teatud tooteid osta spetsiaalsete sooduskoodide abil, mis on saadaval erinevatel viisidel (voldikud, sotsiaalmeedia, postitused). Sooduskood pakub erinevaid ostueeliseid ja on ajaliselt piiratud. Kasutusreeglid on selgelt m\u00e4\u00e4ratletud.<\/p><ol start=\"5\"><li><strong>ERAELU PUUTUMATUS JA ANDMEKAITSE<\/strong><\/li><\/ol><p>Veebipoe MLM Engineering Miha Flander s.p., Engineering juht on kohustatud kaitsma oma kasutajate isikuandmeid vastavalt isikuandmete kaitse seadusele (ZVOP-1-UPB1).<\/p><p>Meie kasutajate isikuandmed on \u00fcks valdkondadest, millele me p\u00f6\u00f6rame \u00fclimat hoolt ja t\u00e4helepanu. Me hoolitseme selle eest, et k\u00f5ik n\u00f5uded oleksid t\u00e4idetud ja \u00fcletatud, sest oleme teadlikud selle valdkonna tundlikust iseloomust. K\u00f5ik veebipoe kasutaja isikuandmed on konfidentsiaalsed ja neid ei avaldata mitte mingil juhul volitamata isikutele. Isikuandmed on teave, mis tuvastab teid kui \u00fcksikisikut: teie eesnimi, perekonnanimi, e-posti v\u00f5i postiaadress jne. Me ei vastuta kasutajate poolt sisestatud andmete \u00f5igsuse eest. Me ei kogu teie isikuandmeid, kui te ei anna meile selleks luba v\u00f5i n\u00f5usolekut - kui te tellidate tooteid v\u00f5i tellidate meie uudiskirja. Te saate meie uudiskirjast igal ajal loobuda, k\u00fclastades veebilehte nainfo@shop.mlm-engineering.com. Kui teie isikuandmed muutuvad, teavitage meid aadressil nainfo@shop.mlm-engineering.com. Kasutaja vastutab oma isikuandmete kaitsmise eest, tagades, et tema kasutajanimi ja salas\u00f5na on turvalised ning et tema arvuti on kaitstud asjakohase tarkvaraga (viiruset\u00f5rje).<\/p><p><strong>Miha Flander s.p., Engineering kogub MLM Engineeringi \u00e4ritegevuse eesm\u00e4rgil j\u00e4rgmisi kasutajaandmeid:<\/strong><\/p><ul><li>ees- ja perekonnanimi,<\/li><li>aadress ja elukoht,<\/li><li>e-posti aadress (teie kasutajanimi),<\/li><li>kontakttelefoninumber,<\/li><li>salas\u00f5na kr\u00fcpteeritud kujul,<\/li><li>ja muu teave, mille kasutajad sisestavad veebilehe https:\/\/shop.mlm-engineering.com\/ vormidesse.<\/li><\/ul><p>Enamikku meie veebipoe lehek\u00fclgedest saate k\u00fclastada ilma oma isikuandmeid avaldamata, kuigi m\u00f5ned andmed saadakse automaatselt k\u00fcpsiste abil, mis on veebit\u00f6\u00f6stuse standardvahendid. K\u00fcpsiste ja veebimajakate kasutamine v\u00f5imaldab meil \u00e4ra tunda teie IP-aadressi, kasutatava brauseri t\u00fc\u00fcbi ja \u00fcldise veebiaktiivsuse. IP-aadresse kogutakse turvalisuse eesm\u00e4rgil.<\/p><p>Igale kasutajale m\u00e4\u00e4ratakse k\u00fclastuse alguses seansik\u00fcpsis, et tuvastada ja j\u00e4lgida tema ostukorv. K\u00f5ik eespool nimetatud andmed, v\u00e4lja arvatud k\u00fcpsised, s\u00e4ilitatakse alaliselt MLM Engineering Miha Flander s.p., Engineering serveris. Seansik\u00fcpsised salvestatakse serveri m\u00e4llu ainult k\u00fclastuse ajaks ja kustutatakse p\u00e4rast \u00fche tunni pikkust mitteaktiivsust, samas kui p\u00fcsik\u00fcpsised salvestatakse k\u00fclastaja arvutisse.<\/p><p>Kui l\u00fclitate oma arvutis k\u00fcpsised v\u00e4lja, ei saa te e-poes ostu sooritada.<\/p><p><strong>ISIKUANDMETE ERAKORRALINE AVALIKUSTAMINE<\/strong><\/p><p>MLM Engineering Miha Flander s.p., Engineering kogutud ja t\u00f6\u00f6deldud andmeid avaldatakse ainult siis, kui selline kohustus on ette n\u00e4htud seadusega v\u00f5i heauskse veendumuse korral, et selline tegevus on vajalik kohtumenetluseks kohtus v\u00f5i muudes ametiasutustes v\u00f5i MLM Engineering Miha Flander s.p., Engineering \u00f5igustatud huvide kaitsmiseks ja j\u00e4rgimiseks.<\/p><p><strong>K\u00dcPSISTEST - MIS ON K\u00dcPSISED JA MIKS NEID VAJA ON?<\/strong><\/p><p>K\u00fcpsis on l\u00fchike tekst, mille veebisait saadab teie veebilehitsejale, kui k\u00fclastate seda. Nii tunneb veebisait teid \u00e4ra, j\u00e4tab meelde teavet teie k\u00fclastuse kohta ning pakub teile s\u00f5bralikumat ja lihtsamat veebiteenust. Me kasutame k\u00fcpsiseid, et isikup\u00e4rastada meie veebisaidi sisu, j\u00e4tta meelde teie eelistusi ja registreerida teie k\u00fclastust meie veebipoes. K\u00fcpsiste abil on meie veebipoe sirvimine meeldivam, kiirem ja eelk\u00f5ige t\u00f5husam.<\/p><ol start=\"6\"><li><strong>TELLIMUSED<\/strong><\/li><\/ol><p><strong>TELLIMUSE TAGASIL\u00dcKKAMINE<\/strong><\/p><p>Tellimus l\u00fckatakse tagasi, kui leitakse, et seda ei ole v\u00f5imalik t\u00e4ita e-poele k\u00e4ttesaadavate tingimuste ja teabe alusel. Ostja ei saa n\u00f5uda sellise tellimuse t\u00e4itmist.<\/p><p><strong>TELLIMUSTE T\u00d6\u00d6TLEMINE<\/strong><\/p><p>Veebipood alustab vastuv\u00f5etud tellimuse t\u00e4itmiseks vajalikke toiminguid kohe p\u00e4rast selle k\u00e4ttesaamist. Tarnija peab kauba v\u00f5i teenuse tarnima lubatud aja jooksul. Tarnija peab andma kasutajale tarnimise ajal lisateavet taganemis\u00f5iguse kohta, eelk\u00f5ige taganemis\u00f5iguse kasutamise tingimused ja viisid. Ta peab andma kogu vajaliku teabe aadressi kohta, kuhu kasutaja saab kaebuse korral p\u00f6\u00f6rduda.<\/p><p><strong>TELLI LAOSTAMINE<\/strong><\/p><p>Elektrooniliselt esitatud tellimus v\u00f5i s\u00f5lmitud ostuleping s\u00e4ilitatakse ettev\u00f5tte peakontoris. Klient saab k\u00f5iki oma tellimusi j\u00e4lgida oma profiilis.<\/p><p><strong>TELLIMUSE T\u00dcHISTAMINE<\/strong><\/p><p>Tarbijakaitseseaduse artikli 43 kohaselt v\u00f5ib ostja 14 p\u00e4eva jooksul p\u00e4rast kauba k\u00e4ttesaamist teatada tarnijale kirjalikult, et ta soovib lepingust v\u00f5i tellimusest ilma erilise p\u00f5hjuseta taganeda. Ostja v\u00f5ib esitada taganemisavalduse vormil v\u00f5i \u00fcheselt m\u00f5istetava avaldusega, milles on selgelt m\u00e4rgitud, et ostja taganeb lepingust.<\/p><p>Lepingust taganemise korral tagastab ettev\u00f5te ostjale k\u00f5ik saadud maksed viivitamata v\u00f5i hiljemalt 14 p\u00e4eva jooksul alates taganemisteate k\u00e4ttesaamisest. Ettev\u00f5tja h\u00fcvitab tarbijale maksed sama maksevahendi abil, mida tarbija kasutas, v\u00e4lja arvatud juhul, kui tarbija on taotlenud m\u00f5ne muu maksevahendi kasutamist. Tarbija ei kanna tagasimaksmisega seotud kulusid.<\/p><p>Ostja peab kauba tagastama 14 p\u00e4eva jooksul alates t\u00fchistamisteatest. P\u00e4rast kauba tagastamist saab Ostja raha tagasi. Taganemisvormi leiate veebist.<\/p><ol start=\"7\"><li><strong>KOHALETOIMETAMINE JA POSTIKULUD<\/strong><\/li><\/ol><p><strong>POSTIKULUD JA KOHALETOIMETAMINE<\/strong><\/p><p>Tellimused saadetakse tavaliselt kokkulepitud aja jooksul. Lepime kliendiga kokku tarnekuup\u00e4eva. Me tarnime oma transpordiga.<\/p><p>Toote hind sisaldab kohaletoimetamist kuni 15 km kaugusele MLM Engineeringi peakontorist Miha Flander s.p., Engineeringi aadressile. Kui vahemaa on pikem, tuleb selle eest maksta lisatasu.<\/p><p><strong>ISIKLIK \u00dcLEKANNE<\/strong><\/p><p>V\u00f5ite oma tooted ka isiklikult ettev\u00f5tte peakontorist k\u00e4tte saada. Ostu sooritamisel valige palun valik PERSONAL COLLECTION. Sellisel juhul ei ole postikulud.<\/p><ol start=\"8\"><li><strong>M\u00dc\u00dcGIJ\u00c4RGNE TEENINDUS - GARANTII<\/strong><\/li><\/ol><p>Kui garantiiga h\u00f5lmatud toode ei t\u00f6\u00f6ta ideaalselt v\u00f5i ei vasta garantiitunnistuses v\u00f5i reklaamis m\u00e4rgitud omadustele, v\u00f5ib tarbija k\u00f5igepealt n\u00f5uda puuduste k\u00f5rvaldamist. Kui puudusi ei k\u00f5rvaldata kokku 45 p\u00e4eva jooksul alates kuup\u00e4evast, mil tootja, m\u00fc\u00fcja v\u00f5i volitatud remondit\u00f6\u00f6koda sai tarbija parandamisn\u00f5ude, peab m\u00fc\u00fcja asendama defektse kauba tasuta identse, uue ja veatu kaubaga. Kui m\u00fc\u00fcja ei paranda kaupa v\u00f5i ei asenda seda uue kaubaga eelmises l\u00f5ikes osutatud t\u00e4htaja jooksul, v\u00f5ib tarbija lepingu l\u00f5petada v\u00f5i n\u00f5uda ostuhinna v\u00e4hendamist.<\/p><p>M\u00fc\u00fcja peab esitama uue n\u00f5ude asendatud kauba v\u00f5i asendatud kauba olulise osa kohta. Tarbija k\u00e4esolevas artiklis s\u00e4testatud \u00f5igused aeguvad kahe aasta m\u00f6\u00f6dumisel alates kuup\u00e4evast, mil tarbija n\u00f5udis puuduste tasuta k\u00f5rvaldamist v\u00f5i kauba asendamist uuega.<\/p><ol start=\"9\"><li><strong>KAEBUSED<\/strong><\/li><\/ol><p>K\u00f5ik tooted kontrollitakse enne tarnimist ja saadetakse kahjustamata kujul.<\/p><p><strong>MEIE VEA KORRAL<\/strong><\/p><p>Kui tarnitud tooted ei vasta tellitud toodete omadustele v\u00f5i spetsifikatsioonidele, peate meid sellest teavitama 8 p\u00e4eva jooksul alates toote k\u00e4ttesaamise kuup\u00e4evast. Palun tagastage tooted originaalpakendis ja sellises seisukorras, nagu te need k\u00e4tte saite. Palun lisage t\u00e4idetud tagastusvorm, mille saadame soovi korral e-posti teel, koos l\u00fchikirjeldusega tagastamise p\u00f5hjuse kohta. Me tagastame tagastatud toote v\u00e4\u00e4rtuse, v\u00e4lja arvatud saatmiskulud, krediiti v\u00f5i korraldame uue toote valmistamise.<\/p><ol start=\"10\"><li><strong>TEAVE KAEBUSTE ESITAMISE KORRA KOHTA<\/strong><\/li><\/ol><p>MLM Engineering Miha Flander s.p., Engineering, Cesta pod Rifnikom 23, 3230 \u0160entjur j\u00e4rgib kehtivaid tarbijakaitsealaseid \u00f5igusakte ja teeb k\u00f5ik endast oleneva, et t\u00e4ita oma kohustust luua t\u00f5hus kaebuste k\u00e4sitlemise s\u00fcsteem.<\/p><p>Klient v\u00f5ib esitada kaebuse mitmel viisil, nimelt kirjalikult, e-postiga info@shop.mlm-engineering.com ja suuliselt protokolliga MLM Engineering Miha Flander s.p., Engineering, Cesta pod Rifnikom 23, 3230 \u0160entjur.<\/p><p>MLM Engineering Miha Flander s.p., Engineering, Cesta pod Rifnikom 23, 3230 \u0160entjur, p\u00e4dev personal teeb otsuse kaebuse kohta v\u00f5imalikult kiiresti v\u00f5i hiljemalt 8 p\u00e4eva jooksul p\u00e4rast k\u00f5igi hindamiseks vajalike dokumentide saamist. MLM Engineering Miha Flander s.p., Engineering saadab kaebusele vastuse koos asjakohaste selgitustega kirjalikult kliendi kontaktaadressile (enamasti e-posti aadressile). Kliendil on \u00f5igus esitada kaebuse kohta vastuv\u00e4iteid. MLM Engineering Miha Flander s.p., Engineering saadab vastuv\u00e4ite kohta otsuse koos asjakohaste selgitustega kirjalikult kliendi kontaktaadressile 15 t\u00f6\u00f6p\u00e4eva jooksul. Seega on MLM Engineering Miha Flander s.p., Engineering otsus l\u00f5plik ja sisemine kaebusmenetlus on l\u00f5petatud. Kui klient ei ole rahul kaebuse lahendusega, v\u00f5ib ta esitada hagi p\u00e4devasse kohtusse.<\/p><ol start=\"11\"><li><strong>VAIDLUSTE LAHENDAMINE<\/strong><\/li><\/ol><p>Kui saadetises v\u00f5i tarnitud kaubas esineb puudusi, peab ostja esmalt p\u00f6\u00f6rduma kaebuse esitamisel otse m\u00fc\u00fcja poole. M\u00fc\u00fcja vastab seej\u00e4rel m\u00f5istliku aja jooksul, s\u00f5ltuvalt probleemi laadist, ostjale, l\u00fckates kaebuse tagasi v\u00f5i kinnitades seda ja pakkudes v\u00f5imalikke lahendusi.<\/p><p>Kui pooled ei suuda vaidlust vastastikusel kokkuleppel lahendada, on p\u00e4dev kohus Celjes.<\/p><p>Vastavalt kohtuv\u00e4lise vaidluste lahendamise seaduse (ZIsRPS) artiklile 32 ei tunnista MLM Engineering Miha Flander s.p., Engineering, Cesta pod Rifnikom 23, 3230 \u0160entjur IRPSi pakkujate p\u00e4devust lahendada tarbijavaidlust, mille ostja v\u00f5ib algatada vastavalt k\u00e4esolevale seadusele. Ostja v\u00f5ib esitada kaebuse ka ELi tarbijavaidluste veebip\u00f5hise lahendamise platvormi (ODRP) kaudu. Veebilink ODRP-le on k\u00e4ttesaadav aadressil\u00a0<strong><u><a href=\"https:\/\/ec.europa.eu\/consumers\/odr\/main\/index.cfm?event=main.home.chooseLanguage\">Siin.<\/a><\/u><\/strong><\/p><ol start=\"12\"><li><strong>TEABE K\u00c4TTESAADAVUS<\/strong><\/li><\/ol><p><strong>Kohustume alati esitama kliendile j\u00e4rgmise teabe:<\/strong><\/p><ul><li>\u00e4ri\u00fchingu andmed (nimi ja registrij\u00e4rgne asukoht, registreerimisnumber);<\/li><li>kontaktandmed, mis v\u00f5imaldavad kasutajal kiiresti ja t\u00f5husalt suhelda (e-post, telefon);<\/li><li>kaupade v\u00f5i teenuste olulised omadused (sealhulgas m\u00fc\u00fcgij\u00e4rgne teenindus ja garantiid);<\/li><li>kauba v\u00f5i teenuse l\u00f5plik hind, sealhulgas maksud, v\u00f5i hinna arvutamise viis, kui seda ei saa kauba v\u00f5i teenuse olemuse t\u00f5ttu ette arvutada;<\/li><li>toodete k\u00e4ttesaadavus (iga veebisaidil pakutav toode v\u00f5i teenus peaks olema k\u00e4ttesaadav m\u00f5istliku aja jooksul);<\/li><li>maksetingimused, toote v\u00f5i teenuse tarnetingimused (tarne viis, koht ja aeg);<\/li><li>teave mis tahes t\u00e4iendavate transpordi-, tarne- v\u00f5i saatmiskulude kohta v\u00f5i hoiatus, et need kulud v\u00f5ivad tekkida, kui neid ei ole v\u00f5imalik eelnevalt arvutada;<\/li><li>pakkumise kehtivusaeg;<\/li><li>tingimused, t\u00e4htajad ja menetlused lepingust taganemise korral; ning kas ja kui palju maksab kauba tagastamine;<\/li><li>selgitus kaebuste esitamise korra kohta, sealhulgas kontaktisiku v\u00f5i klienditeenindaja t\u00e4ielikud andmed;<\/li><li>Teadlikkus vastutusest oluliste puuduste eest;<\/li><li>m\u00fc\u00fcgij\u00e4rgsete teenuste ja vajaduse korral vabatahtlike garantiide v\u00f5imalus ja tingimused;<\/li><li>teave digitaalse sisu \u00fchilduvuse kohta riistvara ja tarkvaraga, millest ettev\u00f5tja on v\u00f5i peaks olema teadlik.<\/li><\/ul><p>Veebisaidi koostamisel v\u00f5ib esineda vigu, mis ei ole meie kontrolli all ja mille eest me ei saa vastutada. Kui hinnad v\u00f5i tehnilised andmed on oluliselt muutunud, teavitame teid sellest tellimuse esitamise ajal.<\/p><ol start=\"13\"><li><strong>TURVALISUS<\/strong><\/li><\/ol><p>Ostlemine ja maksmine internetis on turvaline. K\u00f5ik veebipoes tehtud rahalised tehingud on kaitstud Secure Sockets Layer (SSL) protokolli ja Secure Data Encryption protokolliga. Teie turvalisuse tagamiseks t\u00f6\u00f6deldakse k\u00f5iki krediitkaardiga tehtud makseid reaalajas, kusjuures teie andmeid kontrollitakse kohe pankades.<\/p><p>K\u00f5ik teie poolt meile esitatud andmed on kr\u00fcpteeritud, kasutades SSL-andmete kr\u00fcpteerimistehnoloogiat. Andmete kr\u00fcpteerimisprotsess tagab, et isikuandmeid ei saa pealtkuulata. Isikuandmed edastatakse kr\u00fcpteeritud kujul teie arvutist panga autoriseerimisserverisse ja neid ei s\u00e4ilitata teenusepakkuja serveris. Et kontrollida, kas teie brauser on makse sooritamisel turvalises re\u017eiimis, otsige brauseri alumisest nurgast v\u00f5i aadressiriba l\u00f5pust lukus\u00fcmbolit.<\/p><ol start=\"14\"><li><strong>VASTUTUS JA INTELLEKTUAALOMAND<\/strong><\/li><\/ol><p>Veebilehe toimetamisel p\u00fc\u00fcame tagada, et teave oleks t\u00e4pne ja ajakohane. Siiski on kriminaal- ja tsiviilvastutus teabe faktiliste v\u00f5i \u00f5iguslike vigade eest v\u00e4listatud ning me ei vastuta otsese v\u00f5i kaudse kahju v\u00f5i ebamugavuste eest, mida kasutajale v\u00f5ib p\u00f5hjustada sellel veebisaidil esitatud eba\u00f5ige v\u00f5i ebat\u00e4pse teabe kasutamine.<\/p><p>Me j\u00e4tame endale \u00f5iguse muuta igal ajal ja ilma eelneva etteteatamiseta mis tahes teavet, mis sisaldub v\u00f5i on sellel veebisaidil k\u00e4ttesaadav. Sellel veebisaidil avaldatud sisu ei ole ametliku dokumendi iseloomuga, v\u00e4lja arvatud juhul, kui see on eraldi v\u00e4lja toodud. Samuti ei vastuta me kasutajate ees kahjude eest, mis v\u00f5ivad tuleneda tehnilistest probleemidest v\u00f5i sellest, et veebilehel sisalduvale v\u00f5i sealt saadud teabele ei ole v\u00f5imalik ligi p\u00e4\u00e4seda v\u00f5i seda kasutada.<\/p><p>K\u00e4esolev veebileht sisaldab ka linke teiste juriidiliste ja f\u00fc\u00fcsiliste isikute veebilehtedele, mille eest me ei v\u00f5ta vastutust nende veebilehtede sisu, kujunduse ja ajakohastamise eest ega ka nende v\u00f5imaliku poliitika eest veebilehe k\u00fclastajate suhtes.<\/p><p>K\u00f5ik tekstid, pildid, graafika, animatsioonid ja muud veebisaidil olevad dokumendid kuuluvad seadusega lubatud ulatuses autori\u00f5iguse v\u00f5i muu intellektuaalomandi kaitse alla. Veebisaitide sisu ei tohi kopeerida, levitada, muuta ega muul viisil reprodutseerida, v\u00e4lja arvatud meie kirjalikul n\u00f5usolekul.<\/p><p><strong>ETTEV\u00d5TTE ANDMED<\/strong><\/p><p>MLM Engineering Miha Flander s.p., Engineering<br \/>Rifniki tee 23, 3230 \u0160entjur.<\/p><p>Ettev\u00f5tte peakontori k\u00fclastamise korral palume eelnevalt helistada! T\u00e4name teid!<\/p><p>Email:info@shop.mlm-engineering.com<br \/>Veebileht: https:\/\/shop.mlm-engineering.com\/<\/p>\t\t\t\t\t<\/div>\n\t\t\t\t\t\t<\/div>\n\t\t\t\t<\/div>\n\t\t\t\t\t\t<\/div>\n\t\t\t\t\t<\/div>\n\t\t<\/div>\n\t\t\t\t\t\t\t\t<\/div>\n\t\t\t\t\t<\/div>\n\t\t<\/section>\n\t\t\t\t\t\t\t\t\t<\/div>\n\t\t\t<\/div>\n\t\t\t\t\t<\/div>","protected":false},"excerpt":{"rendered":"<p>Splo\u0161ni pogoji SPLO\u0160NO Splo\u0161ni pogoji spletne strani\u00a0https:\/\/shop.mlm-engineering.com\/\u00a0( MLM Engineering Miha Flander s.p., In\u017einiring)\u00a0so sestavljeni v skladu z Zakonom o varstvu potro\u0161nikov (ZVPot), Zakonom o varstvu osebnih podatkov (ZVOP-1) ter Zakonom o elektronskih komunikacijah (ZEKom-1). S spletno stranjo\u00a0https:\/\/shop.mlm-engineering.com\/\u00a0upravlja podjetje MLM Engineering Miha Flander s.p., In\u017einiring, Cesta pod Rifnikom 23, 3230 \u0160entjur, Slovenija. Nakupovanje in naro\u010danje v [&hellip;]<\/p>","protected":false},"author":3,"featured_media":0,"parent":0,"menu_order":0,"comment_status":"closed","ping_status":"closed","template":"","meta":{"_seopress_robots_primary_cat":"","_seopress_titles_title":"","_seopress_titles_desc":"","_seopress_robots_index":""},"_links":{"self":[{"href":"https:\/\/shop.mlm-engineering.com\/et\/wp-json\/wp\/v2\/pages\/2195"}],"collection":[{"href":"https:\/\/shop.mlm-engineering.com\/et\/wp-json\/wp\/v2\/pages"}],"about":[{"href":"https:\/\/shop.mlm-engineering.com\/et\/wp-json\/wp\/v2\/types\/page"}],"author":[{"embeddable":true,"href":"https:\/\/shop.mlm-engineering.com\/et\/wp-json\/wp\/v2\/users\/3"}],"replies":[{"embeddable":true,"href":"https:\/\/shop.mlm-engineering.com\/et\/wp-json\/wp\/v2\/comments?post=2195"}],"version-history":[{"count":0,"href":"https:\/\/shop.mlm-engineering.com\/et\/wp-json\/wp\/v2\/pages\/2195\/revisions"}],"wp:attachment":[{"href":"https:\/\/shop.mlm-engineering.com\/et\/wp-json\/wp\/v2\/media?parent=2195"}],"curies":[{"name":"wp","href":"https:\/\/api.w.org\/{rel}","templated":true}]}}