{"id":2934,"date":"2022-06-29T09:37:54","date_gmt":"2022-06-29T09:37:54","guid":{"rendered":"https:\/\/shop.mlm-engineering.com\/?page_id=2934"},"modified":"2022-06-29T09:47:27","modified_gmt":"2022-06-29T09:47:27","slug":"nacin-placila","status":"publish","type":"page","link":"https:\/\/shop.mlm-engineering.com\/de\/nacin-placila\/","title":{"rendered":"Zahlungsmethode"},"content":{"rendered":"<div data-elementor-type=\"wp-page\" data-elementor-id=\"2934\" class=\"elementor elementor-2934\">\n\t\t\t\t\t\t<div class=\"elementor-inner\">\n\t\t\t\t<div class=\"elementor-section-wrap\">\n\t\t\t\t\t\t\t\t\t<section class=\"elementor-section elementor-top-section elementor-element elementor-element-676f2f3 elementor-section-boxed elementor-section-height-default elementor-section-height-default\" data-id=\"676f2f3\" data-element_type=\"section\" data-settings=\"{&quot;background_background&quot;:&quot;classic&quot;}\">\n\t\t\t\t\t\t<div class=\"elementor-container elementor-column-gap-default\">\n\t\t\t\t\t\t\t<div class=\"elementor-row\">\n\t\t\t\t\t<div class=\"elementor-column elementor-col-100 elementor-top-column elementor-element elementor-element-cda71a6\" data-id=\"cda71a6\" data-element_type=\"column\">\n\t\t\t<div class=\"elementor-column-wrap elementor-element-populated\">\n\t\t\t\t\t\t\t<div class=\"elementor-widget-wrap\">\n\t\t\t\t\t\t<div class=\"elementor-element elementor-element-53e4b40 elementor-widget elementor-widget-heading\" data-id=\"53e4b40\" data-element_type=\"widget\" data-widget_type=\"heading.default\">\n\t\t\t\t<div class=\"elementor-widget-container\">\n\t\t\t<h2 class=\"elementor-heading-title elementor-size-default\">Zahlungsmethode<\/h2>\t\t<\/div>\n\t\t\t\t<\/div>\n\t\t\t\t<div class=\"elementor-element elementor-element-2a6497c elementor-widget elementor-widget-text-editor\" data-id=\"2a6497c\" data-element_type=\"widget\" data-widget_type=\"text-editor.default\">\n\t\t\t\t<div class=\"elementor-widget-container\">\n\t\t\t\t\t\t\t\t<div class=\"elementor-text-editor elementor-clearfix\">\n\t\t\t\t<p>Der Anbieter bietet die folgenden Zahlungsm\u00f6glichkeiten an:<\/p><ul><li>in bar an den Zusteller, bei Abholung des Pakets<\/li><li>durch \u00dcberweisung auf das Konto des Verwalters \u00fcber das UPN-Formular (Online-Bank oder Post)<\/li><li>per Zahlungskarte<\/li><li>PayPal-\u00dcberweisung auf das Konto des Verwalters<\/li><\/ul><p>Der Lieferant stellt dem K\u00e4ufer eine Rechnung auf einem dauerhaften Datentr\u00e4ger aus, die eine klare Aufschl\u00fcsselung der Kosten und Steuern enth\u00e4lt.<\/p><p>Bei einem Bestellwert \u00fcber 200 \u20ac ist keine Nachnahme m\u00f6glich, sondern nur Zahlung per UPN-Bestellung, PayPal-\u00dcberweisung oder Zahlung per Kreditkarte.<\/p><p>Rabatte, Sonderangebote und andere Vorteile (wie z. B. kostenloses Porto) sind nicht kumulierbar.<\/p>\t\t\t\t\t<\/div>\n\t\t\t\t\t\t<\/div>\n\t\t\t\t<\/div>\n\t\t\t\t\t\t<\/div>\n\t\t\t\t\t<\/div>\n\t\t<\/div>\n\t\t\t\t\t\t\t\t<\/div>\n\t\t\t\t\t<\/div>\n\t\t<\/section>\n\t\t\t\t\t\t\t\t\t<\/div>\n\t\t\t<\/div>\n\t\t\t\t\t<\/div>","protected":false},"excerpt":{"rendered":"<p>Na\u010din pla\u010dila Ponudnik omogo\u010da naslednje na\u010dine pla\u010dila: z gotovino dostavljalcu, ob prevzemu paketa z\u00a0nakazilom na ra\u010dunupravitelja preko UPN obrazca (na spletni banki ali po\u0161ti) s\u00a0pla\u010dilno kartico s\u00a0PayPal nakazilomna ra\u010dun upravitelja Ponudnik kupcu izda ra\u010dun na trajnem mediju, z jasno raz\u010dlenjenimi stro\u0161ki in davki. V primeru zneska naro\u010dila nad 200 \u20ac, pla\u010dilo po povzetju z gotovino [&hellip;]<\/p>","protected":false},"author":6,"featured_media":0,"parent":0,"menu_order":0,"comment_status":"closed","ping_status":"closed","template":"","meta":{"_seopress_robots_primary_cat":"","_seopress_titles_title":"","_seopress_titles_desc":"","_seopress_robots_index":""},"_links":{"self":[{"href":"https:\/\/shop.mlm-engineering.com\/de\/wp-json\/wp\/v2\/pages\/2934"}],"collection":[{"href":"https:\/\/shop.mlm-engineering.com\/de\/wp-json\/wp\/v2\/pages"}],"about":[{"href":"https:\/\/shop.mlm-engineering.com\/de\/wp-json\/wp\/v2\/types\/page"}],"author":[{"embeddable":true,"href":"https:\/\/shop.mlm-engineering.com\/de\/wp-json\/wp\/v2\/users\/6"}],"replies":[{"embeddable":true,"href":"https:\/\/shop.mlm-engineering.com\/de\/wp-json\/wp\/v2\/comments?post=2934"}],"version-history":[{"count":0,"href":"https:\/\/shop.mlm-engineering.com\/de\/wp-json\/wp\/v2\/pages\/2934\/revisions"}],"wp:attachment":[{"href":"https:\/\/shop.mlm-engineering.com\/de\/wp-json\/wp\/v2\/media?parent=2934"}],"curies":[{"name":"wp","href":"https:\/\/api.w.org\/{rel}","templated":true}]}}