{"id":2225,"date":"2022-06-10T07:17:31","date_gmt":"2022-06-10T07:17:31","guid":{"rendered":"https:\/\/shop.mlm-engineering.com\/?page_id=2225"},"modified":"2022-06-29T09:27:53","modified_gmt":"2022-06-29T09:27:53","slug":"piskotki","status":"publish","type":"page","link":"https:\/\/shop.mlm-engineering.com\/da\/piskotki\/","title":{"rendered":"Sm\u00e5kager"},"content":{"rendered":"<div data-elementor-type=\"wp-page\" data-elementor-id=\"2225\" class=\"elementor elementor-2225\">\n\t\t\t\t\t\t<div class=\"elementor-inner\">\n\t\t\t\t<div class=\"elementor-section-wrap\">\n\t\t\t\t\t\t\t\t\t<section class=\"elementor-section elementor-top-section elementor-element elementor-element-676f2f3 elementor-section-boxed elementor-section-height-default elementor-section-height-default\" data-id=\"676f2f3\" data-element_type=\"section\" data-settings=\"{&quot;background_background&quot;:&quot;classic&quot;}\">\n\t\t\t\t\t\t<div class=\"elementor-container elementor-column-gap-default\">\n\t\t\t\t\t\t\t<div class=\"elementor-row\">\n\t\t\t\t\t<div class=\"elementor-column elementor-col-100 elementor-top-column elementor-element elementor-element-cda71a6\" data-id=\"cda71a6\" data-element_type=\"column\">\n\t\t\t<div class=\"elementor-column-wrap elementor-element-populated\">\n\t\t\t\t\t\t\t<div class=\"elementor-widget-wrap\">\n\t\t\t\t\t\t<div class=\"elementor-element elementor-element-53e4b40 elementor-widget elementor-widget-heading\" data-id=\"53e4b40\" data-element_type=\"widget\" data-widget_type=\"heading.default\">\n\t\t\t\t<div class=\"elementor-widget-container\">\n\t\t\t<h2 class=\"elementor-heading-title elementor-size-default\">Politik \n<\/h2>\t\t<\/div>\n\t\t\t\t<\/div>\n\t\t\t\t<div class=\"elementor-element elementor-element-cfd40ef elementor-widget elementor-widget-text-editor\" data-id=\"cfd40ef\" data-element_type=\"widget\" data-widget_type=\"text-editor.default\">\n\t\t\t\t<div class=\"elementor-widget-container\">\n\t\t\t\t\t\t\t\t<div class=\"elementor-text-editor elementor-clearfix\">\n\t\t\t\t<ol><li><ol><li><strong>HVAD VI HAR BRUG FOR<\/strong><\/li><\/ol><p>Vores privatlivspolitik regulerer brugen og opbevaringen af personlige data. Du kan se vores privatlivspolitik p\u00e5 siden Privatlivserkl\u00e6ring (vedh\u00e6ftet nedenfor). MLM ENGINEERING MIHA FLANDER S.P., ENGINEERING, CESTA POD RIFNIKOM 23 , 3230 \u0160ENTJUR er dataansvarlig for de personoplysninger, der leveres (datasubjekt: dig, kunde, bes\u00f8gende osv.). Vi indsamler f\u00f8lgende typer af personoplysninger:<\/p><ul><li>E-mail-adresse;<\/li><li>Navn, adresse, e-mailadresse og telefonnummer;<\/li><li>Betalingsoplysninger s\u00e5som kredit- eller debetkortoplysninger, Paypal og andre betalingsmetoder;<\/li><li>Kopier af identitetsdokumenter, der bekr\u00e6fter n\u00f8jagtigheden af de personlige data;<\/li><li>Cookies;<\/li><li>Google Analytics og Yandex og Cloudflare bes\u00f8gssporing;<\/li><li>Links til personlige profiler p\u00e5 sociale grupper.<\/li><\/ul><p>Hver type persondata indhentes p\u00e5 grundlag af n\u00f8dvendighed og med s\u00e6rskilt samtykke.<\/p><ol start=\"2\"><li><strong>HVORFOR VI HAR BRUG FOR DEM<\/strong><\/li><\/ol><p>Vi har brug for dine personlige data til f\u00f8lgende tjenester:<\/p><ol><li><ol><li>E-mailadresse til besvarelse af dine e-mails eller beskeder sendt via kontaktformularer;<\/li><li>E-mailadresse til udsendelse af tilbud og nyhedsbreve;<\/li><li>Navn, adresse, e-mailadresse og telefonnummer med det form\u00e5l at modtage reservationer, foresp\u00f8rgsler og sende tilbud eller i forbindelse med opfyldelse af dine andre anmodninger;<\/li><li>Navn, adresse, e-mailadresse og telefonnummer for at k\u00f8be gavekort, v\u00e6rdikuponer eller tjenester og varer i forbindelse med vores tilbud;<\/li><li>Detaljer om betalingsmidler og kopier af identitetsdokumenter til levering af tjenester;<\/li><li>E-mailadresse til automatiseret markedsf\u00f8ring (bookingbekr\u00e6ftelser, takkekort osv.);<\/li><li>Cookies til drift af hjemmesider;<\/li><li>Kommunikation gennem sociale grupper med personlige profiler, der bekr\u00e6fter din forbindelse til os;<\/li><li>Navn, adresse, e-mailadresse og telefonnummer til lejlighedsvise konkurrencer eller andre kampagner med din forudg\u00e5ende tilladelse;<\/li><li>Aggregerede data fra Google Analytics eller Yandex Direct og Cloudflare til sporing af bes\u00f8g og intern analyse for at forbedre indholdet.<\/li><\/ol><\/li><\/ol><p>\u00a0<\/p><ol><li><strong>HVAD VI G\u00d8R MED PERSONLIGE DATA<\/strong><\/li><\/ol><p>Dine personoplysninger behandles af MLM ENGINEERING MIHA FLANDER S.P., ENGINEERING, CESTA POD RIFNIKOM 23 , 3230 \u0160ENTJUR, som er beliggende i Slovenien. Dataene hostes og opbevares p\u00e5 https:\/\/mlm-engineering.com\/, som er beliggende i Den Europ\u00e6iske Union (Tyskland). Ingen tredjepartsudbyder har adgang til dine data, medmindre det kr\u00e6ves ved lov.<\/p><ol start=\"4\"><li><strong>HVOR L\u00c6NGE DE OPBEVARES<\/strong><\/li><\/ol><p>Vi bruger permanente cookies p\u00e5 vores hjemmeside til at linke til sociale tjenester og andre \"delingsudbydere\", og cookies til at hj\u00e6lpe dig med at f\u00e5 adgang til dit yndlingsindhold p\u00e5 vores hjemmeside igen og igen.<\/p><ol start=\"5\"><li><strong>HVAD ER DINE RETTIGHEDER?<\/strong><\/li><\/ol><p>Hvis du mener, at de personlige data, vi har om dig, er forkerte eller ufuldst\u00e6ndige, har du mulighed for at indsende en anmodning om at gennemg\u00e5, rette eller slette disse data. Kontakt os venligst via (Data Access Request Form). Hvis du \u00f8nsker at klage over, hvordan vi har behandlet dine personoplysninger, bedes du kontakte Data Protection Officer eller Data Protection Contact (DPC) p\u00e5 info@mlm-engineering.com\/ eller skriftligt til MLM ENGINEERING MIHA FLANDER S.P., ENGINEERING, CESTA POD RIFNIKOM 23 , 3230 \u0160ENTJUR. Vores DPC vil derefter unders\u00f8ge din klage og informere dig om l\u00f8sningen af sagen. Hvis du stadig mener, at dine personlige data ikke er blevet behandlet korrekt i overensstemmelse med loven, kan du kontakte Information Commissioner og indgive en klage til ham. Du kan anmode om adgang til privatlivsrelaterede politikker og dokumenter ved hj\u00e6lp af en s\u00e6rlig formular, som du kan finde p\u00e5 siden Privatlivserkl\u00e6ring.\u00a0<strong>Relaterede dokumenter:<\/strong><\/p><ul><li>Politik for beskyttelse af personlige data<\/li><li>Politik for opbevaring af persondata (efter anmodning via e-mail eller personligt)<\/li><li>Skema for opbevaring af personlige data (efter anmodning via e-mail eller personligt)<\/li><li>Meddelelse om beskyttelse af personlige oplysninger<\/li><li>Generelle vilk\u00e5r og betingelser<\/li><li>Samtykkeerkl\u00e6ring<\/li><li>Formular til tilbagetr\u00e6kning af samtykke<\/li><\/ul><p>\u0160ENTJUR, 10.6.2022, Ver. Dokument: 1.0<\/p><\/li><\/ol>\t\t\t\t\t<\/div>\n\t\t\t\t\t\t<\/div>\n\t\t\t\t<\/div>\n\t\t\t\t\t\t<\/div>\n\t\t\t\t\t<\/div>\n\t\t<\/div>\n\t\t\t\t\t\t\t\t<\/div>\n\t\t\t\t\t<\/div>\n\t\t<\/section>\n\t\t\t\t\t\t\t\t\t<\/div>\n\t\t\t<\/div>\n\t\t\t\t\t<\/div>","protected":false},"excerpt":{"rendered":"<p>Politika KAJ POTREBUJEMO Na\u0161a politika varovanja osebnih podatkov ureja uporabo in shranjevanje podatkov. Politiko varovanja osebnih podatkov si lahko ogledate na strani Obvestilo o zasebnosti (priloga spodaj). MLM ENGINEERING MIHA FLANDER S.P., IN\u017dINIRING, CESTA POD RIFNIKOM 23 , 3230 \u0160ENTJUR je upravljalec osebnih podatkov, ki jih posreduje (subjekt podatkov: vi, kupec, obiskovalec itd.). Zbiramo naslednje [&hellip;]<\/p>","protected":false},"author":3,"featured_media":0,"parent":0,"menu_order":0,"comment_status":"closed","ping_status":"closed","template":"","meta":{"_seopress_robots_primary_cat":"","_seopress_titles_title":"","_seopress_titles_desc":"","_seopress_robots_index":""},"_links":{"self":[{"href":"https:\/\/shop.mlm-engineering.com\/da\/wp-json\/wp\/v2\/pages\/2225"}],"collection":[{"href":"https:\/\/shop.mlm-engineering.com\/da\/wp-json\/wp\/v2\/pages"}],"about":[{"href":"https:\/\/shop.mlm-engineering.com\/da\/wp-json\/wp\/v2\/types\/page"}],"author":[{"embeddable":true,"href":"https:\/\/shop.mlm-engineering.com\/da\/wp-json\/wp\/v2\/users\/3"}],"replies":[{"embeddable":true,"href":"https:\/\/shop.mlm-engineering.com\/da\/wp-json\/wp\/v2\/comments?post=2225"}],"version-history":[{"count":0,"href":"https:\/\/shop.mlm-engineering.com\/da\/wp-json\/wp\/v2\/pages\/2225\/revisions"}],"wp:attachment":[{"href":"https:\/\/shop.mlm-engineering.com\/da\/wp-json\/wp\/v2\/media?parent=2225"}],"curies":[{"name":"wp","href":"https:\/\/api.w.org\/{rel}","templated":true}]}}