{"id":2217,"date":"2022-06-10T07:15:57","date_gmt":"2022-06-10T07:15:57","guid":{"rendered":"https:\/\/shop.mlm-engineering.com\/?page_id=2217"},"modified":"2022-06-29T09:26:39","modified_gmt":"2022-06-29T09:26:39","slug":"kolofon","status":"publish","type":"page","link":"https:\/\/shop.mlm-engineering.com\/da\/kolofon\/","title":{"rendered":"Kolofon"},"content":{"rendered":"<div data-elementor-type=\"wp-page\" data-elementor-id=\"2217\" class=\"elementor elementor-2217\">\n\t\t\t\t\t\t<div class=\"elementor-inner\">\n\t\t\t\t<div class=\"elementor-section-wrap\">\n\t\t\t\t\t\t\t\t\t<section class=\"elementor-section elementor-top-section elementor-element elementor-element-676f2f3 elementor-section-boxed elementor-section-height-default elementor-section-height-default\" data-id=\"676f2f3\" data-element_type=\"section\" data-settings=\"{&quot;background_background&quot;:&quot;classic&quot;}\">\n\t\t\t\t\t\t<div class=\"elementor-container elementor-column-gap-default\">\n\t\t\t\t\t\t\t<div class=\"elementor-row\">\n\t\t\t\t\t<div class=\"elementor-column elementor-col-100 elementor-top-column elementor-element elementor-element-cda71a6\" data-id=\"cda71a6\" data-element_type=\"column\">\n\t\t\t<div class=\"elementor-column-wrap elementor-element-populated\">\n\t\t\t\t\t\t\t<div class=\"elementor-widget-wrap\">\n\t\t\t\t\t\t<div class=\"elementor-element elementor-element-53e4b40 elementor-widget elementor-widget-heading\" data-id=\"53e4b40\" data-element_type=\"widget\" data-widget_type=\"heading.default\">\n\t\t\t\t<div class=\"elementor-widget-container\">\n\t\t\t<h2 class=\"elementor-heading-title elementor-size-default\">Kolofon<\/h2>\t\t<\/div>\n\t\t\t\t<\/div>\n\t\t\t\t<div class=\"elementor-element elementor-element-cfd40ef elementor-widget elementor-widget-text-editor\" data-id=\"cfd40ef\" data-element_type=\"widget\" data-widget_type=\"text-editor.default\">\n\t\t\t\t<div class=\"elementor-widget-container\">\n\t\t\t\t\t\t\t\t<div class=\"elementor-text-editor elementor-clearfix\">\n\t\t\t\t<div class=\"elementor-element elementor-element-53e4b40 elementor-widget elementor-widget-heading\" data-id=\"53e4b40\" data-element_type=\"widget\" data-widget_type=\"heading.default\"><div class=\"elementor-widget-container\"><h2 class=\"elementor-heading-title elementor-size-default\"><span style=\"font-size: 16px;\">Hjemmesiderne er udviklet af os og vores webserviceudbyder.<\/span><\/h2><\/div><\/div><div class=\"elementor-element elementor-element-cfd40ef elementor-widget elementor-widget-text-editor\" data-id=\"cfd40ef\" data-element_type=\"widget\" data-widget_type=\"text-editor.default\"><div class=\"elementor-widget-container\"><div class=\"elementor-text-editor elementor-clearfix\"><p><strong>Form\u00e5l med hjemmesiderne<\/strong><br \/>Oplysningerne p\u00e5 hjemmesiden er kun til demonstrationsform\u00e5l inden for den kerneaktivitet, som vi er registreret for - fremstilling af snedker- og interi\u00f8rm\u00f8bler. Vi forpligter os til, at oplysningerne p\u00e5 hjemmesiden er sande, p\u00e5lidelige og af h\u00f8j kvalitet.<br \/>Vi er ikke ansvarlige for eventuelle typografiske fejl og forbeholder os retten til at \u00e6ndre indhold til enhver tid og uden varsel, hvis det ikke er i overensstemmelse med vores virksomhedspolitik.<\/p><p><strong>Ret til brug<\/strong><br \/>Hjemmesiden og alt dens indhold er beskyttet af industrielle og intellektuelle ejendomsrettigheder. Alle oplysninger, tekster, billeder eller andre grafiske elementer, der findes p\u00e5 denne hjemmeside, m\u00e5 udelukkende bruges til personlig, ikke-kommerciel brug og m\u00e5 ikke reproduceres, \u00e6ndres, distribueres, licenseres eller udgives i form af publikationer, helt eller delvist, til andre form\u00e5l end visning, uden forudg\u00e5ende skriftlig tilladelse fra administratoren.<\/p><p><strong>At tage ansvar<\/strong><br \/>N\u00e5r vi designer hjemmesiden, fors\u00f8ger vi at sikre, at oplysningerne er opdaterede og n\u00f8jagtige. Vi garanterer ikke for deres n\u00f8jagtighed eller fuldst\u00e6ndighed og p\u00e5tager os intet ansvar i forbindelse med deres brug. Alle brugere anvender det offentliggjorte indhold p\u00e5 egen risiko.<br \/>Vi forbeholder os ret til at \u00e6ndre indholdet p\u00e5 vores hjemmesider til enhver tid, p\u00e5 enhver m\u00e5de, af enhver grund og uden forudg\u00e5ende varsel.<\/p><p><strong>Teknologisk implementering<\/strong><br \/>Den teknologiske implementering blev leveret af et programmerings- og designbureau i samarbejde med vores virksomhed.<\/p><p>\u00a0<\/p><p>Virksomhedens navn: MLM ENGINEERING MIHA FLANDER S.P., ENGINEERING<br \/>Adresse: CESTA POD RIFNIKOM 23 , 3230 \u0160ENTJUR<br \/>E-mail: info@mlm-engineering.com\/<br \/>Hjemmeside: https:\/\/mlm-engineering.com\/<\/p><p>\u0160ENTJUR, 10.6.2022<\/p><\/div><\/div><\/div>\t\t\t\t\t<\/div>\n\t\t\t\t\t\t<\/div>\n\t\t\t\t<\/div>\n\t\t\t\t\t\t<\/div>\n\t\t\t\t\t<\/div>\n\t\t<\/div>\n\t\t\t\t\t\t\t\t<\/div>\n\t\t\t\t\t<\/div>\n\t\t<\/section>\n\t\t\t\t\t\t\t\t\t<\/div>\n\t\t\t<\/div>\n\t\t\t\t\t<\/div>","protected":false},"excerpt":{"rendered":"<p>Kolofon Spletne strani smo pripravili sami skupaj z izvajalcem spletnih storitev. Namen spletnih straniPodatki na spletni strani so predstavitvene narave s podro\u010dja osnovne dejavnosti za katere smo registrirani \u2013 proizvodnja stavbnega in notranjega pohi\u0161tva. Zavezujemo se, da so podatki na spletnem mestu resni\u010dni, zanesljivi in kakovostni.Ne odgovarjamo za morebitne tipkarske napake, pridr\u017eujemo si pravico, da [&hellip;]<\/p>","protected":false},"author":3,"featured_media":0,"parent":0,"menu_order":0,"comment_status":"closed","ping_status":"closed","template":"","meta":{"_seopress_robots_primary_cat":"","_seopress_titles_title":"","_seopress_titles_desc":"","_seopress_robots_index":""},"_links":{"self":[{"href":"https:\/\/shop.mlm-engineering.com\/da\/wp-json\/wp\/v2\/pages\/2217"}],"collection":[{"href":"https:\/\/shop.mlm-engineering.com\/da\/wp-json\/wp\/v2\/pages"}],"about":[{"href":"https:\/\/shop.mlm-engineering.com\/da\/wp-json\/wp\/v2\/types\/page"}],"author":[{"embeddable":true,"href":"https:\/\/shop.mlm-engineering.com\/da\/wp-json\/wp\/v2\/users\/3"}],"replies":[{"embeddable":true,"href":"https:\/\/shop.mlm-engineering.com\/da\/wp-json\/wp\/v2\/comments?post=2217"}],"version-history":[{"count":0,"href":"https:\/\/shop.mlm-engineering.com\/da\/wp-json\/wp\/v2\/pages\/2217\/revisions"}],"wp:attachment":[{"href":"https:\/\/shop.mlm-engineering.com\/da\/wp-json\/wp\/v2\/media?parent=2217"}],"curies":[{"name":"wp","href":"https:\/\/api.w.org\/{rel}","templated":true}]}}