{"id":2195,"date":"2022-06-10T07:11:23","date_gmt":"2022-06-10T07:11:23","guid":{"rendered":"https:\/\/shop.mlm-engineering.com\/?page_id=2195"},"modified":"2022-06-29T09:12:29","modified_gmt":"2022-06-29T09:12:29","slug":"splosni-pogoji","status":"publish","type":"page","link":"https:\/\/shop.mlm-engineering.com\/da\/splosni-pogoji\/","title":{"rendered":"Generelle vilk\u00e5r og betingelser"},"content":{"rendered":"<div data-elementor-type=\"wp-page\" data-elementor-id=\"2195\" class=\"elementor elementor-2195\">\n\t\t\t\t\t\t<div class=\"elementor-inner\">\n\t\t\t\t<div class=\"elementor-section-wrap\">\n\t\t\t\t\t\t\t\t\t<section class=\"elementor-section elementor-top-section elementor-element elementor-element-676f2f3 elementor-section-boxed elementor-section-height-default elementor-section-height-default\" data-id=\"676f2f3\" data-element_type=\"section\" data-settings=\"{&quot;background_background&quot;:&quot;classic&quot;}\">\n\t\t\t\t\t\t<div class=\"elementor-container elementor-column-gap-default\">\n\t\t\t\t\t\t\t<div class=\"elementor-row\">\n\t\t\t\t\t<div class=\"elementor-column elementor-col-100 elementor-top-column elementor-element elementor-element-cda71a6\" data-id=\"cda71a6\" data-element_type=\"column\">\n\t\t\t<div class=\"elementor-column-wrap elementor-element-populated\">\n\t\t\t\t\t\t\t<div class=\"elementor-widget-wrap\">\n\t\t\t\t\t\t<div class=\"elementor-element elementor-element-53e4b40 elementor-widget elementor-widget-heading\" data-id=\"53e4b40\" data-element_type=\"widget\" data-widget_type=\"heading.default\">\n\t\t\t\t<div class=\"elementor-widget-container\">\n\t\t\t<h2 class=\"elementor-heading-title elementor-size-default\">Generelle vilk\u00e5r og betingelser<\/h2>\t\t<\/div>\n\t\t\t\t<\/div>\n\t\t\t\t<div class=\"elementor-element elementor-element-cfd40ef elementor-widget elementor-widget-text-editor\" data-id=\"cfd40ef\" data-element_type=\"widget\" data-widget_type=\"text-editor.default\">\n\t\t\t\t<div class=\"elementor-widget-container\">\n\t\t\t\t\t\t\t\t<div class=\"elementor-text-editor elementor-clearfix\">\n\t\t\t\t<ol><li><strong>GENERELT<\/strong><\/li><\/ol><p><strong>Hjemmesidens generelle vilk\u00e5r og betingelser\u00a0<a href=\"https:\/\/prideshop.eu\/\">https:\/\/shop.mlm-engineering.com\/<\/a>\u00a0( MLM Engineering Miha Flander s.p., Engineering) er udarbejdet i overensstemmelse med loven om forbrugerbeskyttelse (ZVPot), loven om beskyttelse af personoplysninger (ZVOP-1) og loven om elektronisk kommunikation (ZEKom-1).<\/strong><\/p><p>Med hjemmesiden\u00a0<strong>https:\/\/shop.mlm-engineering.com\/<\/strong>\u00a0administreres af MLM Engineering Miha Flander s.p., Engineering, Cesta pod Rifnikom 23, 3230 \u0160entjur, Slovenien.<\/p><p>Shopping og bestilling p\u00e5 https:\/\/shop.mlm-engineering.com\/\/ er muligt 24 timer i d\u00f8gnet, hver dag \u00e5ret rundt. Af forskellige tekniske \u00e5rsager forhindres drift eller adgang til hjemmesiden nogle gange i korte intervaller p\u00e5 grund af l\u00f8bende vedligeholdelse af hjemmesiden. P\u00e5 grund af vedligeholdelse af hjemmesiden kan der v\u00e6re lejlighedsvise afbrydelser p\u00e5 hjemmesiden og derfor forkerte oplysninger om produktpriser, beskrivelser og lagerniveauer. Leverand\u00f8ren kan ikke holdes ansvarlig for eventuelle forkerte data som f\u00f8lge af vedligeholdelsen og vil informere kunden om eventuelle problemer, der m\u00e5tte opst\u00e5, n\u00e5r der afgives en ordre. Udbyderen forbeholder sig ret til at begr\u00e6nse eller suspendere salget af nogle eller alle produkter i en begr\u00e6nset eller ubestemt periode, eller til at begr\u00e6nse eller suspendere adgangen til onlinebutikken i en begr\u00e6nset eller ubestemt periode. Udbyderen er ikke ansvarlig for manglende drift af butikken p\u00e5 grund af manglende viden om, hvordan man bruger den, eventuelle konsekvenser af misbrug af onlinebutikken, manglende drift af tjenesten p\u00e5 grund af netv\u00e6rksfejl, str\u00f8msvigt eller andre tekniske fejl, der kan forstyrre brugen af tjenesten, midlertidigt eller i en l\u00e6ngere periode.<\/p><p>K\u00f8beren er bundet af de generelle vilk\u00e5r og betingelser, der er g\u00e6ldende p\u00e5 k\u00f8bstidspunktet - afgivelse af en onlineordre. Brugeren bliver mindet om de generelle vilk\u00e5r og betingelser, hver gang han afgiver en ordre, og ved at afgive en ordre bekr\u00e6fter han, at han er bekendt med dem.<\/p><p>Du kan bruge onlinebutikkens tjenester ved at registrere dig som bruger eller ved at foretage et k\u00f8b uden at registrere dig. N\u00e5r du registrerer dig i systemet, f\u00e5r du et brugernavn, som er det samme som din e-mailadresse, og en adgangskode. Ved at registrere dig eller ved at foretage et hurtigt k\u00f8b, bliver du bruger og f\u00e5r ret til at foretage et k\u00f8b. Dette g\u00e6lder for alle personer over 16 \u00e5r.<\/p><p>Udbyderen forbeholder sig ret til at foretage \u00e6ndringer i de generelle vilk\u00e5r og betingelser uden s\u00e6rligt varsel. \u00c6ndringer tr\u00e6der i kraft fra tidspunktet for offentligg\u00f8relsen og er bindende for brugeren.<\/p><ol start=\"2\"><li><strong>K\u00d8BSPROCEDURE<\/strong><\/li><\/ol><p>N\u00e5r du har fundet de produkter, du vil bestille, skal du klikke p\u00e5 ikonet \"L\u00e6g i kurv\". Du kan se, hvor mange varer der er i din kurv \u00f8verst til h\u00f8jre i kurven. Hvis du klikker p\u00e5 kurvknappen med musen, f\u00e5r du vist en liste over de varer, du har i kurven, det samlede bel\u00f8b og de resterende trin i k\u00f8bet.<\/p><ol start=\"3\"><li><strong>BETALINGSMETODE<\/strong><\/li><\/ol><p>N\u00e5r du k\u00f8ber online, kan du betale p\u00e5 f\u00f8lgende m\u00e5der:<\/p><p>Kontant ved levering: Kontant ved levering giver dig mulighed for f\u00f8rst at betale for produktet, n\u00e5r leveringstjenesten (Post Slovenije) leverer det til dit hjem. Betalingen kan foretages kontant. Ud over leveringsgebyret opkr\u00e6ver leveringstjenesten et gebyr for denne service, som ikke er inkluderet i fakturaen. Du afhenter og betaler for pakken p\u00e5 dit n\u00e6rmeste posthus.<\/p><p>Betaling med faktura: Du vil modtage en faktura med posten eller via e-mail til den e-mailadresse, du har angivet i din ordre. Efter betaling af fakturaen afsendes forsendelsen inden for 1-4 arbejdsdage; for produkter, der ikke er p\u00e5 lager, og specialfremstillede produkter er leveringstiden op til 15 dage fra datoen for modtagelse af ordren. I tilf\u00e6lde af at vi modtager et stort antal skr\u00e6ddersyede produkter, forbeholder vi os ret til en l\u00e6ngere leveringstid.<br \/>Hvis du har valgt at betale med faktura, kan du betale med faktura til den offentliggjorte transaktionskonto. Referencen er den samme som ordrenummeret!<\/p><p>Betaling med PayPal: Vi accepterer betalinger via PayPal. N\u00e5r du gennemf\u00f8rer din bestilling, \u00e5bnes en PayPal-side, hvor du foretager din betaling.<\/p><p>K\u00f8b er underlagt priserne p\u00e5 tidspunktet for ordrebekr\u00e6ftelsen. Alle priser er inkl. moms, og priserne i onlinebutikken kan \u00e6ndres uden varsel.<\/p><p>I tilf\u00e6lde af fejl i prisfasts\u00e6ttelsen giver vi dig mulighed for at tr\u00e6kke dig fra k\u00f8bet. Prisen p\u00e5 produktet inkluderer levering i en afstand af 0 til 15 km. Hvis afstanden mellem hovedkvarteret for MLM Engineering Miha Flander s.p., Engineering og modtageren af produktet er mere end 15 km, vil transportomkostningerne blive opkr\u00e6vet yderligere.<\/p><ol start=\"4\"><li><strong>PRISER<\/strong><\/li><\/ol><p>Alle priser er i euro og inklusive moms. Priserne er g\u00e6ldende p\u00e5 tidspunktet for ordrebekr\u00e6ftelsen. Den pris, der g\u00e6lder p\u00e5 tidspunktet for bekr\u00e6ftelse af betaling, tages i betragtning, n\u00e5r du foretager et k\u00f8b. Priserne i onlinebutikken kan \u00e6ndres uden varsel. Billederne er symbolske.<\/p><p>Prisen p\u00e5 produktet inkluderer levering op til 15 km fra MLM Engineerings hovedkvarter Miha Flander s.p., Engineering til modtagerens adresse. Hvis afstanden er l\u00e6ngere, vil dette blive opkr\u00e6vet ekstra.<\/p><p><strong>KAMPAGNER OG ANDRE RABATTER<\/strong><\/p><p>Du kan k\u00f8be produkter til s\u00e6rlige og nedsatte priser. Forskellige kampagner, salg og andre markedsf\u00f8ringsteknikker fremh\u00e6ves. Betingelserne for deltagelse er tydeligt angivet for hvert produkt, som kampagnen eller rabatprisen g\u00e6lder for.<\/p><p><strong>SALGSFREMMENDE RABATKODER<\/strong><\/p><p>Brugere kan k\u00f8be bestemte produkter ved hj\u00e6lp af s\u00e6rlige kampagnekoder, som er tilg\u00e6ngelige p\u00e5 forskellige m\u00e5der (brochurer, sociale medier, mailings). Kampagnekoden giver forskellige k\u00f8bsfordele og er tidsbegr\u00e6nset. Reglerne for brug er klart defineret.<\/p><ol start=\"5\"><li><strong>PRIVATLIV OG DATABESKYTTELSE<\/strong><\/li><\/ol><p>Lederen af onlinebutikken MLM Engineering Miha Flander s.p., Engineering er forpligtet til at beskytte sine brugeres personlige data i overensstemmelse med loven om beskyttelse af personoplysninger (ZVOP-1-UPB1).<\/p><p>Vores brugeres personlige data er et af de omr\u00e5der, som vi er meget opm\u00e6rksomme p\u00e5. Vi s\u00f8rger for, at alle krav bliver opfyldt og overg\u00e5et, da vi er bevidste om dette omr\u00e5des f\u00f8lsomme natur. Alle personlige oplysninger om brugeren af webshoppen er fortrolige og vil under ingen omst\u00e6ndigheder blive videregivet til uautoriserede personer. Personlige data er oplysninger, der identificerer dig som person: dit fornavn, efternavn, e-mail eller postadresse osv. Vi er ikke ansvarlige for n\u00f8jagtigheden af de data, der indtastes af brugerne. Vi indsamler ikke dine personlige data, medmindre du giver os tilladelse eller samtykke til at g\u00f8re det - n\u00e5r du bestiller produkter eller abonnerer p\u00e5 vores nyhedsbrev. Du kan til enhver tid afmelde dig vores nyhedsbrev ved at bes\u00f8ge nainfo@shop.mlm-engineering.com. Hvis dine personlige data \u00e6ndres, bedes du underrette os p\u00e5 nainfo@shop.mlm-engineering.com. Det er brugerens ansvar at beskytte sine personlige data ved at sikre, at hans\/hendes brugernavn og adgangskode er sikre, og at hans\/hendes computer er beskyttet af passende software (anti-virus).<\/p><p><strong>Med henblik p\u00e5 MLM Engineering-forretningen indsamler Miha Flander s.p., Engineering f\u00f8lgende brugeroplysninger:<\/strong><\/p><ul><li>navn og efternavn,<\/li><li>adresse og bop\u00e6l,<\/li><li>e-mailadresse (dit brugernavn),<\/li><li>et telefonnummer til kontaktpersonen,<\/li><li>adgangskode i krypteret form,<\/li><li>og andre oplysninger, som brugerne indtaster i formularerne p\u00e5 https:\/\/shop.mlm-engineering.com\/<\/li><\/ul><p>Du kan bes\u00f8ge de fleste af siderne i vores onlinebutik uden at oplyse dine personlige data, selv om nogle oplysninger indhentes automatisk ved hj\u00e6lp af cookies, som er standardv\u00e6rkt\u00f8jer i onlinebranchen. Brugen af cookies og web beacons g\u00f8r det muligt for os at genkende din IP-adresse, den type browser, du bruger, og din generelle onlineaktivitet. IP-adresser indsamles af sikkerhedsm\u00e6ssige \u00e5rsager.<\/p><p>Hver bruger tildeles en sessionscookie i starten af sit bes\u00f8g for at identificere og spore sin indk\u00f8bskurv. Alle f\u00f8rn\u00e6vnte data, undtagen cookies, gemmes permanent p\u00e5 serveren hos MLM Engineering Miha Flander s.p., Engineering. Sessionscookies gemmes kun i serverens hukommelse, s\u00e5 l\u00e6nge bes\u00f8get varer, og slettes efter en times inaktivitet, mens permanente cookies gemmes p\u00e5 den bes\u00f8gendes computer.<\/p><p>Hvis du sl\u00e5r cookies fra p\u00e5 din computer, vil du ikke kunne foretage et k\u00f8b i onlinebutikken.<\/p><p><strong>EKSTRAORDIN\u00c6R VIDEREGIVELSE AF PERSONOPLYSNINGER<\/strong><\/p><p>De data, der indsamles og behandles af MLM Engineering Miha Flander s.p., Engineering, vil kun blive videregivet, hvis en s\u00e5dan forpligtelse er fastsat ved lov eller i god tro om, at en s\u00e5dan handling er n\u00f8dvendig for retssager ved domstole eller andre offentlige myndigheder eller til beskyttelse og forf\u00f8lgelse af MLM Engineering Miha Flander s.p., Engineerings legitime interesser.<\/p><p><strong>OM COOKIES - HVAD ER COOKIES, OG HVORFOR ER DE N\u00d8DVENDIGE?<\/strong><\/p><p>En cookie er en kort tekst, som en hjemmeside sender til din browser, n\u00e5r du bes\u00f8ger den. P\u00e5 den m\u00e5de genkender hjemmesiden dig, husker oplysninger om dit bes\u00f8g og giver dig en mere venlig og enkel onlinetjeneste. Vi bruger cookies til at personligg\u00f8re indholdet p\u00e5 vores hjemmeside, huske dine pr\u00e6ferencer og registrere dit bes\u00f8g i vores onlinebutik. Det er mere behageligt, hurtigere og frem for alt mere effektivt at browse i vores onlinebutik med cookies.<\/p><ol start=\"6\"><li><strong>BESTILLINGER<\/strong><\/li><\/ol><p><strong>AFVISNING AF EN ORDRE<\/strong><\/p><p>Ordren vil blive afvist, hvis det viser sig, at den ikke kan opfyldes under de angivne betingelser og med de oplysninger, der er tilg\u00e6ngelige for webshoppen. K\u00f8ber kan ikke anmode om opfyldelse af en s\u00e5dan ordre.<\/p><p><strong>ORDREBEHANDLING<\/strong><\/p><p>Webshoppen skal p\u00e5begynde de aktiviteter, der er n\u00f8dvendige for at udf\u00f8re den accepterede ordre, s\u00e5 snart den er modtaget. Leverand\u00f8ren skal levere varerne eller tjenesterne inden for den lovede tid. P\u00e5 leveringstidspunktet skal udbyderen give brugeren yderligere oplysninger om fortrydelsesretten, is\u00e6r betingelserne og m\u00e5den at ud\u00f8ve selve retten p\u00e5. Han skal give alle n\u00f8dvendige oplysninger om den adresse, som brugeren kan henvende sig til i tilf\u00e6lde af en klage.<\/p><p><strong>BESTILLING AF OPBEVARING<\/strong><\/p><p>Den afgivne elektroniske ordre eller den indg\u00e5ede k\u00f8bskontrakt gemmes i virksomhedens hovedkvarter. Kunden kan overv\u00e5ge alle sine ordrer p\u00e5 sin profil.<\/p><p><strong>TILBAGETR\u00c6KNING FRA EN ORDRE<\/strong><\/p><p>I henhold til artikel 43 i forbrugerbeskyttelsesloven kan k\u00f8beren inden for 14 dage efter modtagelse af varerne give skriftlig meddelelse til leverand\u00f8ren om at tr\u00e6kke sig ud af kontrakten eller ordren uden nogen s\u00e6rlig grund. Meddelelsen om tilbagetr\u00e6kning kan gives af k\u00f8beren p\u00e5 en formular eller ved en utvetydig erkl\u00e6ring, der klart angiver, at k\u00f8beren tr\u00e6kker sig ud af kontrakten.<\/p><p>I tilf\u00e6lde af fortrydelse af aftalen skal virksomheden refundere k\u00f8beren alle modtagne betalinger straks eller senest 14 dage efter modtagelsen af meddelelsen om fortrydelse. Virksomheden skal refundere betalingerne til forbrugeren med samme betalingsmiddel, som forbrugeren har anvendt, medmindre forbrugeren har anmodet om anvendelse af et andet betalingsmiddel. Forbrugeren skal ikke b\u00e6re nogen omkostninger i forbindelse med tilbagebetalingen.<\/p><p>K\u00f8ber skal returnere varerne senest 14 dage efter meddelelsen om fortrydelse. Ved returnering af varerne vil k\u00f8beren modtage en refusion. Du kan finde fortrydelsesformularen online.<\/p><ol start=\"7\"><li><strong>LEVERING OG PORTO<\/strong><\/li><\/ol><p><strong>PORTO OG LEVERING<\/strong><\/p><p>Ordrer afsendes normalt inden for den aftalte tidsramme. Vi aftaler en leveringsdato med kunden. Vi leverer med vores egen transport.<\/p><p>Prisen p\u00e5 produktet inkluderer levering op til 15 km fra MLM Engineerings hovedkvarter Miha Flander s.p., Engineering til modtagerens adresse. Hvis afstanden er l\u00e6ngere, vil dette blive opkr\u00e6vet ekstra.<\/p><p><strong>PERSONLIG OVERF\u00d8RSEL<\/strong><\/p><p>Du kan ogs\u00e5 afhente dine produkter personligt p\u00e5 virksomhedens hovedkontor. N\u00e5r du gennemf\u00f8rer dit k\u00f8b, skal du v\u00e6lge muligheden PERSONLIG AFHENTNING. Der er ingen portoomkostninger i dette tilf\u00e6lde.<\/p><ol start=\"8\"><li><strong>EFTERSALGSSERVICE - GARANTI<\/strong><\/li><\/ol><p>Hvis det produkt, der er omfattet af garantien, ikke fungerer perfekt eller ikke har de egenskaber, der er angivet i garantibeviset eller reklamen, kan forbrugeren f\u00f8rst anmode om, at manglerne udbedres. Hvis manglerne ikke afhj\u00e6lpes inden for en samlet periode p\u00e5 45 dage fra den dato, hvor producenten, s\u00e6lgeren eller den autoriserede reparat\u00f8r modtager forbrugerens anmodning om afhj\u00e6lpning, skal s\u00e6lgeren gratis erstatte den mangelfulde vare med en identisk, ny og fejlfri vare. Hvis s\u00e6lgeren ikke reparerer eller erstatter varerne med nye varer inden for den periode, der er n\u00e6vnt i det foreg\u00e5ende afsnit, kan forbrugeren oph\u00e6ve aftalen eller anmode om et afslag i k\u00f8bsprisen.<\/p><p>S\u00e6lgeren skal udstede et nyt krav for de udskiftede varer eller en v\u00e6sentlig del af varerne, der erstattes af en ny. Forbrugerens rettigheder i henhold til denne artikel bortfalder efter to \u00e5r fra den dato, hvor forbrugeren anmodede om, at manglerne blev afhjulpet gratis, eller at varerne blev erstattet med nye.<\/p><ol start=\"9\"><li><strong>KLAGER<\/strong><\/li><\/ol><p>Alle produkter inspiceres f\u00f8r levering og sendes ubeskadigede.<\/p><p><strong>I TILF\u00c6LDE AF VORES FEJL<\/strong><\/p><p>I tilf\u00e6lde af at de leverede produkter ikke opfylder de bestilte produkters egenskaber eller specifikationer, skal du underrette os inden for 8 dage fra datoen for modtagelse af produktet. Returner venligst produkterne i den originale salgsemballage og i den stand, hvori du modtog dem. Vedl\u00e6g venligst en udfyldt returformular, som vi sender via e-mail p\u00e5 anmodning, med en kort beskrivelse af \u00e5rsagen til returneringen. Vi refunderer v\u00e6rdien af det returnerede produkt, eksklusive forsendelsesomkostninger, krediterer eller s\u00f8rger for at fremstille et nyt produkt.<\/p><ol start=\"10\"><li><strong>INFORMATION OM KLAGEPROCEDUREN<\/strong><\/li><\/ol><p>MLM Engineering Miha Flander s.p., Engineering, Cesta pod Rifnikom 23, 3230 \u0160entjur overholder den g\u00e6ldende lovgivning om forbrugerbeskyttelse og g\u00f8r alt for at opfylde sin pligt til at etablere et effektivt system til h\u00e5ndtering af klager.<\/p><p>Kunden kan indgive en klage p\u00e5 flere m\u00e5der, nemlig skriftligt, pr. e-mail info@shop.mlm-engineering.com og mundtligt til referat hos MLM Engineering Miha Flander s.p., Engineering, Cesta pod Rifnikom 23, 3230 \u0160entjur.<\/p><p>Det kompetente personale hos MLM Engineering Miha Flander s.p., Engineering, Cesta pod Rifnikom 23, 3230 \u0160entjur vil tage stilling til klagen s\u00e5 hurtigt som muligt eller senest 8 dage efter modtagelsen af al den dokumentation, der er n\u00f8dvendig for vurderingen. MLM Engineering Miha Flander s.p., Engineering vil sende et svar p\u00e5 klagen med de relevante forklaringer skriftligt til kundens kontaktadresse (i de fleste tilf\u00e6lde en e-mailadresse). Kunden har ret til at g\u00f8re indsigelse mod klagen. MLM Engineering Miha Flander s.p., Engineering vil sende en afg\u00f8relse om indsigelsen med passende forklaringer skriftligt til kundens kontaktadresse inden for 15 arbejdsdage. Afg\u00f8relsen fra MLM Engineering Miha Flander s.p., Engineering er dermed endelig, og den interne klageprocedure er afsluttet. I tilf\u00e6lde af at kunden ikke er tilfreds med resultatet af klagen, kan han\/hun anl\u00e6gge sag ved den kompetente domstol.<\/p><ol start=\"11\"><li><strong>KONFLIKTL\u00d8SNING<\/strong><\/li><\/ol><p>I tilf\u00e6lde af mangler ved forsendelsen eller de leverede varer skal k\u00f8ber f\u00f8rst kontakte s\u00e6lger direkte ved reklamation. S\u00e6lger skal derefter inden for rimelig tid, afh\u00e6ngigt af problemets art, svare K\u00f8ber ved at afvise eller bekr\u00e6fte reklamationen og tilbyde mulige l\u00f8sninger p\u00e5 problemet.<\/p><p>Hvis parterne ikke er i stand til at l\u00f8se tvisten ved gensidig aftale, har den kompetente domstol i Celje jurisdiktion.<\/p><p>I overensstemmelse med artikel 32 i loven om udenretslig tvistbil\u00e6ggelse (ZIsRPS) anerkender MLM Engineering Miha Flander s.p., Engineering, Cesta pod Rifnikom 23, 3230 \u0160entjur ikke IRPS-udbyderes kompetence til at l\u00f8se en forbrugertvist, som en k\u00f8ber kan indlede i overensstemmelse med denne lov. K\u00f8beren kan ogs\u00e5 indgive en klage p\u00e5 EU's onlineplatform til l\u00f8sning af forbrugertvister (ODRP). Online-linket til ODRP er tilg\u00e6ngeligt p\u00e5\u00a0<strong><u><a href=\"https:\/\/ec.europa.eu\/consumers\/odr\/main\/index.cfm?event=main.home.chooseLanguage\">Her.<\/a><\/u><\/strong><\/p><ol start=\"12\"><li><strong>TILG\u00c6NGELIGHED AF INFORMATION<\/strong><\/li><\/ol><p><strong>Vi forpligter os til at give kunden f\u00f8lgende oplysninger til enhver tid:<\/strong><\/p><ul><li>virksomhedens identitet (navn og hjemsted, registreringsnummer);<\/li><li>kontaktoplysninger, der g\u00f8r det muligt for brugeren at kommunikere hurtigt og effektivt (e-mail, telefon);<\/li><li>de v\u00e6sentlige egenskaber ved varerne eller tjenesterne (herunder eftersalgsservice og garantier);<\/li><li>den endelige pris for varen eller tjenesteydelsen, inklusive afgifter, eller den m\u00e5de, prisen beregnes p\u00e5, hvis den ikke kan beregnes p\u00e5 forh\u00e5nd p\u00e5 grund af varens eller tjenesteydelsens art;<\/li><li>produkttilg\u00e6ngelighed (alle produkter eller tjenester, der tilbydes p\u00e5 hjemmesiden, skal v\u00e6re tilg\u00e6ngelige inden for en rimelig tid);<\/li><li>betalingsbetingelser, betingelser for levering af produktet eller tjenesten (metode, sted og tidspunkt for levering);<\/li><li>oplysninger om eventuelle ekstra transport-, leverings- eller forsendelsesomkostninger, eller en advarsel om, at s\u00e5danne omkostninger kan opst\u00e5, hvis de ikke kan beregnes p\u00e5 forh\u00e5nd;<\/li><li>tilbuddets gyldighedsperiode;<\/li><li>vilk\u00e5r, betingelser, tidsfrister og procedurer i tilf\u00e6lde af fortrydelse af kontrakten; og om og hvor meget det koster at returnere varerne;<\/li><li>en forklaring af klageproceduren, herunder fuldst\u00e6ndige oplysninger om kontaktpersonen eller kundeservice;<\/li><li>Bevidsthed om ansvar for materialedefekter;<\/li><li>muligheden for og betingelserne for eftersalgsservice og frivillige garantier, hvor det er relevant;<\/li><li>oplysninger om det digitale indholds kompatibilitet med den hardware og software, som virksomheden er eller burde v\u00e6re bekendt med.<\/li><\/ul><p>Der kan forekomme fejl i udarbejdelsen af hjemmesiden, som er uden for vores kontrol, og som vi ikke kan holdes ansvarlige for. I tilf\u00e6lde af en v\u00e6sentlig variation i priser eller tekniske data, vil vi informere dig p\u00e5 tidspunktet for din bestilling.<\/p><ol start=\"13\"><li><strong>SIKKERHED<\/strong><\/li><\/ol><p>Det er sikkert at handle og betale online. Alle pengetransaktioner i onlinebutikken er beskyttet af SSL-protokollen (Secure Sockets Layer) og Secure Data Encryption-protokollen. For din sikkerheds skyld behandles alle betalinger med kreditkort i realtid med \u00f8jeblikkelig verificering af dine oplysninger hos bankerne.<\/p><p>Alle data, du giver os, er krypteret ved hj\u00e6lp af SSL-datakrypteringsteknologi. Datakrypteringsprocessen sikrer, at personlige data ikke kan opsnappes. Personoplysninger overf\u00f8res i krypteret form fra din computer til bankens autorisationsserver og gemmes ikke p\u00e5 udbyderens server. For at kontrollere, om din browser er i sikker tilstand, n\u00e5r du foretager en betaling, skal du kigge efter l\u00e5seikonet i det nederste hj\u00f8rne eller i slutningen af adresselinjen i din browser.<\/p><ol start=\"14\"><li><strong>ANSVAR OG INTELLEKTUEL EJENDOMSRET<\/strong><\/li><\/ol><p>N\u00e5r vi redigerer hjemmesiden, fors\u00f8ger vi at sikre, at oplysningerne er korrekte og opdaterede. Strafferetligt og civilretligt ansvar for faktuelle eller juridiske fejl i oplysningerne er dog udelukket, og vi er ikke ansvarlige for nogen direkte eller indirekte skade eller ulempe, der m\u00e5tte blive p\u00e5f\u00f8rt brugeren som f\u00f8lge af brugen af ukorrekte eller un\u00f8jagtige oplysninger, der m\u00e5tte fremg\u00e5 af denne hjemmeside.<\/p><p>Vi forbeholder os ret til at \u00e6ndre enhver information, der er inkluderet eller tilg\u00e6ngelig p\u00e5 denne hjemmeside til enhver tid uden forudg\u00e5ende varsel. Det indhold, der offentligg\u00f8res p\u00e5 denne hjemmeside, har ikke karakter af et officielt dokument, undtagen hvor det specifikt er angivet. Vi er heller ikke ansvarlige over for brugerne for eventuelle skader, der m\u00e5tte opst\u00e5 som f\u00f8lge af tekniske problemer eller manglende evne til at f\u00e5 adgang til eller bruge oplysningerne p\u00e5 eller fra webstedet.<\/p><p>Denne hjemmeside indeholder ogs\u00e5 links til andre hjemmesider tilh\u00f8rende juridiske og fysiske personer, for hvilke vi ikke p\u00e5tager os noget ansvar for indholdet, designet og opdateringen af disse hjemmesider eller for deres eventuelle politikker over for bes\u00f8gende p\u00e5 hjemmesiden.<\/p><p>Al tekst, billeder, grafik, animationer og andre dokumenter p\u00e5 hjemmesiden er, i det omfang loven tillader det, underlagt ophavsret eller andre former for beskyttelse af intellektuel ejendomsret. Indholdet af webstederne m\u00e5 ikke kopieres, distribueres, \u00e6ndres eller p\u00e5 anden m\u00e5de reproduceres p\u00e5 nogen m\u00e5de, undtagen med vores skriftlige samtykke.<\/p><p><strong>VIRKSOMHEDSOPLYSNINGER<\/strong><\/p><p>MLM Engineering Miha Flander s.p., Engineering<br \/>Vej under Rifnik 23, 3230 \u0160entjur<\/p><p>I tilf\u00e6lde af et bes\u00f8g i virksomhedens hovedkvarter, bedes du ringe til os p\u00e5 forh\u00e5nd! Tak skal du have!<\/p><p>Email:info@shop.mlm-engineering.com<br \/>Hjemmeside: https:\/\/shop.mlm-engineering.com\/<\/p>\t\t\t\t\t<\/div>\n\t\t\t\t\t\t<\/div>\n\t\t\t\t<\/div>\n\t\t\t\t\t\t<\/div>\n\t\t\t\t\t<\/div>\n\t\t<\/div>\n\t\t\t\t\t\t\t\t<\/div>\n\t\t\t\t\t<\/div>\n\t\t<\/section>\n\t\t\t\t\t\t\t\t\t<\/div>\n\t\t\t<\/div>\n\t\t\t\t\t<\/div>","protected":false},"excerpt":{"rendered":"<p>Splo\u0161ni pogoji SPLO\u0160NO Splo\u0161ni pogoji spletne strani\u00a0https:\/\/shop.mlm-engineering.com\/\u00a0( MLM Engineering Miha Flander s.p., In\u017einiring)\u00a0so sestavljeni v skladu z Zakonom o varstvu potro\u0161nikov (ZVPot), Zakonom o varstvu osebnih podatkov (ZVOP-1) ter Zakonom o elektronskih komunikacijah (ZEKom-1). S spletno stranjo\u00a0https:\/\/shop.mlm-engineering.com\/\u00a0upravlja podjetje MLM Engineering Miha Flander s.p., In\u017einiring, Cesta pod Rifnikom 23, 3230 \u0160entjur, Slovenija. Nakupovanje in naro\u010danje v [&hellip;]<\/p>","protected":false},"author":3,"featured_media":0,"parent":0,"menu_order":0,"comment_status":"closed","ping_status":"closed","template":"","meta":{"_seopress_robots_primary_cat":"","_seopress_titles_title":"","_seopress_titles_desc":"","_seopress_robots_index":""},"_links":{"self":[{"href":"https:\/\/shop.mlm-engineering.com\/da\/wp-json\/wp\/v2\/pages\/2195"}],"collection":[{"href":"https:\/\/shop.mlm-engineering.com\/da\/wp-json\/wp\/v2\/pages"}],"about":[{"href":"https:\/\/shop.mlm-engineering.com\/da\/wp-json\/wp\/v2\/types\/page"}],"author":[{"embeddable":true,"href":"https:\/\/shop.mlm-engineering.com\/da\/wp-json\/wp\/v2\/users\/3"}],"replies":[{"embeddable":true,"href":"https:\/\/shop.mlm-engineering.com\/da\/wp-json\/wp\/v2\/comments?post=2195"}],"version-history":[{"count":0,"href":"https:\/\/shop.mlm-engineering.com\/da\/wp-json\/wp\/v2\/pages\/2195\/revisions"}],"wp:attachment":[{"href":"https:\/\/shop.mlm-engineering.com\/da\/wp-json\/wp\/v2\/media?parent=2195"}],"curies":[{"name":"wp","href":"https:\/\/api.w.org\/{rel}","templated":true}]}}