{"id":2940,"date":"2022-06-29T09:41:37","date_gmt":"2022-06-29T09:41:37","guid":{"rendered":"https:\/\/shop.mlm-engineering.com\/?page_id=2940"},"modified":"2022-06-29T09:45:58","modified_gmt":"2022-06-29T09:45:58","slug":"dostava","status":"publish","type":"page","link":"https:\/\/shop.mlm-engineering.com\/cs\/dostava\/","title":{"rendered":"Dod\u00e1vka"},"content":{"rendered":"<div data-elementor-type=\"wp-page\" data-elementor-id=\"2940\" class=\"elementor elementor-2940\">\n\t\t\t\t\t\t<div class=\"elementor-inner\">\n\t\t\t\t<div class=\"elementor-section-wrap\">\n\t\t\t\t\t\t\t\t\t<section class=\"elementor-section elementor-top-section elementor-element elementor-element-676f2f3 elementor-section-boxed elementor-section-height-default elementor-section-height-default\" data-id=\"676f2f3\" data-element_type=\"section\" data-settings=\"{&quot;background_background&quot;:&quot;classic&quot;}\">\n\t\t\t\t\t\t<div class=\"elementor-container elementor-column-gap-default\">\n\t\t\t\t\t\t\t<div class=\"elementor-row\">\n\t\t\t\t\t<div class=\"elementor-column elementor-col-100 elementor-top-column elementor-element elementor-element-cda71a6\" data-id=\"cda71a6\" data-element_type=\"column\">\n\t\t\t<div class=\"elementor-column-wrap elementor-element-populated\">\n\t\t\t\t\t\t\t<div class=\"elementor-widget-wrap\">\n\t\t\t\t\t\t<div class=\"elementor-element elementor-element-53e4b40 elementor-widget elementor-widget-heading\" data-id=\"53e4b40\" data-element_type=\"widget\" data-widget_type=\"heading.default\">\n\t\t\t\t<div class=\"elementor-widget-container\">\n\t\t\t<h2 class=\"elementor-heading-title elementor-size-default\">Dod\u00e1vka<\/h2>\t\t<\/div>\n\t\t\t\t<\/div>\n\t\t\t\t<div class=\"elementor-element elementor-element-347831f elementor-widget elementor-widget-text-editor\" data-id=\"347831f\" data-element_type=\"widget\" data-widget_type=\"text-editor.default\">\n\t\t\t\t<div class=\"elementor-widget-container\">\n\t\t\t\t\t\t\t\t<div class=\"elementor-text-editor elementor-clearfix\">\n\t\t\t\t<p style=\"font-size: 15px; font-style: normal; font-weight: 400; margin-bottom: 1.6em; font-family: Poppins, sans-serif; font-variant-ligatures: normal; font-variant-caps: normal;\">Uchaze\u010d dod\u00e1 zbo\u017e\u00ed nebo slu\u017eby v dohodnut\u00e9m term\u00ednu.<\/p><p style=\"font-size: 15px; font-style: normal; font-weight: 400; margin-bottom: 1.6em; font-family: Poppins, sans-serif; font-variant-ligatures: normal; font-variant-caps: normal;\">Smluvn\u00edm partnerem pro doru\u010dov\u00e1n\u00ed z\u00e1silek je Po\u0161ta Slovenije, ale uchaze\u010d si vyhrazuje pr\u00e1vo zvolit jinou doru\u010dovac\u00ed slu\u017ebu, pokud to umo\u017en\u00ed efektivn\u011bj\u0161\u00ed vy\u0159\u00edzen\u00ed zak\u00e1zky.<\/p><p style=\"font-size: 15px; font-style: normal; font-weight: 400; margin-bottom: 1.6em; font-family: Poppins, sans-serif; font-variant-ligatures: normal; font-variant-caps: normal;\">Dod\u00e1vka a baln\u00e9 budou z\u00e1kazn\u00edkovi \u00fa\u010dtov\u00e1ny na konci objedn\u00e1vky jako nov\u00e1 polo\u017eka na faktu\u0159e. U objedn\u00e1vek nad ur\u010ditou hodnotu je baln\u00e9 a dod\u00e1n\u00ed zdarma.<\/p><p style=\"font-size: 15px; font-style: normal; font-weight: 400; margin-bottom: 1.6em; font-family: Poppins, sans-serif; font-variant-ligatures: normal; font-variant-caps: normal;\"><span style=\"font-size: 15px; font-weight: 700;\">Doba dod\u00e1n\u00ed<\/span><\/p><p style=\"font-size: 15px; font-style: normal; font-weight: 400; margin-bottom: 1.6em; font-family: Poppins, sans-serif; font-variant-ligatures: normal; font-variant-caps: normal;\">U produkt\u016f, kter\u00e9 jsou skladem, je dodac\u00ed lh\u016fta 5-7 pracovn\u00edch dn\u016f, obvykle se v\u0161ak odes\u00edlaj\u00ed je\u0161t\u011b t\u00fd\u017e den a doru\u010duj\u00ed n\u00e1sleduj\u00edc\u00ed pracovn\u00ed den. U produkt\u016f, kter\u00e9 nejsou skladem, je dodac\u00ed lh\u016fta a\u017e 15 pracovn\u00edch dn\u016f (obvykle do 7 dn\u016f) od p\u0159ijet\u00ed objedn\u00e1vky. V p\u0159\u00edpad\u011b del\u0161\u00ed dodac\u00ed lh\u016fty v\u00e1s budeme informovat e-mailem nebo telefonicky.<\/p>\t\t\t\t\t<\/div>\n\t\t\t\t\t\t<\/div>\n\t\t\t\t<\/div>\n\t\t\t\t\t\t<\/div>\n\t\t\t\t\t<\/div>\n\t\t<\/div>\n\t\t\t\t\t\t\t\t<\/div>\n\t\t\t\t\t<\/div>\n\t\t<\/section>\n\t\t\t\t\t\t\t\t\t<\/div>\n\t\t\t<\/div>\n\t\t\t\t\t<\/div>","protected":false},"excerpt":{"rendered":"<p>Dostava Ponudnik bo blago oziroma storitev dostavil v dogovorjenem roku. Pogodbeni partner za dostavo po\u0161iljk je Po\u0161ta Slovenije, vendar si ponudnik pridr\u017euje pravico izbrati drugo dostavno slu\u017ebo, \u010de bo s tem lahko naro\u010dilo izpolnil bolj u\u010dinkovito. Dostava in pakiranje se kupca zara\u010dunata ob koncu naro\u010dila kot nova postavka na ra\u010dunu. Za naro\u010dila nad dolo\u010deno vrednostjo [&hellip;]<\/p>","protected":false},"author":6,"featured_media":0,"parent":0,"menu_order":0,"comment_status":"closed","ping_status":"closed","template":"","meta":{"_seopress_robots_primary_cat":"","_seopress_titles_title":"","_seopress_titles_desc":"","_seopress_robots_index":""},"_links":{"self":[{"href":"https:\/\/shop.mlm-engineering.com\/cs\/wp-json\/wp\/v2\/pages\/2940"}],"collection":[{"href":"https:\/\/shop.mlm-engineering.com\/cs\/wp-json\/wp\/v2\/pages"}],"about":[{"href":"https:\/\/shop.mlm-engineering.com\/cs\/wp-json\/wp\/v2\/types\/page"}],"author":[{"embeddable":true,"href":"https:\/\/shop.mlm-engineering.com\/cs\/wp-json\/wp\/v2\/users\/6"}],"replies":[{"embeddable":true,"href":"https:\/\/shop.mlm-engineering.com\/cs\/wp-json\/wp\/v2\/comments?post=2940"}],"version-history":[{"count":0,"href":"https:\/\/shop.mlm-engineering.com\/cs\/wp-json\/wp\/v2\/pages\/2940\/revisions"}],"wp:attachment":[{"href":"https:\/\/shop.mlm-engineering.com\/cs\/wp-json\/wp\/v2\/media?parent=2940"}],"curies":[{"name":"wp","href":"https:\/\/api.w.org\/{rel}","templated":true}]}}