{"id":2209,"date":"2022-06-10T07:13:58","date_gmt":"2022-06-10T07:13:58","guid":{"rendered":"https:\/\/shop.mlm-engineering.com\/?page_id=2209"},"modified":"2022-06-29T09:41:26","modified_gmt":"2022-06-29T09:41:26","slug":"politika-zasebnosti","status":"publish","type":"page","link":"https:\/\/shop.mlm-engineering.com\/cs\/politika-zasebnosti\/","title":{"rendered":"Z\u00e1sady ochrany osobn\u00edch \u00fadaj\u016f"},"content":{"rendered":"<div data-elementor-type=\"wp-page\" data-elementor-id=\"2209\" class=\"elementor elementor-2209\">\n\t\t\t\t\t\t<div class=\"elementor-inner\">\n\t\t\t\t<div class=\"elementor-section-wrap\">\n\t\t\t\t\t\t\t\t\t<section class=\"elementor-section elementor-top-section elementor-element elementor-element-676f2f3 elementor-section-boxed elementor-section-height-default elementor-section-height-default\" data-id=\"676f2f3\" data-element_type=\"section\" data-settings=\"{&quot;background_background&quot;:&quot;classic&quot;}\">\n\t\t\t\t\t\t<div class=\"elementor-container elementor-column-gap-default\">\n\t\t\t\t\t\t\t<div class=\"elementor-row\">\n\t\t\t\t\t<div class=\"elementor-column elementor-col-100 elementor-top-column elementor-element elementor-element-cda71a6\" data-id=\"cda71a6\" data-element_type=\"column\">\n\t\t\t<div class=\"elementor-column-wrap elementor-element-populated\">\n\t\t\t\t\t\t\t<div class=\"elementor-widget-wrap\">\n\t\t\t\t\t\t<div class=\"elementor-element elementor-element-53e4b40 elementor-widget elementor-widget-heading\" data-id=\"53e4b40\" data-element_type=\"widget\" data-widget_type=\"heading.default\">\n\t\t\t\t<div class=\"elementor-widget-container\">\n\t\t\t<h2 class=\"elementor-heading-title elementor-size-default\">Z\u00e1sady ochrany osobn\u00edch \u00fadaj\u016f<\/h2>\t\t<\/div>\n\t\t\t\t<\/div>\n\t\t\t\t<div class=\"elementor-element elementor-element-cfd40ef elementor-widget elementor-widget-text-editor\" data-id=\"cfd40ef\" data-element_type=\"widget\" data-widget_type=\"text-editor.default\">\n\t\t\t\t<div class=\"elementor-widget-container\">\n\t\t\t\t\t\t\t\t<div class=\"elementor-text-editor elementor-clearfix\">\n\t\t\t\t<ol><li><strong>CO POT\u0158EBUJEME<\/strong><\/li><\/ol><div class=\"elementor-element elementor-element-53e4b40 elementor-widget elementor-widget-heading\" data-id=\"53e4b40\" data-element_type=\"widget\" data-widget_type=\"heading.default\"><div class=\"elementor-widget-container\"><h2 class=\"elementor-heading-title elementor-size-default\">Z\u00e1sady ochrany osobn\u00edch \u00fadaj\u016f<\/h2><\/div><\/div><div class=\"elementor-element elementor-element-cfd40ef elementor-widget elementor-widget-text-editor\" data-id=\"cfd40ef\" data-element_type=\"widget\" data-widget_type=\"text-editor.default\"><div class=\"elementor-widget-container\"><div class=\"elementor-text-editor elementor-clearfix\"><ol><li><strong>CO POT\u0158EBUJEME<\/strong><\/li><\/ol><p>Na\u0161e z\u00e1sady ochrany osobn\u00edch \u00fadaj\u016f upravuj\u00ed pou\u017e\u00edv\u00e1n\u00ed a ukl\u00e1d\u00e1n\u00ed osobn\u00edch \u00fadaj\u016f. Na\u0161e z\u00e1sady ochrany osobn\u00edch \u00fadaj\u016f si m\u016f\u017eete prohl\u00e9dnout na str\u00e1nce Ozn\u00e1men\u00ed o ochran\u011b osobn\u00edch \u00fadaj\u016f (p\u0159ilo\u017eeno n\u00ed\u017ee). Spole\u010dnost MLM ENGINEERING MIHA FLANDER S.P., ENGINEERING, CESTA POD RIFNIKOM 23 , 3230 \u0160ENTJUR je spr\u00e1vcem osobn\u00edch \u00fadaj\u016f, kter\u00e9 poskytuje (subjekt \u00fadaj\u016f: vy, z\u00e1kazn\u00edk, n\u00e1v\u0161t\u011bvn\u00edk atd.). Shroma\u017e\u010fujeme n\u00e1sleduj\u00edc\u00ed typy osobn\u00edch \u00fadaj\u016f:<\/p><ul><li>E-mailov\u00e1 adresa;<\/li><li>Jm\u00e9no, adresa, e-mailov\u00e1 adresa a telefonn\u00ed \u010d\u00edslo;<\/li><li>Platebn\u00ed \u00fadaje, jako jsou \u00fadaje o kreditn\u00ed nebo debetn\u00ed kart\u011b, Paypal a dal\u0161\u00ed platebn\u00ed metody;<\/li><li>Kopie doklad\u016f toto\u017enosti potvrzuj\u00edc\u00ed spr\u00e1vnost osobn\u00edch \u00fadaj\u016f;<\/li><li>Soubory cookie;<\/li><li>Google Analytics a sledov\u00e1n\u00ed n\u00e1v\u0161t\u011bv spole\u010dnost\u00ed Yandex a Cloudflare;<\/li><li>Odkazy na osobn\u00ed profily v soci\u00e1ln\u00edch skupin\u00e1ch.<\/li><\/ul><p>Ka\u017ed\u00fd typ osobn\u00edch \u00fadaj\u016f je z\u00edsk\u00e1v\u00e1n na z\u00e1klad\u011b nezbytnosti a se samostatn\u00fdm souhlasem.<\/p><ol start=\"2\"><li><strong>PRO\u010c JE POT\u0158EBUJEME<\/strong><\/li><\/ol><p>Va\u0161e osobn\u00ed \u00fadaje pot\u0159ebujeme pro n\u00e1sleduj\u00edc\u00ed slu\u017eby:<\/p><ol><li><ol><li>E-mailov\u00e1 adresa pro odpov\u011bdi na va\u0161e e-maily nebo zpr\u00e1vy zaslan\u00e9 prost\u0159ednictv\u00edm kontaktn\u00edch formul\u00e1\u0159\u016f;<\/li><li>E-mailov\u00e1 adresa pro zas\u00edl\u00e1n\u00ed nab\u00eddek a zpravodaj\u016f;<\/li><li>Jm\u00e9no, adresa, e-mailov\u00e1 adresa a telefonn\u00ed \u010d\u00edslo pro \u00fa\u010dely p\u0159ij\u00edm\u00e1n\u00ed rezervac\u00ed, dotaz\u016f a zas\u00edl\u00e1n\u00ed nab\u00eddek nebo v souvislosti s pln\u011bn\u00edm va\u0161ich dal\u0161\u00edch po\u017eadavk\u016f;<\/li><li>Jm\u00e9no, adresa, e-mailov\u00e1 adresa a telefonn\u00ed \u010d\u00edslo pro n\u00e1kup d\u00e1rkov\u00fdch poukaz\u016f, pouk\u00e1zek nebo slu\u017eeb a zbo\u017e\u00ed v souvislosti s na\u0161\u00ed nab\u00eddkou;<\/li><li>\u00dadaje o platebn\u00edch prost\u0159edc\u00edch a kopie doklad\u016f toto\u017enosti pro poskytov\u00e1n\u00ed slu\u017eeb;<\/li><li>E-mailov\u00e1 adresa pro automatizovan\u00fd marketing (potvrzen\u00ed rezervace, pod\u011bkov\u00e1n\u00ed atd.);<\/li><li>Soubory cookie pro provoz webov\u00fdch str\u00e1nek;<\/li><li>Komunikace prost\u0159ednictv\u00edm soci\u00e1ln\u00edch skupin s osobn\u00edmi profily, kter\u00e9 potvrzuj\u00ed va\u0161e spojen\u00ed s n\u00e1mi;<\/li><li>Jm\u00e9no, adresa, e-mailov\u00e1 adresa a telefonn\u00ed \u010d\u00edslo pro p\u0159\u00edle\u017eitostn\u00e9 loterie nebo jin\u00e9 propaga\u010dn\u00ed akce s va\u0161\u00edm p\u0159edchoz\u00edm souhlasem;<\/li><li>Agregovan\u00e1 data ze slu\u017eby Google Analytics nebo Yandex Direct a Cloudflare pro sledov\u00e1n\u00ed n\u00e1v\u0161t\u011bv a intern\u00ed anal\u00fdzu za \u00fa\u010delem zlep\u0161en\u00ed obsahu.<\/li><\/ol><\/li><\/ol><p>\u00a0<\/p><ol><li><strong>CO D\u011aL\u00c1ME S OSOBN\u00cdMI \u00daDAJI<\/strong><\/li><\/ol><p>Va\u0161e osobn\u00ed \u00fadaje zpracov\u00e1v\u00e1 spole\u010dnost MLM ENGINEERING MIHA FLANDER S.P., ENGINEERING, CESTA POD RIFNIKOM 23 , 3230 \u0160ENTJUR, kter\u00e1 se nach\u00e1z\u00ed ve Slovinsku. \u00dadaje jsou um\u00edst\u011bny a ulo\u017eeny na adrese https:\/\/mlm-engineering.com\/, kter\u00e1 se nach\u00e1z\u00ed v Evropsk\u00e9 unii (N\u011bmecko). K va\u0161im \u00fadaj\u016fm nem\u00e1 p\u0159\u00edstup \u017e\u00e1dn\u00fd poskytovatel - t\u0159et\u00ed strana, pokud to nevy\u017eaduje z\u00e1kon.<\/p><ol start=\"4\"><li><strong>JAK DLOUHO JSOU UCHOV\u00c1V\u00c1NY<\/strong><\/li><\/ol><p>Na na\u0161ich webov\u00fdch str\u00e1nk\u00e1ch pou\u017e\u00edv\u00e1me trval\u00e9 soubory cookie k propojen\u00ed se soci\u00e1ln\u00edmi slu\u017ebami a dal\u0161\u00edmi poskytovateli \"sd\u00edlen\u00ed\" a soubory cookie, kter\u00e9 v\u00e1m umo\u017e\u0148uj\u00ed opakovan\u00fd p\u0159\u00edstup k obl\u00edben\u00e9mu obsahu na na\u0161ich webov\u00fdch str\u00e1nk\u00e1ch.<\/p><ol start=\"5\"><li><strong>JAK\u00c1 JSOU VA\u0160E PR\u00c1VA<\/strong><\/li><\/ol><p>Pokud se domn\u00edv\u00e1te, \u017ee osobn\u00ed \u00fadaje, kter\u00e9 o v\u00e1s uchov\u00e1v\u00e1me, jsou nespr\u00e1vn\u00e9 nebo ne\u00fapln\u00e9, m\u00e1te mo\u017enost podat \u017e\u00e1dost o p\u0159ezkoum\u00e1n\u00ed, opravu nebo vymaz\u00e1n\u00ed t\u011bchto \u00fadaj\u016f. Kontaktujte n\u00e1s pros\u00edm prost\u0159ednictv\u00edm (Formul\u00e1\u0159 \u017e\u00e1dosti o p\u0159\u00edstup k \u00fadaj\u016fm). Pokud si chcete st\u011b\u017eovat na to, jak jsme zpracov\u00e1vali va\u0161e osobn\u00ed \u00fadaje, obra\u0165te se pros\u00edm na pov\u011b\u0159ence pro ochranu osobn\u00edch \u00fadaj\u016f nebo kontaktn\u00ed osobu pro ochranu osobn\u00edch \u00fadaj\u016f (DPC) na adrese info@mlm-engineering.com\/ nebo p\u00edsemn\u011b na adresu MLM ENGINEERING MIHA FLANDER S.P., ENGINEERING, CESTA POD RIFNIKOM 23 , 3230 \u0160ENTJUR. Na\u0161e DPC n\u00e1sledn\u011b va\u0161i st\u00ed\u017enost pro\u0161et\u0159\u00ed a bude v\u00e1s informovat o \u0159e\u0161en\u00ed z\u00e1le\u017eitosti. Pokud se p\u0159esto domn\u00edv\u00e1te, \u017ee va\u0161e osobn\u00ed \u00fadaje nebyly zpracov\u00e1ny \u0159\u00e1dn\u011b v souladu se z\u00e1konem, m\u016f\u017eete se obr\u00e1tit na informa\u010dn\u00edho komisa\u0159e a podat u n\u011bj st\u00ed\u017enost. O p\u0159\u00edstup k z\u00e1sad\u00e1m a dokument\u016fm souvisej\u00edc\u00edm s ochranou osobn\u00edch \u00fadaj\u016f m\u016f\u017eete po\u017e\u00e1dat prost\u0159ednictv\u00edm zvl\u00e1\u0161tn\u00edho formul\u00e1\u0159e, kter\u00fd naleznete na str\u00e1nce Ozn\u00e1men\u00ed o ochran\u011b osobn\u00edch \u00fadaj\u016f.\u00a0<strong>Souvisej\u00edc\u00ed dokumenty:<\/strong><\/p><ul><li>Z\u00e1sady ochrany osobn\u00edch \u00fadaj\u016f<\/li><li>Z\u00e1sady uchov\u00e1v\u00e1n\u00ed osobn\u00edch \u00fadaj\u016f (na vy\u017e\u00e1d\u00e1n\u00ed e-mailem nebo osobn\u011b)<\/li><li>Harmonogram uchov\u00e1v\u00e1n\u00ed osobn\u00edch \u00fadaj\u016f (na vy\u017e\u00e1d\u00e1n\u00ed e-mailem nebo osobn\u011b)<\/li><li>Ozn\u00e1men\u00ed o ochran\u011b osobn\u00edch \u00fadaj\u016f<\/li><li>V\u0161eobecn\u00e9 podm\u00ednky<\/li><li>Formul\u00e1\u0159 souhlasu<\/li><li>Formul\u00e1\u0159 pro odvol\u00e1n\u00ed souhlasu<\/li><\/ul><p>\u0160ENTJUR, 10.6.2022, Ver. Dokument: 1.0<\/p><\/div><\/div><\/div>\t\t\t\t\t<\/div>\n\t\t\t\t\t\t<\/div>\n\t\t\t\t<\/div>\n\t\t\t\t\t\t<\/div>\n\t\t\t\t\t<\/div>\n\t\t<\/div>\n\t\t\t\t\t\t\t\t<\/div>\n\t\t\t\t\t<\/div>\n\t\t<\/section>\n\t\t\t\t\t\t\t\t\t<\/div>\n\t\t\t<\/div>\n\t\t\t\t\t<\/div>","protected":false},"excerpt":{"rendered":"<p>Politika zasebnosti KAJ POTREBUJEMO Politika zasebnosti KAJ POTREBUJEMO Na\u0161a politika varovanja osebnih podatkov ureja uporabo in shranjevanje podatkov. Politiko varovanja osebnih podatkov si lahko ogledate na strani Obvestilo o zasebnosti (priloga spodaj). MLM ENGINEERING MIHA FLANDER S.P., IN\u017dINIRING, CESTA POD RIFNIKOM 23 , 3230 \u0160ENTJUR je upravljalec osebnih podatkov, ki jih posreduje (subjekt podatkov: vi, [&hellip;]<\/p>","protected":false},"author":3,"featured_media":0,"parent":0,"menu_order":0,"comment_status":"closed","ping_status":"closed","template":"","meta":{"_seopress_robots_primary_cat":"","_seopress_titles_title":"","_seopress_titles_desc":"","_seopress_robots_index":""},"_links":{"self":[{"href":"https:\/\/shop.mlm-engineering.com\/cs\/wp-json\/wp\/v2\/pages\/2209"}],"collection":[{"href":"https:\/\/shop.mlm-engineering.com\/cs\/wp-json\/wp\/v2\/pages"}],"about":[{"href":"https:\/\/shop.mlm-engineering.com\/cs\/wp-json\/wp\/v2\/types\/page"}],"author":[{"embeddable":true,"href":"https:\/\/shop.mlm-engineering.com\/cs\/wp-json\/wp\/v2\/users\/3"}],"replies":[{"embeddable":true,"href":"https:\/\/shop.mlm-engineering.com\/cs\/wp-json\/wp\/v2\/comments?post=2209"}],"version-history":[{"count":0,"href":"https:\/\/shop.mlm-engineering.com\/cs\/wp-json\/wp\/v2\/pages\/2209\/revisions"}],"wp:attachment":[{"href":"https:\/\/shop.mlm-engineering.com\/cs\/wp-json\/wp\/v2\/media?parent=2209"}],"curies":[{"name":"wp","href":"https:\/\/api.w.org\/{rel}","templated":true}]}}