{"id":2940,"date":"2022-06-29T09:41:37","date_gmt":"2022-06-29T09:41:37","guid":{"rendered":"https:\/\/shop.mlm-engineering.com\/?page_id=2940"},"modified":"2022-06-29T09:45:58","modified_gmt":"2022-06-29T09:45:58","slug":"dostava","status":"publish","type":"page","link":"https:\/\/shop.mlm-engineering.com\/bg\/dostava\/","title":{"rendered":"\u0414\u043e\u0441\u0442\u0430\u0432\u043a\u0430"},"content":{"rendered":"<div data-elementor-type=\"wp-page\" data-elementor-id=\"2940\" class=\"elementor elementor-2940\">\n\t\t\t\t\t\t<div class=\"elementor-inner\">\n\t\t\t\t<div class=\"elementor-section-wrap\">\n\t\t\t\t\t\t\t\t\t<section class=\"elementor-section elementor-top-section elementor-element elementor-element-676f2f3 elementor-section-boxed elementor-section-height-default elementor-section-height-default\" data-id=\"676f2f3\" data-element_type=\"section\" data-settings=\"{&quot;background_background&quot;:&quot;classic&quot;}\">\n\t\t\t\t\t\t<div class=\"elementor-container elementor-column-gap-default\">\n\t\t\t\t\t\t\t<div class=\"elementor-row\">\n\t\t\t\t\t<div class=\"elementor-column elementor-col-100 elementor-top-column elementor-element elementor-element-cda71a6\" data-id=\"cda71a6\" data-element_type=\"column\">\n\t\t\t<div class=\"elementor-column-wrap elementor-element-populated\">\n\t\t\t\t\t\t\t<div class=\"elementor-widget-wrap\">\n\t\t\t\t\t\t<div class=\"elementor-element elementor-element-53e4b40 elementor-widget elementor-widget-heading\" data-id=\"53e4b40\" data-element_type=\"widget\" data-widget_type=\"heading.default\">\n\t\t\t\t<div class=\"elementor-widget-container\">\n\t\t\t<h2 class=\"elementor-heading-title elementor-size-default\">\u0414\u043e\u0441\u0442\u0430\u0432\u043a\u0430<\/h2>\t\t<\/div>\n\t\t\t\t<\/div>\n\t\t\t\t<div class=\"elementor-element elementor-element-347831f elementor-widget elementor-widget-text-editor\" data-id=\"347831f\" data-element_type=\"widget\" data-widget_type=\"text-editor.default\">\n\t\t\t\t<div class=\"elementor-widget-container\">\n\t\t\t\t\t\t\t\t<div class=\"elementor-text-editor elementor-clearfix\">\n\t\t\t\t<p style=\"font-size: 15px; font-style: normal; font-weight: 400; margin-bottom: 1.6em; font-family: Poppins, sans-serif; font-variant-ligatures: normal; font-variant-caps: normal;\">\u041e\u0444\u0435\u0440\u0435\u043d\u0442\u044a\u0442 \u0449\u0435 \u0434\u043e\u0441\u0442\u0430\u0432\u0438 \u0441\u0442\u043e\u043a\u0438\u0442\u0435 \u0438\u043b\u0438 \u0443\u0441\u043b\u0443\u0433\u0438\u0442\u0435 \u0432 \u0440\u0430\u043c\u043a\u0438\u0442\u0435 \u043d\u0430 \u0434\u043e\u0433\u043e\u0432\u043e\u0440\u0435\u043d\u0438\u044f \u0441\u0440\u043e\u043a.<\/p><p style=\"font-size: 15px; font-style: normal; font-weight: 400; margin-bottom: 1.6em; font-family: Poppins, sans-serif; font-variant-ligatures: normal; font-variant-caps: normal;\">\u0414\u043e\u0433\u043e\u0432\u043e\u0440\u043d\u0438\u044f\u0442 \u043f\u0430\u0440\u0442\u043d\u044c\u043e\u0440 \u0437\u0430 \u0434\u043e\u0441\u0442\u0430\u0432\u043a\u0430 \u043d\u0430 \u043f\u0440\u0430\u0442\u043a\u0438\u0442\u0435 \u0435 Po\u0161ta Slovenije, \u043d\u043e \u043e\u0444\u0435\u0440\u0435\u043d\u0442\u044a\u0442 \u0441\u0438 \u0437\u0430\u043f\u0430\u0437\u0432\u0430 \u043f\u0440\u0430\u0432\u043e\u0442\u043e \u0434\u0430 \u0438\u0437\u0431\u0435\u0440\u0435 \u0434\u0440\u0443\u0433\u0430 \u0443\u0441\u043b\u0443\u0433\u0430 \u0437\u0430 \u0434\u043e\u0441\u0442\u0430\u0432\u043a\u0430, \u0430\u043a\u043e \u0442\u043e\u0432\u0430 \u0449\u0435 \u043f\u043e\u0437\u0432\u043e\u043b\u0438 \u043f\u043e-\u0435\u0444\u0435\u043a\u0442\u0438\u0432\u043d\u043e \u0438\u0437\u043f\u044a\u043b\u043d\u0435\u043d\u0438\u0435 \u043d\u0430 \u043f\u043e\u0440\u044a\u0447\u043a\u0430\u0442\u0430.<\/p><p style=\"font-size: 15px; font-style: normal; font-weight: 400; margin-bottom: 1.6em; font-family: Poppins, sans-serif; font-variant-ligatures: normal; font-variant-caps: normal;\">\u0414\u043e\u0441\u0442\u0430\u0432\u043a\u0430\u0442\u0430 \u0438 \u043e\u043f\u0430\u043a\u043e\u0432\u043a\u0430\u0442\u0430 \u0441\u0435 \u043d\u0430\u0447\u0438\u0441\u043b\u044f\u0432\u0430\u0442 \u043d\u0430 \u043a\u043b\u0438\u0435\u043d\u0442\u0430 \u0432 \u043a\u0440\u0430\u044f \u043d\u0430 \u043f\u043e\u0440\u044a\u0447\u043a\u0430\u0442\u0430 \u043a\u0430\u0442\u043e \u043d\u043e\u0432\u0430 \u043f\u043e\u0437\u0438\u0446\u0438\u044f \u0432\u044a\u0432 \u0444\u0430\u043a\u0442\u0443\u0440\u0430\u0442\u0430. \u0417\u0430 \u043f\u043e\u0440\u044a\u0447\u043a\u0438 \u043d\u0430\u0434 \u043e\u043f\u0440\u0435\u0434\u0435\u043b\u0435\u043d\u0430 \u0441\u0442\u043e\u0439\u043d\u043e\u0441\u0442 \u043e\u043f\u0430\u043a\u043e\u0432\u043a\u0430\u0442\u0430 \u0438 \u0434\u043e\u0441\u0442\u0430\u0432\u043a\u0430\u0442\u0430 \u0441\u0430 \u0431\u0435\u0437\u043f\u043b\u0430\u0442\u043d\u0438.<\/p><p style=\"font-size: 15px; font-style: normal; font-weight: 400; margin-bottom: 1.6em; font-family: Poppins, sans-serif; font-variant-ligatures: normal; font-variant-caps: normal;\"><span style=\"font-size: 15px; font-weight: 700;\">\u0412\u0440\u0435\u043c\u0435 \u0437\u0430 \u0434\u043e\u0441\u0442\u0430\u0432\u043a\u0430<\/span><\/p><p style=\"font-size: 15px; font-style: normal; font-weight: 400; margin-bottom: 1.6em; font-family: Poppins, sans-serif; font-variant-ligatures: normal; font-variant-caps: normal;\">\u0414\u043e\u0441\u0442\u0430\u0432\u043a\u0430\u0442\u0430 \u043d\u0430 \u043f\u0440\u043e\u0434\u0443\u043a\u0442\u0438, \u043a\u043e\u0438\u0442\u043e \u0441\u0430 \u043d\u0430 \u0441\u043a\u043b\u0430\u0434, \u0435 5-7 \u0440\u0430\u0431\u043e\u0442\u043d\u0438 \u0434\u043d\u0438, \u043d\u043e \u043e\u0431\u0438\u043a\u043d\u043e\u0432\u0435\u043d\u043e \u0441\u0435 \u0438\u0437\u043f\u0440\u0430\u0449\u0430\u0442 \u0432 \u0441\u044a\u0449\u0438\u044f \u0434\u0435\u043d \u0438 \u0441\u0435 \u0434\u043e\u0441\u0442\u0430\u0432\u044f\u0442 \u043d\u0430 \u0441\u043b\u0435\u0434\u0432\u0430\u0449\u0438\u044f \u0440\u0430\u0431\u043e\u0442\u0435\u043d \u0434\u0435\u043d. \u0417\u0430 \u043f\u0440\u043e\u0434\u0443\u043a\u0442\u0438, \u043a\u043e\u0438\u0442\u043e \u043d\u0435 \u0441\u0430 \u043d\u0430\u043b\u0438\u0447\u043d\u0438 \u043d\u0430 \u0441\u043a\u043b\u0430\u0434, \u0441\u0440\u043e\u043a\u044a\u0442 \u0437\u0430 \u0434\u043e\u0441\u0442\u0430\u0432\u043a\u0430 \u0435 \u0434\u043e 15 \u0440\u0430\u0431\u043e\u0442\u043d\u0438 \u0434\u043d\u0438 (\u043e\u0431\u0438\u043a\u043d\u043e\u0432\u0435\u043d\u043e \u0434\u043e 7 \u0434\u043d\u0438) \u0441\u043b\u0435\u0434 \u043f\u043e\u043b\u0443\u0447\u0430\u0432\u0430\u043d\u0435 \u043d\u0430 \u043f\u043e\u0440\u044a\u0447\u043a\u0430\u0442\u0430. \u0412 \u0441\u043b\u0443\u0447\u0430\u0439 \u043d\u0430 \u043f\u043e-\u0434\u044a\u043b\u044a\u0433 \u0441\u0440\u043e\u043a \u043d\u0430 \u0434\u043e\u0441\u0442\u0430\u0432\u043a\u0430 \u0449\u0435 \u0432\u0438 \u0438\u043d\u0444\u043e\u0440\u043c\u0438\u0440\u0430\u043c\u0435 \u0437\u0430 \u043d\u0435\u0433\u043e \u043f\u043e \u0438\u043c\u0435\u0439\u043b \u0438\u043b\u0438 \u043f\u043e \u0442\u0435\u043b\u0435\u0444\u043e\u043d\u0430.<\/p>\t\t\t\t\t<\/div>\n\t\t\t\t\t\t<\/div>\n\t\t\t\t<\/div>\n\t\t\t\t\t\t<\/div>\n\t\t\t\t\t<\/div>\n\t\t<\/div>\n\t\t\t\t\t\t\t\t<\/div>\n\t\t\t\t\t<\/div>\n\t\t<\/section>\n\t\t\t\t\t\t\t\t\t<\/div>\n\t\t\t<\/div>\n\t\t\t\t\t<\/div>","protected":false},"excerpt":{"rendered":"<p>Dostava Ponudnik bo blago oziroma storitev dostavil v dogovorjenem roku. Pogodbeni partner za dostavo po\u0161iljk je Po\u0161ta Slovenije, vendar si ponudnik pridr\u017euje pravico izbrati drugo dostavno slu\u017ebo, \u010de bo s tem lahko naro\u010dilo izpolnil bolj u\u010dinkovito. Dostava in pakiranje se kupca zara\u010dunata ob koncu naro\u010dila kot nova postavka na ra\u010dunu. Za naro\u010dila nad dolo\u010deno vrednostjo [&hellip;]<\/p>","protected":false},"author":6,"featured_media":0,"parent":0,"menu_order":0,"comment_status":"closed","ping_status":"closed","template":"","meta":{"_seopress_robots_primary_cat":"","_seopress_titles_title":"","_seopress_titles_desc":"","_seopress_robots_index":""},"_links":{"self":[{"href":"https:\/\/shop.mlm-engineering.com\/bg\/wp-json\/wp\/v2\/pages\/2940"}],"collection":[{"href":"https:\/\/shop.mlm-engineering.com\/bg\/wp-json\/wp\/v2\/pages"}],"about":[{"href":"https:\/\/shop.mlm-engineering.com\/bg\/wp-json\/wp\/v2\/types\/page"}],"author":[{"embeddable":true,"href":"https:\/\/shop.mlm-engineering.com\/bg\/wp-json\/wp\/v2\/users\/6"}],"replies":[{"embeddable":true,"href":"https:\/\/shop.mlm-engineering.com\/bg\/wp-json\/wp\/v2\/comments?post=2940"}],"version-history":[{"count":0,"href":"https:\/\/shop.mlm-engineering.com\/bg\/wp-json\/wp\/v2\/pages\/2940\/revisions"}],"wp:attachment":[{"href":"https:\/\/shop.mlm-engineering.com\/bg\/wp-json\/wp\/v2\/media?parent=2940"}],"curies":[{"name":"wp","href":"https:\/\/api.w.org\/{rel}","templated":true}]}}